{"id":9425,"date":"2025-04-17T22:56:07","date_gmt":"2025-04-17T19:56:07","guid":{"rendered":"https:\/\/www.ewela.co\/?post_type=product&#038;p=9425"},"modified":"2025-11-26T10:19:20","modified_gmt":"2025-11-26T07:19:20","slug":"bergamot-ucucu-yagi","status":"publish","type":"product","link":"https:\/\/www.ewela.co\/tr\/urun\/bergamot-ucucu-yagi\/","title":{"rendered":"BERGAMOT U\u00c7UCU YA\u011eI (%100 Do\u011fal)"},"content":{"rendered":"<p>Narenciye t\u00fcrlerinden biridir. Tek ba\u015f\u0131na dahi di\u011fer kokular\u0131 bast\u0131rabilecek \u00e7ok g\u00fc\u00e7l\u00fc bir kokuya sahiptir. Ya\u011fl\u0131 ve sivilceye meyilli ciltlerde, leke problemlerinde faydal\u0131d\u0131r. Aromaterapide, canland\u0131r\u0131c\u0131, enerji verici, \u00f6zg\u00fcven artt\u0131r\u0131c\u0131 etkilerinden faydalan\u0131l\u0131r.<\/p>\n<p>Bergamot meyve kabu\u011fundan so\u011fuk s\u0131k\u0131m-ayr\u0131\u015fma y\u00f6ntemi ile elde edilmi\u015ftir.<\/p>\n<p>Neredeyse olgunla\u015fm\u0131\u015f bergamot meyvesinin kabu\u011fundan elde edilen ya\u011f, orta kuvvette bir turun\u00e7gil, taze, hafif \u00e7i\u00e7eksi ve tatl\u0131 bir aromaya sahiptir ve en iyi koku notalar\u0131ndan birini sunar. Bergamot esansiyel ya\u011f\u0131 hem canland\u0131r\u0131c\u0131 hem de sakinle\u015ftirici \u00f6zelli\u011fi nedeniyle narenciye ya\u011flar\u0131 aras\u0131nda benzersizdir. Sakinle\u015ftirici bir etkiye sahipken ayn\u0131 zamanda cildi ar\u0131nd\u0131rabilir ve temizlenmesine destek sa\u011flayabilir.<\/p>\n<p>\u00dcr\u00fcn\u00fcn Kullan\u0131m \u015eekli: 30 ml so\u011fuk s\u0131k\u0131m ta\u015f\u0131y\u0131c\u0131 (baz) ya\u011f i\u00e7erisine 5-6 damla damlat\u0131p kar\u0131\u015ft\u0131r\u0131n. Cilt bak\u0131m\u0131n\u0131z i\u00e7in v\u00fccudunuza masaj yaparak uygulay\u0131n.<\/p>\n<p>Uyar\u0131lar: Kullanmadan \u00f6nce olas\u0131 istenmeyen yan etkiler ve tahri\u015fi \u00f6nlemek ad\u0131na cildinizin ufak bir k\u0131sm\u0131na \u00fcr\u00fcn\u00fc uygulay\u0131n\u0131z, hassasiyet olu\u015fmuyorsa \u00fcr\u00fcn\u00fc kullanmaya devam ediniz. Uygulama sonras\u0131nda hassasiyet olu\u015fmas\u0131 durumunda \u00fcr\u00fcn kullan\u0131m\u0131n\u0131 b\u0131rak\u0131n\u0131z. G\u00f6zle temas\u0131ndan ka\u00e7\u0131n\u0131n\u0131z. Serin ve kuru ortamda saklay\u0131n\u0131z.<\/p>\n<p>\u00dcr\u00fcnlerimiz ila\u00e7 de\u011fildir. Sa\u011fl\u0131k problemleriniz i\u00e7in doktorunuza dan\u0131\u015f\u0131n\u0131z.<\/p>\n","protected":false},"excerpt":{"rendered":"<p>Citrus Bergamia Peel Oil (Bergamot U\u00e7ucu Ya\u011f\u0131)<\/p>\n<p>%100 Saf ve Do\u011fald\u0131r.<\/p>\n","protected":false},"featured_media":10114,"template":"","meta":{"_acf_changed":false},"product_brand":[],"product_cat":[1188],"product_tag":[],"class_list":{"0":"post-9425","1":"product","2":"type-product","3":"status-publish","4":"has-post-thumbnail","6":"product_cat-tabiat","8":"first","9":"instock","10":"sale","11":"taxable","12":"shipping-taxable","13":"purchasable","14":"product-type-simple"},"acf":[],"_links":{"self":[{"href":"https:\/\/www.ewela.co\/tr\/wp-json\/wp\/v2\/product\/9425","targetHints":{"allow":["GET"]}}],"collection":[{"href":"https:\/\/www.ewela.co\/tr\/wp-json\/wp\/v2\/product"}],"about":[{"href":"https:\/\/www.ewela.co\/tr\/wp-json\/wp\/v2\/types\/product"}],"wp:featuredmedia":[{"embeddable":true,"href":"https:\/\/www.ewela.co\/tr\/wp-json\/wp\/v2\/media\/10114"}],"wp:attachment":[{"href":"https:\/\/www.ewela.co\/tr\/wp-json\/wp\/v2\/media?parent=9425"}],"wp:term":[{"taxonomy":"product_brand","embeddable":true,"href":"https:\/\/www.ewela.co\/tr\/wp-json\/wp\/v2\/product_brand?post=9425"},{"taxonomy":"product_cat","embeddable":true,"href":"https:\/\/www.ewela.co\/tr\/wp-json\/wp\/v2\/product_cat?post=9425"},{"taxonomy":"product_tag","embeddable":true,"href":"https:\/\/www.ewela.co\/tr\/wp-json\/wp\/v2\/product_tag?post=9425"}],"curies":[{"name":"wp","href":"https:\/\/api.w.org\/{rel}","templated":true}]}}