{"id":9420,"date":"2025-04-17T22:54:11","date_gmt":"2025-04-17T19:54:11","guid":{"rendered":"https:\/\/www.ewela.co\/?post_type=product&#038;p=9420"},"modified":"2025-11-26T10:13:50","modified_gmt":"2025-11-26T07:13:50","slug":"lavanta-ucucu-yagi-0-dogal","status":"publish","type":"product","link":"https:\/\/www.ewela.co\/tr\/urun\/lavanta-ucucu-yagi-0-dogal\/","title":{"rendered":"LAVANTA U\u00c7UCU YA\u011eI (%100 Do\u011fal)"},"content":{"rendered":"<p>Hassas veya ya\u011fl\u0131 ciltler i\u00e7in uygundur. Lavanta kokusu dengeleyici, rahatlat\u0131c\u0131, yat\u0131\u015ft\u0131r\u0131c\u0131d\u0131r. Sebum \u00fcretimini dengeler. Cildi temizler, sakinle\u015ftirir. Sivilce ve akne olu\u015fturan etkenlere kar\u015f\u0131 cildin korunmas\u0131na destek olur. Sa\u00e7 derisinin sa\u011fl\u0131\u011f\u0131nda \u00f6nemli rol oynar. Ha\u015ferelerin do\u011fal yolla uzakla\u015fmas\u0131n\u0131 sa\u011flar.<\/p>\n<p>Lavanta bitkisinin \u00e7i\u00e7ek k\u0131sm\u0131ndan distilasyon y\u00f6ntemi ile elde edilmi\u015ftir.<\/p>\n<p>Lavanta Ya\u011f\u0131, sakinle\u015ftirici ve gev\u015fetici \u00f6zellikleri sayesinde evinizin olmazsa olmazlar\u0131 aras\u0131ndad\u0131r. Lavanta ya\u011f\u0131, benzersiz aromas\u0131 ve say\u0131s\u0131z faydas\u0131 nedeniyle y\u00fczy\u0131llard\u0131r sevilen ve kullan\u0131lan ya\u011flardan biri olmu\u015ftur. Latince \u201clavare\u201d kelimesinden t\u00fcretilen ve \u201cy\u0131kamak\u201d anlam\u0131na gelen lavanta, g\u00fc\u00e7l\u00fc \u00f6zellikleri sayesinde Antik Roma d\u00f6neminde banyo rit\u00fcellerinde kullan\u0131lm\u0131\u015ft\u0131r.<\/p>\n<p>\u00dcr\u00fcn\u00fcn Kullan\u0131m \u015eekli: 30 ml so\u011fuk s\u0131k\u0131m ta\u015f\u0131y\u0131c\u0131 (baz) ya\u011f i\u00e7erisine 5-6 damla damlat\u0131p kar\u0131\u015ft\u0131r\u0131n. Cilt bak\u0131m\u0131 i\u00e7in y\u00fcz\u00fcn\u00fcze ve v\u00fccudunuza masaj yaparak uygulay\u0131n.<\/p>\n<p>Uyar\u0131lar: Kullanmadan \u00f6nce olas\u0131 istenmeyen yan etkiler ve tahri\u015fi \u00f6nlemek ad\u0131na cildinizin ufak bir k\u0131sm\u0131na \u00fcr\u00fcn\u00fc uygulay\u0131n\u0131z, hassasiyet olu\u015fmuyorsa \u00fcr\u00fcn\u00fc kullanmaya devam ediniz. Uygulama sonras\u0131nda hassasiyet olu\u015fmas\u0131 durumunda \u00fcr\u00fcn kullan\u0131m\u0131n\u0131 b\u0131rak\u0131n\u0131z. G\u00f6zle temas\u0131ndan ka\u00e7\u0131n\u0131n\u0131z. Serin ve kuru ortamda saklay\u0131n\u0131z.<\/p>\n<p>\u00dcr\u00fcnlerimiz ila\u00e7 de\u011fildir. Sa\u011fl\u0131k problemleriniz i\u00e7in doktorunuza dan\u0131\u015f\u0131n\u0131z.<\/p>\n","protected":false},"excerpt":{"rendered":"<p>Lavandula Angustifolia Oil (Lavanta U\u00e7ucu Ya\u011f\u0131)<\/p>\n<p>%100 Saf ve Do\u011fald\u0131r.<\/p>\n","protected":false},"featured_media":10122,"template":"","meta":{"_acf_changed":false},"product_brand":[],"product_cat":[1188],"product_tag":[],"class_list":{"0":"post-9420","1":"product","2":"type-product","3":"status-publish","4":"has-post-thumbnail","6":"product_cat-tabiat","8":"first","9":"instock","10":"sale","11":"taxable","12":"shipping-taxable","13":"purchasable","14":"product-type-simple"},"acf":[],"_links":{"self":[{"href":"https:\/\/www.ewela.co\/tr\/wp-json\/wp\/v2\/product\/9420","targetHints":{"allow":["GET"]}}],"collection":[{"href":"https:\/\/www.ewela.co\/tr\/wp-json\/wp\/v2\/product"}],"about":[{"href":"https:\/\/www.ewela.co\/tr\/wp-json\/wp\/v2\/types\/product"}],"wp:featuredmedia":[{"embeddable":true,"href":"https:\/\/www.ewela.co\/tr\/wp-json\/wp\/v2\/media\/10122"}],"wp:attachment":[{"href":"https:\/\/www.ewela.co\/tr\/wp-json\/wp\/v2\/media?parent=9420"}],"wp:term":[{"taxonomy":"product_brand","embeddable":true,"href":"https:\/\/www.ewela.co\/tr\/wp-json\/wp\/v2\/product_brand?post=9420"},{"taxonomy":"product_cat","embeddable":true,"href":"https:\/\/www.ewela.co\/tr\/wp-json\/wp\/v2\/product_cat?post=9420"},{"taxonomy":"product_tag","embeddable":true,"href":"https:\/\/www.ewela.co\/tr\/wp-json\/wp\/v2\/product_tag?post=9420"}],"curies":[{"name":"wp","href":"https:\/\/api.w.org\/{rel}","templated":true}]}}