{"id":9415,"date":"2025-04-17T22:52:31","date_gmt":"2025-04-17T19:52:31","guid":{"rendered":"https:\/\/www.ewela.co\/?post_type=product&#038;p=9415"},"modified":"2025-11-26T10:16:29","modified_gmt":"2025-11-26T07:16:29","slug":"itir-ucucu-yagi-0-dogal","status":"publish","type":"product","link":"https:\/\/www.ewela.co\/tr\/urun\/itir-ucucu-yagi-0-dogal\/","title":{"rendered":"ITIR U\u00c7UCU YA\u011eI (%100 Do\u011fal)"},"content":{"rendered":"<p>Kozmetik ve parf\u00fcm sekt\u00f6r\u00fcn\u00fcn en \u00e7ok kullan\u0131lan ya\u011flar\u0131ndan biridir. M\u0131s\u0131rl\u0131lar d\u00f6neminde cilt sa\u011fl\u0131\u011f\u0131 ve deri hastal\u0131klar\u0131nda s\u0131kl\u0131kla kullan\u0131lm\u0131\u015ft\u0131r. Sebum dengeleyici \u00f6zelli\u011fiyle ya\u011fl\u0131 ve siyah noktal\u0131 ciltlerde kullan\u0131labilir. Aromaterapide, halsizlik, kronik yorgunluk gibi durumlarda kullan\u0131lmaktad\u0131r. Evcil hayvanlar\u0131nda da kullan\u0131labilen, bir\u00e7ok ha\u015fereye birden etkili, do\u011fal bir ha\u015fere kovucudur.<\/p>\n<p>It\u0131r bitkisinden distilasyon y\u00f6ntemi ile elde edilmi\u015ftir.<\/p>\n<p>It\u0131r u\u00e7ucu ya\u011f\u0131, \u00e7e\u015fitli g\u00fczelle\u015ftirici ama\u00e7larla sa\u011fl\u0131kl\u0131, parlak bir cilt ve sa\u00e7\u0131 desteklerken, tatl\u0131, \u00e7i\u00e7eksi bir aroma sa\u011flar. \u00c7i\u00e7ek t\u00fcrlerinden Pelargonium cinsinin bir \u00fcyesi olan \u0131t\u0131r, g\u00fczellikleri i\u00e7in ve parf\u00fcm end\u00fcstrisinin temel bir par\u00e7as\u0131 olarak yeti\u015ftirilmektedir. 200\u2019den fazla farkl\u0131 Pelargonium \u00e7i\u00e7e\u011fi \u00e7e\u015fidi varken, sadece birka\u00e7\u0131 u\u00e7ucu ya\u011f olarak kullan\u0131lmaktad\u0131r. It\u0131r esansiyel ya\u011f\u0131n\u0131n kullan\u0131m\u0131, M\u0131s\u0131rl\u0131lar\u0131n cildi g\u00fczelle\u015ftirmek ve di\u011fer faydalar i\u00e7in It\u0131r ya\u011f\u0131n\u0131 kulland\u0131klar\u0131 eski M\u0131s\u0131r\u2019a kadar uzanmaktad\u0131r.<\/p>\n<p>\u00dcr\u00fcn\u00fcn Kullan\u0131m \u015eekli: 30 ml so\u011fuk s\u0131k\u0131m ta\u015f\u0131y\u0131c\u0131 (baz) ya\u011f i\u00e7erisine 5-6 damla damlat\u0131p kar\u0131\u015ft\u0131r\u0131n. Cilt bak\u0131m\u0131n\u0131z i\u00e7in v\u00fccudunuza masaj yaparak uygulay\u0131n.<\/p>\n<p>Uyar\u0131lar: Kullanmadan \u00f6nce olas\u0131 istenmeyen yan etkiler ve tahri\u015fi \u00f6nlemek ad\u0131na cildinizin ufak bir k\u0131sm\u0131na \u00fcr\u00fcn\u00fc uygulay\u0131n\u0131z, hassasiyet olu\u015fmuyorsa \u00fcr\u00fcn\u00fc kullanmaya devam ediniz. Uygulama sonras\u0131nda hassasiyet olu\u015fmas\u0131 durumunda \u00fcr\u00fcn kullan\u0131m\u0131n\u0131 b\u0131rak\u0131n\u0131z. G\u00f6zle temas\u0131ndan ka\u00e7\u0131n\u0131n\u0131z. Serin ve kuru ortamda saklay\u0131n\u0131z.<\/p>\n<p>\u00dcr\u00fcnlerimiz ila\u00e7 de\u011fildir. Sa\u011fl\u0131k problemleriniz i\u00e7in doktorunuza dan\u0131\u015f\u0131n\u0131z.<\/p>\n","protected":false},"excerpt":{"rendered":"<p>Pelargonium Graveolens Oil (It\u0131r U\u00e7ucu Ya\u011f\u0131)<\/p>\n<p>%100 Saf ve Do\u011fald\u0131r.<\/p>\n","protected":false},"featured_media":10120,"template":"","meta":{"_acf_changed":false},"product_brand":[],"product_cat":[1188],"product_tag":[],"class_list":{"0":"post-9415","1":"product","2":"type-product","3":"status-publish","4":"has-post-thumbnail","6":"product_cat-tabiat","8":"first","9":"instock","10":"sale","11":"taxable","12":"shipping-taxable","13":"purchasable","14":"product-type-simple"},"acf":[],"_links":{"self":[{"href":"https:\/\/www.ewela.co\/tr\/wp-json\/wp\/v2\/product\/9415","targetHints":{"allow":["GET"]}}],"collection":[{"href":"https:\/\/www.ewela.co\/tr\/wp-json\/wp\/v2\/product"}],"about":[{"href":"https:\/\/www.ewela.co\/tr\/wp-json\/wp\/v2\/types\/product"}],"wp:featuredmedia":[{"embeddable":true,"href":"https:\/\/www.ewela.co\/tr\/wp-json\/wp\/v2\/media\/10120"}],"wp:attachment":[{"href":"https:\/\/www.ewela.co\/tr\/wp-json\/wp\/v2\/media?parent=9415"}],"wp:term":[{"taxonomy":"product_brand","embeddable":true,"href":"https:\/\/www.ewela.co\/tr\/wp-json\/wp\/v2\/product_brand?post=9415"},{"taxonomy":"product_cat","embeddable":true,"href":"https:\/\/www.ewela.co\/tr\/wp-json\/wp\/v2\/product_cat?post=9415"},{"taxonomy":"product_tag","embeddable":true,"href":"https:\/\/www.ewela.co\/tr\/wp-json\/wp\/v2\/product_tag?post=9415"}],"curies":[{"name":"wp","href":"https:\/\/api.w.org\/{rel}","templated":true}]}}