{"id":9410,"date":"2025-04-17T22:50:43","date_gmt":"2025-04-17T19:50:43","guid":{"rendered":"https:\/\/www.ewela.co\/?post_type=product&#038;p=9410"},"modified":"2025-06-14T00:08:10","modified_gmt":"2025-06-13T21:08:10","slug":"nioli-ucucu-yagi-0-dogal","status":"publish","type":"product","link":"https:\/\/www.ewela.co\/tr\/urun\/nioli-ucucu-yagi-0-dogal\/","title":{"rendered":"N\u0130OL\u0130 U\u00c7UCU YA\u011eI (%100 Do\u011fal)"},"content":{"rendered":"<p>Cilt ve sa\u00e7 bak\u0131m\u0131nda Nioli U\u00e7ucu Ya\u011f\u0131, ar\u0131nd\u0131r\u0131c\u0131 etkisi ile bilinmektedir. Antiseptik \u00f6zelli\u011fi ile dikkat \u00e7eker. Sebum dengesinin korunmas\u0131na katk\u0131 sa\u011flar ve ya\u011flanmay\u0131 engeller.<\/p>\n<p>Nioli ya\u011f\u0131 a\u011fac\u0131n dallar\u0131 ve yapraklar\u0131n\u0131n su buhar\u0131 distilasyonuyla elde edilerek \u00fcretilir.<\/p>\n<p>Bulundu\u011funuz ortamdaki b\u00f6cek ve sinekleri uzak tutmak i\u00e7in spreylerde ve dif\u00fcz\u00f6rlerde\/buhurdanl\u0131klarda kullan\u0131labilir. Genital floray\u0131 d\u00fczenlemeye yard\u0131mc\u0131 olabilir. Ka\u015f\u0131nt\u0131, ak\u0131nt\u0131, k\u00f6t\u00fc koku gibi durumlar i\u00e7in destek sa\u011flayabilir. Bunun i\u00e7in i\u00e7 \u00e7ama\u015f\u0131r\u0131n\u0131za 1-2 damla damlatabilirsiniz.<\/p>\n<p>\u00dcr\u00fcn\u00fcn Kullan\u0131m \u015eekli: 30 ml so\u011fuk s\u0131k\u0131m ta\u015f\u0131y\u0131c\u0131 (baz) ya\u011f i\u00e7erisine 5-6 damla damlat\u0131p kar\u0131\u015ft\u0131r\u0131n. Cilt bak\u0131m\u0131 i\u00e7in y\u00fcz\u00fcn\u00fcze ve v\u00fccudunuza masaj yaparak uygulay\u0131n. Genital floray\u0131 d\u00fczenlemek i\u00e7 \u00e7ama\u015f\u0131r\u0131n\u0131za 1-2 damla damlatabilirsiniz.<\/p>\n<p>Uyar\u0131lar: Kullanmadan \u00f6nce olas\u0131 istenmeyen yan etkiler ve tahri\u015fi \u00f6nlemek ad\u0131na cildinizin ufak bir k\u0131sm\u0131na \u00fcr\u00fcn\u00fc uygulay\u0131n\u0131z, hassasiyet olu\u015fmuyorsa \u00fcr\u00fcn\u00fc kullanmaya devam ediniz. Uygulama sonras\u0131nda hassasiyet olu\u015fmas\u0131 durumunda \u00fcr\u00fcn kullan\u0131m\u0131n\u0131 b\u0131rak\u0131n\u0131z. G\u00f6zle temas\u0131ndan ka\u00e7\u0131n\u0131n\u0131z. Serin ve kuru ortamda saklay\u0131n\u0131z.<\/p>\n<p>\u00dcr\u00fcnlerimiz ila\u00e7 de\u011fildir. Sa\u011fl\u0131k problemleriniz i\u00e7in doktorunuza dan\u0131\u015f\u0131n\u0131z.<\/p>\n","protected":false},"excerpt":{"rendered":"<p>Melaleuca Viridiflora Leaf Oil (Nioli U\u00e7ucu Ya\u011f\u0131)<\/p>\n<p>%100 Saf ve Do\u011fald\u0131r.<\/p>\n","protected":false},"featured_media":10124,"template":"","meta":{"_acf_changed":false},"product_brand":[],"product_cat":[1188],"product_tag":[],"class_list":{"0":"post-9410","1":"product","2":"type-product","3":"status-publish","4":"has-post-thumbnail","6":"product_cat-tabiat","8":"first","9":"instock","10":"taxable","11":"shipping-taxable","12":"purchasable","13":"product-type-simple"},"acf":[],"_links":{"self":[{"href":"https:\/\/www.ewela.co\/tr\/wp-json\/wp\/v2\/product\/9410","targetHints":{"allow":["GET"]}}],"collection":[{"href":"https:\/\/www.ewela.co\/tr\/wp-json\/wp\/v2\/product"}],"about":[{"href":"https:\/\/www.ewela.co\/tr\/wp-json\/wp\/v2\/types\/product"}],"wp:featuredmedia":[{"embeddable":true,"href":"https:\/\/www.ewela.co\/tr\/wp-json\/wp\/v2\/media\/10124"}],"wp:attachment":[{"href":"https:\/\/www.ewela.co\/tr\/wp-json\/wp\/v2\/media?parent=9410"}],"wp:term":[{"taxonomy":"product_brand","embeddable":true,"href":"https:\/\/www.ewela.co\/tr\/wp-json\/wp\/v2\/product_brand?post=9410"},{"taxonomy":"product_cat","embeddable":true,"href":"https:\/\/www.ewela.co\/tr\/wp-json\/wp\/v2\/product_cat?post=9410"},{"taxonomy":"product_tag","embeddable":true,"href":"https:\/\/www.ewela.co\/tr\/wp-json\/wp\/v2\/product_tag?post=9410"}],"curies":[{"name":"wp","href":"https:\/\/api.w.org\/{rel}","templated":true}]}}