{"id":9405,"date":"2025-04-17T22:48:50","date_gmt":"2025-04-17T19:48:50","guid":{"rendered":"https:\/\/www.ewela.co\/?post_type=product&#038;p=9405"},"modified":"2025-11-26T10:19:48","modified_gmt":"2025-11-26T07:19:48","slug":"cay-agaci-ucucu-yagi-0-dogal","status":"publish","type":"product","link":"https:\/\/www.ewela.co\/tr\/urun\/cay-agaci-ucucu-yagi-0-dogal\/","title":{"rendered":"\u00c7AY A\u011eACI U\u00c7UCU YA\u011eI (%100 Do\u011fal)"},"content":{"rendered":"<p>Sivilce olu\u015fumuna sebep olan etkenlere kar\u015f\u0131 cilde destek olur. Ayak sa\u011fl\u0131\u011f\u0131nda ve k\u00f6t\u00fc kokular\u0131n\u0131n giderilmesinde do\u011fal bir temizleyici ve antiperspirantt\u0131r. G\u00f6zenek s\u0131k\u0131la\u015ft\u0131rma ve siyah noktalar\u0131n azalt\u0131lmas\u0131nda etkilidir.<\/p>\n<p>\u00c7ay a\u011fac\u0131 bitkisinin yaprak k\u0131sm\u0131ndan distilasyon y\u00f6ntemi ile elde edilmi\u015ftir.<\/p>\n<p>\u00c7ok y\u00f6nl\u00fcl\u00fck s\u00f6z konusu oldu\u011funda, \u00c7ay A\u011fac\u0131 U\u00e7ucu Ya\u011f\u0131, genellikle \u00e7ok \u00e7e\u015fitli ortamlarda kullan\u0131m sunan, her \u015feye uyan bir ya\u011f olarak g\u00f6r\u00fcl\u00fcr. Avustralya\u2019ya \u00f6zg\u00fc olan bu son derece sayg\u0131n u\u00e7ucu ya\u011f, bir\u00e7ok ar\u0131nd\u0131rma ve temizleme \u00f6zelli\u011fine sahiptir, bu da onu topikal, dif\u00fczyon ve ev kullan\u0131m\u0131 i\u00e7in m\u00fckemmel bir se\u00e7enek haline getirir.<\/p>\n<p>\u00dcr\u00fcn\u00fcn Kullan\u0131m \u015eekli: 30 ml so\u011fuk s\u0131k\u0131m ta\u015f\u0131y\u0131c\u0131 (baz) ya\u011f i\u00e7erisine 5-6 damla damlat\u0131p kar\u0131\u015ft\u0131r\u0131n. Cilt bak\u0131m\u0131 i\u00e7in y\u00fcz\u00fcn\u00fcze ve v\u00fccudunuza masaj yaparak uygulay\u0131n. Sa\u00e7 bak\u0131m\u0131 i\u00e7in sa\u00e7 diplerine ve u\u00e7lar\u0131na masaj yaparak uygulay\u0131n, 15 dakika bekledikten sonra durulay\u0131n.<\/p>\n<p>Uyar\u0131lar: Sadece harici kullan\u0131m i\u00e7indir. Kullanmadan \u00f6nce olas\u0131 istenmeyen yan etkiler ve tahri\u015fi \u00f6nlemek ad\u0131na cildinizin ufak bir k\u0131sm\u0131na \u00fcr\u00fcn\u00fc uygulay\u0131n\u0131z, hassasiyet olu\u015fmuyorsa \u00fcr\u00fcn\u00fc kullanmaya devam ediniz. Uygulama sonras\u0131nda hassasiyet olu\u015fmas\u0131 durumunda \u00fcr\u00fcn kullan\u0131m\u0131n\u0131 b\u0131rak\u0131n\u0131z. G\u00f6zle temas\u0131ndan ka\u00e7\u0131n\u0131n\u0131z. Serin ve kuru ortamda saklay\u0131n\u0131z.<\/p>\n<p>\u00dcr\u00fcnlerimiz ila\u00e7 de\u011fildir. Sa\u011fl\u0131k problemleriniz i\u00e7in doktorunuza dan\u0131\u015f\u0131n\u0131z.<\/p>\n<p><strong>\u00a0<\/strong><\/p>\n","protected":false},"excerpt":{"rendered":"<p>Melaleuca Alternifolia Leaf Oil (\u00c7ay A\u011fac\u0131 U\u00e7ucu Ya\u011f\u0131)<\/p>\n<p>%100 Saf ve Do\u011fald\u0131r.<\/p>\n","protected":false},"featured_media":10118,"template":"","meta":{"_acf_changed":false},"product_brand":[],"product_cat":[1188],"product_tag":[],"class_list":{"0":"post-9405","1":"product","2":"type-product","3":"status-publish","4":"has-post-thumbnail","6":"product_cat-tabiat","8":"first","9":"instock","10":"sale","11":"taxable","12":"shipping-taxable","13":"purchasable","14":"product-type-simple"},"acf":[],"_links":{"self":[{"href":"https:\/\/www.ewela.co\/tr\/wp-json\/wp\/v2\/product\/9405","targetHints":{"allow":["GET"]}}],"collection":[{"href":"https:\/\/www.ewela.co\/tr\/wp-json\/wp\/v2\/product"}],"about":[{"href":"https:\/\/www.ewela.co\/tr\/wp-json\/wp\/v2\/types\/product"}],"wp:featuredmedia":[{"embeddable":true,"href":"https:\/\/www.ewela.co\/tr\/wp-json\/wp\/v2\/media\/10118"}],"wp:attachment":[{"href":"https:\/\/www.ewela.co\/tr\/wp-json\/wp\/v2\/media?parent=9405"}],"wp:term":[{"taxonomy":"product_brand","embeddable":true,"href":"https:\/\/www.ewela.co\/tr\/wp-json\/wp\/v2\/product_brand?post=9405"},{"taxonomy":"product_cat","embeddable":true,"href":"https:\/\/www.ewela.co\/tr\/wp-json\/wp\/v2\/product_cat?post=9405"},{"taxonomy":"product_tag","embeddable":true,"href":"https:\/\/www.ewela.co\/tr\/wp-json\/wp\/v2\/product_tag?post=9405"}],"curies":[{"name":"wp","href":"https:\/\/api.w.org\/{rel}","templated":true}]}}