{"id":9400,"date":"2025-04-17T22:46:25","date_gmt":"2025-04-17T19:46:25","guid":{"rendered":"https:\/\/www.ewela.co\/?post_type=product&#038;p=9400"},"modified":"2025-11-26T10:19:33","modified_gmt":"2025-11-26T07:19:33","slug":"biberiye-ucucu-yagi-0-dogal","status":"publish","type":"product","link":"https:\/\/www.ewela.co\/tr\/urun\/biberiye-ucucu-yagi-0-dogal\/","title":{"rendered":"B\u0130BER\u0130YE U\u00c7UCU YA\u011eI (%100 Do\u011fal)"},"content":{"rendered":"<p>Ya\u011fl\u0131 ve g\u00f6zenekli ciltlerde etkilidir. Sivilce ve akneye yatk\u0131n ciltlere y\u00f6nelik \u00fcr\u00fcnlerde kullan\u0131m\u0131 yayg\u0131nd\u0131r. Sa\u00e7 ve sa\u00e7 derisinin sa\u011fl\u0131k kazanmas\u0131na, canlanmas\u0131na yard\u0131mc\u0131 olur. Aromaterapide odaklanma ve konsantrasyonu artt\u0131rmaya yard\u0131mc\u0131 olarak kullan\u0131l\u0131r.<\/p>\n<p>Biberiye bitkisinin yapraklar\u0131ndan distilasyon y\u00f6ntemi ile elde edilmi\u015ftir.<\/p>\n<p>Biberiye U\u00e7ucu Ya\u011f\u0131 g\u00fc\u00e7l\u00fc otsu, hafif odunsu, balzamik aromaya sahiptir ve \u00fcst-orta koku notas\u0131 sunar.<\/p>\n<p>Uzmanlar taraf\u0131ndan uzun s\u00fcredir sayg\u0131 duyulan Biberiye, eski Yunan, Roma, M\u0131s\u0131r ve \u0130brani k\u00fclt\u00fcrleri taraf\u0131ndan kutsal kabul ediliyordu. Biberiye ya\u011f\u0131n\u0131n otsu enerji verici kokusu aromaterapide s\u0131kl\u0131kla kullan\u0131lmaktad\u0131r. Dahili olarak al\u0131nd\u0131\u011f\u0131nda gerginli\u011fi ve ara s\u0131ra yorgunlu\u011fu azaltmaya yard\u0131mc\u0131 olabilir.<\/p>\n<p>\u00dcr\u00fcn\u00fcn Kullan\u0131m \u015eekli: 30 ml so\u011fuk s\u0131k\u0131m ta\u015f\u0131y\u0131c\u0131 (baz) ya\u011f i\u00e7erisine 4-5 damla damlat\u0131p kar\u0131\u015ft\u0131r\u0131n. Cilt bak\u0131m\u0131 i\u00e7in y\u00fcz\u00fcn\u00fcze ve v\u00fccudunuza masaj yaparak uygulay\u0131n. Sa\u00e7 bak\u0131m\u0131 i\u00e7in; ta\u015f\u0131y\u0131c\u0131 ya\u011f i\u00e7erisine eklenerek sa\u00e7 diplerine ve u\u00e7lar\u0131na masaj yaparak uygulay\u0131n, 15 dakika bekledikten sonra durulay\u0131n.<\/p>\n<p>Uyar\u0131lar: Kullanmadan \u00f6nce olas\u0131 istenmeyen yan etkiler ve tahri\u015fi \u00f6nlemek ad\u0131na cildinizin ufak bir k\u0131sm\u0131na \u00fcr\u00fcn\u00fc uygulay\u0131n\u0131z, hassasiyet olu\u015fmuyorsa \u00fcr\u00fcn\u00fc kullanmaya devam ediniz. Uygulama sonras\u0131nda hassasiyet olu\u015fmas\u0131 durumunda \u00fcr\u00fcn kullan\u0131m\u0131n\u0131 b\u0131rak\u0131n\u0131z. G\u00f6zle temas\u0131ndan ka\u00e7\u0131n\u0131n\u0131z. Serin ve kuru ortamda saklay\u0131n\u0131z.<\/p>\n<p>\u00dcr\u00fcnlerimiz ila\u00e7 de\u011fildir. Sa\u011fl\u0131k problemleriniz i\u00e7in doktorunuza dan\u0131\u015f\u0131n\u0131z.<\/p>\n","protected":false},"excerpt":{"rendered":"<p>Rosmarinus Officinalis Leaf Oil (Biberiye U\u00e7ucu Ya\u011f\u0131)<\/p>\n<p>%100 Saf ve Do\u011fald\u0131r.<\/p>\n","protected":false},"featured_media":10116,"template":"","meta":{"_acf_changed":false},"product_brand":[],"product_cat":[1188],"product_tag":[],"class_list":{"0":"post-9400","1":"product","2":"type-product","3":"status-publish","4":"has-post-thumbnail","6":"product_cat-tabiat","8":"first","9":"instock","10":"sale","11":"taxable","12":"shipping-taxable","13":"purchasable","14":"product-type-simple"},"acf":[],"_links":{"self":[{"href":"https:\/\/www.ewela.co\/tr\/wp-json\/wp\/v2\/product\/9400","targetHints":{"allow":["GET"]}}],"collection":[{"href":"https:\/\/www.ewela.co\/tr\/wp-json\/wp\/v2\/product"}],"about":[{"href":"https:\/\/www.ewela.co\/tr\/wp-json\/wp\/v2\/types\/product"}],"wp:featuredmedia":[{"embeddable":true,"href":"https:\/\/www.ewela.co\/tr\/wp-json\/wp\/v2\/media\/10116"}],"wp:attachment":[{"href":"https:\/\/www.ewela.co\/tr\/wp-json\/wp\/v2\/media?parent=9400"}],"wp:term":[{"taxonomy":"product_brand","embeddable":true,"href":"https:\/\/www.ewela.co\/tr\/wp-json\/wp\/v2\/product_brand?post=9400"},{"taxonomy":"product_cat","embeddable":true,"href":"https:\/\/www.ewela.co\/tr\/wp-json\/wp\/v2\/product_cat?post=9400"},{"taxonomy":"product_tag","embeddable":true,"href":"https:\/\/www.ewela.co\/tr\/wp-json\/wp\/v2\/product_tag?post=9400"}],"curies":[{"name":"wp","href":"https:\/\/api.w.org\/{rel}","templated":true}]}}