{"id":9393,"date":"2025-04-17T22:43:17","date_gmt":"2025-04-17T19:43:17","guid":{"rendered":"https:\/\/www.ewela.co\/?post_type=product&#038;p=9393"},"modified":"2025-11-26T10:18:19","modified_gmt":"2025-11-26T07:18:19","slug":"intim-bakim-serumu-0-dogal","status":"publish","type":"product","link":"https:\/\/www.ewela.co\/tr\/urun\/intim-bakim-serumu-0-dogal\/","title":{"rendered":"\u0130NT\u0130M BAKIM SERUMU (%100 Do\u011fal)"},"content":{"rendered":"<p>Su buhar\u0131 distilasyonu ve So\u011fuk s\u0131k\u0131m ekstraksiyon y\u00f6ntemleri sayesinde tamamen do\u011fal olarak \u00fcretilen u\u00e7ucu ve sabit ya\u011flar ile geli\u015ftirilmi\u015ftir.<\/p>\n<p>D\u0131\u015f genital b\u00f6lgenin bak\u0131m\u0131 i\u00e7in \u00f6zenle se\u00e7ilmi\u015f zengin i\u00e7erikli ya\u011flardan olu\u015fan kar\u0131\u015f\u0131md\u0131r. Hassas b\u00f6lgelerde kullan\u0131lmas\u0131 uygun olan sabit ve u\u00e7ucu ya\u011flar\u0131 i\u00e7erir. Kimyasal hi\u00e7bir katk\u0131 bulunmamaktad\u0131r.<\/p>\n<p>Koku, ka\u015f\u0131nt\u0131, ak\u0131nt\u0131 gibi sorunlara kar\u015f\u0131 etki g\u00f6stermesi hedeflenir.<\/p>\n<p>Cildi d\u0131\u015f etmenlere kar\u015f\u0131 korur, nemlendirir.<\/p>\n<p>AKT\u0130F \u0130\u00c7ER\u0130K :<\/p>\n<p>Nioli U\u00e7ucu Ya\u011f\u0131<\/p>\n<p>T\u0131bbi Lavanta U\u00e7ucu Ya\u011f\u0131<\/p>\n<p>It\u0131r U\u00e7ucu Ya\u011f\u0131<\/p>\n<p>Tatl\u0131 Badem Ya\u011f\u0131<\/p>\n<p>Jojoba Ya\u011f\u0131<\/p>\n<p>KULLANIMI : Temiz i\u00e7 \u00e7ama\u015f\u0131r\u0131 i\u00e7erisine 4-5 damla damlat\u0131larak kullan\u0131l\u0131r. Genital b\u00f6lge ve \u00e7evresine s\u00fcr\u00fclerek uygulanmamal\u0131d\u0131r.<\/p>\n<p>B\u0130LE\u015eEN L\u0130STES\u0130 : Simmondsia Chinensis Seed Oil, Prunus Amygdalus Dulcis Oil, Melaleuca Quinquenervia Oil, Lavandula Angustifolia Herb Oil, Pelargonium Graveolens Oil, Tocopherol , Linalool, Citronellol, Limonene , Geraniol, Eugenol, Coumarin, Farnesol, Cinnamyl Alcohol, Benzyl Alcohol, Geranyl Acetate.<\/p>\n<p>UYARILAR : Alerjik reaksiyonu \u00f6nlemek i\u00e7in bir miktar \u00fcr\u00fcn\u00fc bile\u011finizin i\u00e7 y\u00fcz\u00fcnde deneyiniz. Hamilelik s\u0131ras\u0131nda u\u00e7ucu ya\u011flar\u0131 kullanmadan \u00f6nce sa\u011fl\u0131k uzman\u0131n\u0131za dan\u0131\u015f\u0131n\u0131z. \u00c7ocuklar\u0131n ula\u015famayaca\u011f\u0131 yerlerde muhafaza ediniz. G\u00f6z ile temas\u0131ndan ka\u00e7\u0131n\u0131n\u0131z, temas halinde bol su ile y\u0131kay\u0131n\u0131z. Oda s\u0131cakl\u0131\u011f\u0131nda, direkt g\u00fcne\u015f \u0131\u015f\u0131\u011f\u0131ndan uzakta, a\u011fz\u0131 s\u0131k\u0131ca kapal\u0131 olarak saklay\u0131n\u0131z. Haricen kullan\u0131m i\u00e7indir. Tedavi ama\u00e7l\u0131 bir \u00fcr\u00fcn yada ila\u00e7 de\u011fildir. Sa\u011fl\u0131k problemleriniz i\u00e7in doktorunuza dan\u0131\u015f\u0131n\u0131z.<\/p>\n<p>&nbsp;<\/p>\n","protected":false},"excerpt":{"rendered":"<p>AKT\u0130F \u0130\u00c7ER\u0130K :<\/p>\n<p>Nioli U\u00e7ucu Ya\u011f\u0131<\/p>\n<p>T\u0131bbi Lavanta U\u00e7ucu Ya\u011f\u0131<\/p>\n<p>It\u0131r U\u00e7ucu Ya\u011f\u0131<\/p>\n<p>Tatl\u0131 Badem Ya\u011f\u0131<\/p>\n<p>Jojoba Ya\u011f\u0131<\/p>\n","protected":false},"featured_media":10142,"template":"","meta":{"_acf_changed":false},"product_brand":[],"product_cat":[1186,1188],"product_tag":[],"class_list":{"0":"post-9393","1":"product","2":"type-product","3":"status-publish","4":"has-post-thumbnail","6":"product_cat-ciltbakim","7":"product_cat-tabiat","9":"first","10":"instock","11":"sale","12":"taxable","13":"shipping-taxable","14":"purchasable","15":"product-type-simple"},"acf":[],"_links":{"self":[{"href":"https:\/\/www.ewela.co\/tr\/wp-json\/wp\/v2\/product\/9393","targetHints":{"allow":["GET"]}}],"collection":[{"href":"https:\/\/www.ewela.co\/tr\/wp-json\/wp\/v2\/product"}],"about":[{"href":"https:\/\/www.ewela.co\/tr\/wp-json\/wp\/v2\/types\/product"}],"wp:featuredmedia":[{"embeddable":true,"href":"https:\/\/www.ewela.co\/tr\/wp-json\/wp\/v2\/media\/10142"}],"wp:attachment":[{"href":"https:\/\/www.ewela.co\/tr\/wp-json\/wp\/v2\/media?parent=9393"}],"wp:term":[{"taxonomy":"product_brand","embeddable":true,"href":"https:\/\/www.ewela.co\/tr\/wp-json\/wp\/v2\/product_brand?post=9393"},{"taxonomy":"product_cat","embeddable":true,"href":"https:\/\/www.ewela.co\/tr\/wp-json\/wp\/v2\/product_cat?post=9393"},{"taxonomy":"product_tag","embeddable":true,"href":"https:\/\/www.ewela.co\/tr\/wp-json\/wp\/v2\/product_tag?post=9393"}],"curies":[{"name":"wp","href":"https:\/\/api.w.org\/{rel}","templated":true}]}}