{"id":9384,"date":"2025-04-17T22:40:40","date_gmt":"2025-04-17T19:40:40","guid":{"rendered":"https:\/\/www.ewela.co\/?post_type=product&#038;p=9384"},"modified":"2025-11-26T10:16:59","modified_gmt":"2025-11-26T07:16:59","slug":"rahatlatici-masaj-serumu-0-dogal","status":"publish","type":"product","link":"https:\/\/www.ewela.co\/tr\/urun\/rahatlatici-masaj-serumu-0-dogal\/","title":{"rendered":"RAHATLATICI MASAJ SERUMU (%100 Do\u011fal)"},"content":{"rendered":"<p>Su buhar\u0131 distilasyonu ve So\u011fuk s\u0131k\u0131m ekstraksiyon y\u00f6ntemleri sayesinde tamamen do\u011fal olarak \u00fcretilen u\u00e7ucu ve sabit ya\u011flar ile geli\u015ftirilmi\u015ftir.<\/p>\n<p>Kas gev\u015fetici ve aromaterapik etkileriyle hem fiziksel, hem de psikolojik rahatlama sa\u011flamay\u0131 ama\u00e7lar.<\/p>\n<p>Rolon ba\u015fl\u0131\u011f\u0131 ile kolayl\u0131kla uygulan\u0131rken, ciltte tamamen emilerek ya\u011fl\u0131 his b\u0131rakmaz.<\/p>\n<p>\u00d6zellikle ba\u015f, boyun, ve omuz b\u00f6lgelerinde yaln\u0131zca fiziksel gev\u015feme sa\u011flamakla kalmaz, ayn\u0131 zamanda huzurlu bir deneyim sunar.<\/p>\n<p>AKT\u0130F \u0130\u00c7ER\u0130K :<\/p>\n<p>T\u0131bbi Lavanta U\u00e7ucu Ya\u011f\u0131<\/p>\n<p>T\u0131bbi Nane U\u00e7ucu Ya\u011f\u0131<\/p>\n<p>It\u0131r U\u00e7ucu Ya\u011f\u0131<\/p>\n<p>Misk Ada\u00e7ay\u0131 U\u00e7ucu Ya\u011f\u0131<\/p>\n<p>Roman Papatyas\u0131 U\u00e7ucu Ya\u011f\u0131<\/p>\n<p>Limon Otu U\u00e7ucu Ya\u011f\u0131<\/p>\n<p>Jojoba Ya\u011f\u0131<\/p>\n<p>Keten Tohumu Ya\u011f\u0131<\/p>\n<p>B\u0130LE\u015eEN L\u0130STES\u0130 : Simmondsia Chinensis Seed Oil, Linum Usitatissimum Seed Oil, Lavandula Angustifolia Herb Oil, Mentha Piperita Oil , Pelargonium Graveolens Oil, Salvia Sclarea Oil , Linalool, Anthemis Nobilis Flower Oil, Tocopherol , Cymbopogon Citratus Leaf\/Stem Oil, Citronellol, Geraniol, Citral, Limonene, Coumarin, Geranyl Acetate.<\/p>\n<p>UYARILAR : Alerjik reaksiyonu \u00f6nlemek i\u00e7in bir miktar \u00fcr\u00fcn\u00fc bile\u011finizin i\u00e7 y\u00fcz\u00fcnde deneyiniz. Hamilelik s\u0131ras\u0131nda u\u00e7ucu ya\u011flar\u0131 kullanmadan \u00f6nce sa\u011fl\u0131k uzman\u0131n\u0131za dan\u0131\u015f\u0131n\u0131z. \u00c7ocuklar\u0131n ula\u015famayaca\u011f\u0131 yerlerde muhafaza ediniz. G\u00f6z ile temas\u0131ndan ka\u00e7\u0131n\u0131n\u0131z, temas halinde bol su ile y\u0131kay\u0131n\u0131z. Oda s\u0131cakl\u0131\u011f\u0131nda, direkt g\u00fcne\u015f \u0131\u015f\u0131\u011f\u0131ndan uzakta, a\u011fz\u0131 s\u0131k\u0131ca kapal\u0131 olarak saklay\u0131n\u0131z. Haricen kullan\u0131m i\u00e7indir. Tedavi ama\u00e7l\u0131 bir \u00fcr\u00fcn yada ila\u00e7 de\u011fildir. Sa\u011fl\u0131k problemleriniz i\u00e7in doktorunuza dan\u0131\u015f\u0131n\u0131z.<\/p>\n<p><strong>\u00a0<\/strong><\/p>\n","protected":false},"excerpt":{"rendered":"<p>AKT\u0130F \u0130\u00c7ER\u0130K :<\/p>\n<p>T\u0131bbi Lavanta U\u00e7ucu Ya\u011f\u0131<\/p>\n<p>T\u0131bbi Nane U\u00e7ucu Ya\u011f\u0131<\/p>\n<p>It\u0131r U\u00e7ucu Ya\u011f\u0131<\/p>\n<p>Misk Ada\u00e7ay\u0131 U\u00e7ucu Ya\u011f\u0131<\/p>\n<p>Roman Papatyas\u0131 U\u00e7ucu Ya\u011f\u0131<\/p>\n<p>Limon Otu U\u00e7ucu Ya\u011f\u0131<\/p>\n<p>Jojoba Ya\u011f\u0131<\/p>\n<p>Keten Tohumu Ya\u011f\u0131<\/p>\n","protected":false},"featured_media":9385,"template":"","meta":{"_acf_changed":false},"product_brand":[],"product_cat":[1186,1188],"product_tag":[],"class_list":{"0":"post-9384","1":"product","2":"type-product","3":"status-publish","4":"has-post-thumbnail","6":"product_cat-ciltbakim","7":"product_cat-tabiat","9":"first","10":"instock","11":"sale","12":"taxable","13":"shipping-taxable","14":"purchasable","15":"product-type-simple"},"acf":[],"_links":{"self":[{"href":"https:\/\/www.ewela.co\/tr\/wp-json\/wp\/v2\/product\/9384","targetHints":{"allow":["GET"]}}],"collection":[{"href":"https:\/\/www.ewela.co\/tr\/wp-json\/wp\/v2\/product"}],"about":[{"href":"https:\/\/www.ewela.co\/tr\/wp-json\/wp\/v2\/types\/product"}],"wp:featuredmedia":[{"embeddable":true,"href":"https:\/\/www.ewela.co\/tr\/wp-json\/wp\/v2\/media\/9385"}],"wp:attachment":[{"href":"https:\/\/www.ewela.co\/tr\/wp-json\/wp\/v2\/media?parent=9384"}],"wp:term":[{"taxonomy":"product_brand","embeddable":true,"href":"https:\/\/www.ewela.co\/tr\/wp-json\/wp\/v2\/product_brand?post=9384"},{"taxonomy":"product_cat","embeddable":true,"href":"https:\/\/www.ewela.co\/tr\/wp-json\/wp\/v2\/product_cat?post=9384"},{"taxonomy":"product_tag","embeddable":true,"href":"https:\/\/www.ewela.co\/tr\/wp-json\/wp\/v2\/product_tag?post=9384"}],"curies":[{"name":"wp","href":"https:\/\/api.w.org\/{rel}","templated":true}]}}