{"id":9380,"date":"2025-04-17T22:37:15","date_gmt":"2025-04-17T19:37:15","guid":{"rendered":"https:\/\/www.ewela.co\/?post_type=product&#038;p=9380"},"modified":"2025-11-26T10:13:38","modified_gmt":"2025-11-26T07:13:38","slug":"yuz-temizleme-pedi","status":"publish","type":"product","link":"https:\/\/www.ewela.co\/tr\/urun\/yuz-temizleme-pedi\/","title":{"rendered":"Y\u00dcZ TEM\u0130ZLEME PED\u0130"},"content":{"rendered":"<p>Il\u0131k su ile yumu\u015fatt\u0131\u011f\u0131n\u0131z bu \u00fcr\u00fcn\u00fc uygulayarak, g\u00f6zeneklerin a\u00e7\u0131lmas\u0131n\u0131 ve cildinizin canlanmas\u0131n\u0131 sa\u011flayacaks\u0131n\u0131z.<\/p>\n<p>\u00d6zel havlu s\u00fcngerli arka y\u00fcz\u00fc ve el ge\u00e7irme band\u0131 ile pratik ve sa\u011fl\u0131kl\u0131 kullan\u0131m sa\u011flar. 85 mm \u00e7ap\u0131nda boyutu sayesinde daha kolay uygulaman\u0131z i\u00e7in tasarlanm\u0131\u015ft\u0131r.<\/p>\n<p><strong>\u00a0<\/strong><\/p>\n<p><strong>eweLa \u2013 Y\u00fcz Temizleme Pedi &#8211; %100 Do\u011fal Kabak Lifi<\/strong><\/p>\n","protected":false},"excerpt":{"rendered":"<p>Do\u011fal kabak lifinden \u00fcretilmi\u015f bu ped ile y\u00fcz\u00fcn\u00fcze ve v\u00fccudunuza yapaca\u011f\u0131n\u0131z masaj, cildinizde peeling etkisi g\u00f6sterecektir.<\/p>\n","protected":false},"featured_media":9381,"template":"","meta":{"_acf_changed":false},"product_brand":[],"product_cat":[1186,1188],"product_tag":[],"class_list":{"0":"post-9380","1":"product","2":"type-product","3":"status-publish","4":"has-post-thumbnail","6":"product_cat-ciltbakim","7":"product_cat-tabiat","9":"first","10":"instock","11":"sale","12":"taxable","13":"shipping-taxable","14":"purchasable","15":"product-type-simple"},"acf":[],"_links":{"self":[{"href":"https:\/\/www.ewela.co\/tr\/wp-json\/wp\/v2\/product\/9380","targetHints":{"allow":["GET"]}}],"collection":[{"href":"https:\/\/www.ewela.co\/tr\/wp-json\/wp\/v2\/product"}],"about":[{"href":"https:\/\/www.ewela.co\/tr\/wp-json\/wp\/v2\/types\/product"}],"wp:featuredmedia":[{"embeddable":true,"href":"https:\/\/www.ewela.co\/tr\/wp-json\/wp\/v2\/media\/9381"}],"wp:attachment":[{"href":"https:\/\/www.ewela.co\/tr\/wp-json\/wp\/v2\/media?parent=9380"}],"wp:term":[{"taxonomy":"product_brand","embeddable":true,"href":"https:\/\/www.ewela.co\/tr\/wp-json\/wp\/v2\/product_brand?post=9380"},{"taxonomy":"product_cat","embeddable":true,"href":"https:\/\/www.ewela.co\/tr\/wp-json\/wp\/v2\/product_cat?post=9380"},{"taxonomy":"product_tag","embeddable":true,"href":"https:\/\/www.ewela.co\/tr\/wp-json\/wp\/v2\/product_tag?post=9380"}],"curies":[{"name":"wp","href":"https:\/\/api.w.org\/{rel}","templated":true}]}}