{"id":9333,"date":"2025-04-17T22:15:20","date_gmt":"2025-04-17T19:15:20","guid":{"rendered":"https:\/\/www.ewela.co\/?post_type=product&#038;p=9333"},"modified":"2025-11-26T10:16:42","modified_gmt":"2025-11-26T07:16:42","slug":"oje-cikarici-mendil-asetonsuz","status":"publish","type":"product","link":"https:\/\/www.ewela.co\/tr\/urun\/oje-cikarici-mendil-asetonsuz\/","title":{"rendered":"OJE \u00c7IKARICI Mendil"},"content":{"rendered":"<p>\u0130\u00e7erdi\u011fi aktif maddeyle asetonsuz\u00a0 kullan\u0131m avantaj\u0131 sunarken, mendil formuyla ojenizi kolayl\u0131kla \u00e7\u0131karman\u0131z\u0131 sa\u011flar. Nemlendirici \u00f6zelli\u011fiyle t\u0131rnaklar\u0131n\u0131za zarars\u0131z bir uygulamaya yard\u0131mc\u0131 olur.<\/p>\n<p>B\u0130LE\u015eEN L\u0130STES\u0130 : Propylene Carbonate, Parfum, Tocopherol acetate, Tetramethyl Acetyloctahydronaphthalenes, Hexamethylindanopyran, Terpineol, Linalyl Acetate<\/p>\n<p>UYARILAR : G\u00fcne\u015f \u0131\u015f\u0131\u011f\u0131ndan uzak tutunuz. \u00c7ocuklar\u0131n ula\u015famayaca\u011f\u0131 ve serin yerlerde muhafaza ediniz. Uygulamadan \u00f6nce alerji testi i\u00e7in el bile\u011finizin i\u00e7 y\u00fcz\u00fcnde deneyiniz. A\u00e7\u0131k yaral\u0131 b\u00f6lgelerde kullanmay\u0131n\u0131z. Haricen kullan\u0131l\u0131r. Yutuldu\u011fu takdirde ya da beklenmeyen bir etki g\u00f6r\u00fcld\u00fc\u011f\u00fcnde doktora ba\u015fvurunuz.<\/p>\n<p><strong>eweLa \u2013 Asetonsuz Oje \u00c7\u0131kar\u0131c\u0131 Mendil (Tek kullan\u0131ml\u0131k) \u2013 10 adet<\/strong><\/p>\n","protected":false},"excerpt":{"rendered":"<p>ASETONSUZ \u00f6zel form\u00fcl<\/p>\n<p>Nemlendirici E Vitamini deste\u011fi<\/p>\n<p>Tek kullan\u0131ml\u0131k Pratik Uygulama<\/p>\n<p>\u0130\u00e7erdi\u011fi aktif maddeyle asetonsuz\u00a0 kullan\u0131m avantaj\u0131 sunarken, mendil formuyla ojenizi kolayl\u0131kla \u00e7\u0131karman\u0131z\u0131 sa\u011flar. Nemlendirici \u00f6zelli\u011fiyle t\u0131rnaklar\u0131n\u0131za zarars\u0131z bir uygulamaya yard\u0131mc\u0131 olur.<\/p>\n","protected":false},"featured_media":9335,"template":"","meta":{"_acf_changed":false},"product_brand":[],"product_cat":[1186],"product_tag":[],"class_list":{"0":"post-9333","1":"product","2":"type-product","3":"status-publish","4":"has-post-thumbnail","6":"product_cat-ciltbakim","8":"first","9":"instock","10":"sale","11":"taxable","12":"shipping-taxable","13":"purchasable","14":"product-type-simple"},"acf":[],"_links":{"self":[{"href":"https:\/\/www.ewela.co\/tr\/wp-json\/wp\/v2\/product\/9333","targetHints":{"allow":["GET"]}}],"collection":[{"href":"https:\/\/www.ewela.co\/tr\/wp-json\/wp\/v2\/product"}],"about":[{"href":"https:\/\/www.ewela.co\/tr\/wp-json\/wp\/v2\/types\/product"}],"wp:featuredmedia":[{"embeddable":true,"href":"https:\/\/www.ewela.co\/tr\/wp-json\/wp\/v2\/media\/9335"}],"wp:attachment":[{"href":"https:\/\/www.ewela.co\/tr\/wp-json\/wp\/v2\/media?parent=9333"}],"wp:term":[{"taxonomy":"product_brand","embeddable":true,"href":"https:\/\/www.ewela.co\/tr\/wp-json\/wp\/v2\/product_brand?post=9333"},{"taxonomy":"product_cat","embeddable":true,"href":"https:\/\/www.ewela.co\/tr\/wp-json\/wp\/v2\/product_cat?post=9333"},{"taxonomy":"product_tag","embeddable":true,"href":"https:\/\/www.ewela.co\/tr\/wp-json\/wp\/v2\/product_tag?post=9333"}],"curies":[{"name":"wp","href":"https:\/\/api.w.org\/{rel}","templated":true}]}}