{"id":9327,"date":"2025-04-17T22:11:48","date_gmt":"2025-04-17T19:11:48","guid":{"rendered":"https:\/\/www.ewela.co\/?post_type=product&#038;p=9327"},"modified":"2025-11-26T10:15:57","modified_gmt":"2025-11-26T07:15:57","slug":"kolonya","status":"publish","type":"product","link":"https:\/\/www.ewela.co\/tr\/urun\/kolonya\/","title":{"rendered":"KOLONYA"},"content":{"rendered":"<p>B\u0130LE\u015eEN L\u0130STES\u0130 : Alcohol, Aqua, Sodium PCA, Glycerin, Propylene Glycol, Ethylhexyl palmitate, Parfum, Chamomilla Recutita Flower Extract, Aloe Barbadensis Leaf Extract, Linalool, Geraniol, Hexyl cinnamal, Potassium Sorbate.<\/p>\n<p>UYARILAR : G\u00f6zle temas\u0131ndan ka\u00e7\u0131n\u0131n\u0131z, temas\u0131 halinde bol su ile y\u0131kay\u0131n\u0131z. ALKOL i\u00e7erir. Uygulamadan \u00f6nce alerji testi i\u00e7in el bile\u011finizin i\u00e7 y\u00fcz\u00fcnde deneyiniz. A\u00e7\u0131k yaral\u0131 b\u00f6lgede kullanmay\u0131n\u0131z. Haricen kullan\u0131l\u0131r. Yutuldu\u011fu takdirde yada beklenmeyen bir etki g\u00f6r\u00fcld\u00fc\u011f\u00fcnde doktora ba\u015fvurunuz. G\u00fcne\u015f \u0131\u015f\u0131\u011f\u0131ndan uzak tutunuz. \u00c7ocuklar\u0131n ula\u015famayaca\u011f\u0131 ve serin yerde muhafaza ediniz.<\/p>\n<p><strong>eweLa \u2013 Nemlendirici Kolonya 80<sup>0<\/sup> \u2013 50ml<\/strong><\/p>\n","protected":false},"excerpt":{"rendered":"<p>\u0130\u00e7eri\u011findeki Papatya ve Aloevera ekstraktlar\u0131 ve aktifler ile cildinizi nemlendiren 80<sup>0<\/sup> derece kolonyan\u0131z ; ferah kokusu ve hijyenik koruyucu \u00f6zelli\u011fi sayesinde g\u00fcn boyu yan\u0131n\u0131zda olacakt\u0131r.<\/p>\n","protected":false},"featured_media":9328,"template":"","meta":{"_acf_changed":false},"product_brand":[],"product_cat":[1186],"product_tag":[],"class_list":{"0":"post-9327","1":"product","2":"type-product","3":"status-publish","4":"has-post-thumbnail","6":"product_cat-ciltbakim","8":"first","9":"instock","10":"taxable","11":"shipping-taxable","12":"purchasable","13":"product-type-simple"},"acf":[],"_links":{"self":[{"href":"https:\/\/www.ewela.co\/tr\/wp-json\/wp\/v2\/product\/9327","targetHints":{"allow":["GET"]}}],"collection":[{"href":"https:\/\/www.ewela.co\/tr\/wp-json\/wp\/v2\/product"}],"about":[{"href":"https:\/\/www.ewela.co\/tr\/wp-json\/wp\/v2\/types\/product"}],"wp:featuredmedia":[{"embeddable":true,"href":"https:\/\/www.ewela.co\/tr\/wp-json\/wp\/v2\/media\/9328"}],"wp:attachment":[{"href":"https:\/\/www.ewela.co\/tr\/wp-json\/wp\/v2\/media?parent=9327"}],"wp:term":[{"taxonomy":"product_brand","embeddable":true,"href":"https:\/\/www.ewela.co\/tr\/wp-json\/wp\/v2\/product_brand?post=9327"},{"taxonomy":"product_cat","embeddable":true,"href":"https:\/\/www.ewela.co\/tr\/wp-json\/wp\/v2\/product_cat?post=9327"},{"taxonomy":"product_tag","embeddable":true,"href":"https:\/\/www.ewela.co\/tr\/wp-json\/wp\/v2\/product_tag?post=9327"}],"curies":[{"name":"wp","href":"https:\/\/api.w.org\/{rel}","templated":true}]}}