{"id":9324,"date":"2025-04-17T22:08:16","date_gmt":"2025-04-17T19:08:16","guid":{"rendered":"https:\/\/www.ewela.co\/?post_type=product&#038;p=9324"},"modified":"2025-11-26T10:17:11","modified_gmt":"2025-11-26T07:17:11","slug":"kagit-maske","status":"publish","type":"product","link":"https:\/\/www.ewela.co\/tr\/urun\/kagit-maske\/","title":{"rendered":"KA\u011eIT MASKE"},"content":{"rendered":"<p>AKT\u0130F \u0130\u00c7ER\u0130K : Hidrolize Kolajen, Hyal\u00fcronik Asit, E | A | B5 | B8 | F | H Vitaminleri, At kestanesi Ekstrakt\u0131.<\/p>\n<p>KULLANIMI : Paketten \u00e7\u0131kan ka\u011f\u0131t maskeyi y\u00fcz\u00fcn\u00fcze yerle\u015ftiriniz. 15-20 dakika kadar bekledikten sonra maskeyi \u00e7\u0131kar\u0131n ve masaj yaparak kalan bak\u0131m kompleksini cildinize yediriniz. TEK KULLANIMLIKTIR.<\/p>\n<p>B\u0130LE\u015eEN L\u0130STES\u0130 : Aqua, Butyrospermum Parkii Butter, Glycerin, Octyldodecanol, Propylene glycol, Sodium PCA, Cyclopentasiloxane, Glycol Distearate, Ceteareth-12, Dimethicone, Cetyl Alcohol, Collagen Hydrolysate, PEG-35 Castor Oil, Passiflora Incarnata Flower Extract, Hyaluronic acid, Alcohol, Aesculus Hippocastanum Seed Extract Polysorbate 20, Tocopherol, Retinyl Palmitate, Inositol, Calcium Pantothenate, Linoleic Acid, Biotin, Parfum, Phenoxyethanol, Ethylhexylglycerin, Potassium Sorbate.<\/p>\n<p>UYARILAR: K\u0131zar\u0131kl\u0131k, \u015fi\u015flik, ka\u015f\u0131nt\u0131 gibi beklenmeyen bir etki g\u00f6r\u00fcld\u00fc\u011f\u00fcnde kullanmay\u0131 durdurunuz. G\u00f6zle temas\u0131ndan ka\u00e7\u0131n\u0131n\u0131z, temas\u0131 halinde bol su ile y\u0131kay\u0131n\u0131z. G\u00fcne\u015f \u0131\u015f\u0131\u011f\u0131ndan uzak tutunuz. \u00c7ocuklar\u0131n ula\u015famayaca\u011f\u0131 ve serin yerlerde muhafaza ediniz. Uygulamadan \u00f6nce alerji testi i\u00e7in el bile\u011finizin i\u00e7 y\u00fcz\u00fcnde deneyiniz. A\u00e7\u0131k yaral\u0131 b\u00f6lgelerde kullanmay\u0131n\u0131z. Haricen kullan\u0131l\u0131r. \u00c7ocuklar\u0131n kullan\u0131m\u0131na uygun de\u011fildir. Yutuldu\u011fu takdirde ya da beklenmeyen etki g\u00f6r\u00fcld\u00fc\u011f\u00fcnde doktora ba\u015fvurunuz.<\/p>\n","protected":false},"excerpt":{"rendered":"<p><strong>nemlendirici, besleyici, rahatlat\u0131c\u0131 CiLT BAKIM TERAPiSi<\/strong><\/p>\n<p><strong>\u00c7ok ama\u00e7l\u0131 vitamin &amp; bitkisel kompleks<\/strong><\/p>\n<p>Yo\u011fun bitkisel \u00f6zler ve vitamin i\u00e7eri\u011fiyle zenginle\u015fen hammaddelerden olu\u015fan \u00fcst\u00fcn kaliteli y\u00fcz maskesidir. Cildinize canl\u0131l\u0131k ve ferahl\u0131k kazand\u0131r\u0131r. Nemlendirici \u00f6zelli\u011fiyle\u00a0 cilt yap\u0131s\u0131n\u0131n elastikiyetini artt\u0131r\u0131r.<\/p>\n","protected":false},"featured_media":9325,"template":"","meta":{"_acf_changed":false},"product_brand":[],"product_cat":[1186],"product_tag":[],"class_list":{"0":"post-9324","1":"product","2":"type-product","3":"status-publish","4":"has-post-thumbnail","6":"product_cat-ciltbakim","8":"first","9":"instock","10":"taxable","11":"shipping-taxable","12":"purchasable","13":"product-type-simple"},"acf":[],"_links":{"self":[{"href":"https:\/\/www.ewela.co\/tr\/wp-json\/wp\/v2\/product\/9324","targetHints":{"allow":["GET"]}}],"collection":[{"href":"https:\/\/www.ewela.co\/tr\/wp-json\/wp\/v2\/product"}],"about":[{"href":"https:\/\/www.ewela.co\/tr\/wp-json\/wp\/v2\/types\/product"}],"wp:featuredmedia":[{"embeddable":true,"href":"https:\/\/www.ewela.co\/tr\/wp-json\/wp\/v2\/media\/9325"}],"wp:attachment":[{"href":"https:\/\/www.ewela.co\/tr\/wp-json\/wp\/v2\/media?parent=9324"}],"wp:term":[{"taxonomy":"product_brand","embeddable":true,"href":"https:\/\/www.ewela.co\/tr\/wp-json\/wp\/v2\/product_brand?post=9324"},{"taxonomy":"product_cat","embeddable":true,"href":"https:\/\/www.ewela.co\/tr\/wp-json\/wp\/v2\/product_cat?post=9324"},{"taxonomy":"product_tag","embeddable":true,"href":"https:\/\/www.ewela.co\/tr\/wp-json\/wp\/v2\/product_tag?post=9324"}],"curies":[{"name":"wp","href":"https:\/\/api.w.org\/{rel}","templated":true}]}}