{"id":9037,"date":"2024-11-04T11:51:24","date_gmt":"2024-11-04T08:51:24","guid":{"rendered":"https:\/\/ewela.co\/?post_type=product&#038;p=9037"},"modified":"2025-11-26T10:11:26","modified_gmt":"2025-11-26T07:11:26","slug":"yun-kurutma-topu","status":"publish","type":"product","link":"https:\/\/www.ewela.co\/tr\/urun\/yun-kurutma-topu\/","title":{"rendered":"Y\u00dcN KURUTMA TOPU"},"content":{"rendered":"<h4 class=\"chemicals-subtitle subtitle\">Y\u00fcn Kurutma Toplar\u0131 Neden Tercih Edilmeli?<\/h4>\n<div class=\"icerik\">\n<p><strong>Sa\u011fl\u0131kl\u0131 ve g\u00fcvenlidir.<\/strong>\u00a0Hi\u00e7 bir kimyasal ya da sentetik madde i\u00e7ermeyen; tamamen merinos tipi koyun y\u00fcn\u00fcnden do\u011fal, organik ve T\u00fcrkiye\u2019de \u00fcretilen y\u00fcn sarg\u0131 \u00fcr\u00fcnlerdir. Hassas cilt yap\u0131s\u0131na sahip olanlar, \u00e7ocuklar ve bebeklerimiz i\u00e7in en g\u00fcvenli y\u00f6ntem olarak t\u00fcm d\u00fcnyada tercih sebebi haline gelmi\u015ftir.<\/p>\n<p><strong>H\u0131zl\u0131 ve ekonomiktir.<\/strong>\u00a0Kurutucuda d\u00f6nerken, \u00e7ama\u015f\u0131rlar\u0131 ay\u0131rarak, s\u0131cak havan\u0131n daha iyi dola\u015fmas\u0131n\u0131 ve \u00e7ama\u015f\u0131rlar\u0131n\u0131z\u0131n daha h\u0131zl\u0131 kurumas\u0131n\u0131 sa\u011flar. Makinenin \u00e7al\u0131\u015fma s\u00fcresini k\u0131salt\u0131r, enerji tasarrufu yapt\u0131r\u0131r.<\/p>\n<p><strong>Pratik ve kullan\u0131\u015fl\u0131d\u0131r.<\/strong>\u00a0Statik elektri\u011fi azaltt\u0131\u011f\u0131 i\u00e7in giysilerinizin kurutmadan daha k\u0131r\u0131\u015f\u0131ks\u0131z \u00e7\u0131kmas\u0131n\u0131 sa\u011flar. B\u00f6ylece \u00fct\u00fclemek i\u00e7in daha az zaman harcars\u0131n\u0131z. Defalarca kez kullanabilece\u011finiz, \u00fcretti\u011fimiz do\u011fal i\u00e7erikli kokular\u0131m\u0131zla \u00e7ama\u015f\u0131rlar\u0131n\u0131z\u0131n daha g\u00fczel kokmas\u0131n\u0131 sa\u011flayabilirsiniz.<\/p>\n<p><strong>Sessiz ve konforludur.<\/strong>\u00a0Kurutma makinelerinde kullan\u0131lan di\u011fer yard\u0131mc\u0131 \u00fcr\u00fcnler gibi g\u00fcr\u00fclt\u00fc yapmaz. \u00c7ama\u015f\u0131rlar\u0131n\u0131za temas eden bu uygulamada, tamamen do\u011fal i\u00e7erikte oldu\u011fundan, daha kaliteli ve konforlu bir kurutma ortam\u0131 sa\u011flar.<\/p>\n<p><strong>\u00c7evre dostudur.<\/strong>\u00a0Koyunlara zarar vermeden do\u011fru k\u0131rk\u0131m teknikleriyle i\u015flenen y\u00fcnlerden \u00fcretilmi\u015ftir. Tamamen el yap\u0131m\u0131 olmas\u0131 ve do\u011faya d\u00f6n\u00fc\u015f\u00fcm\u00fc en uygun ambalaj formlar\u0131yla sizlere ula\u015ft\u0131r\u0131lmaktad\u0131r. En iyi ekolojik d\u00f6ng\u00fc i\u00e7in t\u00fcm a\u015famalarda duyarl\u0131 sonu\u00e7lar \u00fcretmeye \u00e7al\u0131\u015f\u0131yoruz.<\/p>\n<p><strong>Do\u011faya ve insana sayg\u0131l\u0131d\u0131r.<\/strong>\u00a0Her hangi bir mekanik yada kimyasal i\u015flemden ge\u00e7meden, el eme\u011fiyle kendi topraklar\u0131m\u0131zda \u00fcretim yaparak, insanl\u0131\u011fa ve do\u011fam\u0131za haketti\u011fi de\u011feri vermeye \u00e7al\u0131\u015f\u0131yoruz. Geleneksel el yap\u0131m\u0131 y\u00f6ntemle ger\u00e7ekle\u015fen prosesimiz sayesinde, kendi insanlar\u0131m\u0131za \u00f6zellikle de kad\u0131nlar\u0131m\u0131z\u0131n i\u015f g\u00fcc\u00fcne destek vermekteyiz.<\/p>\n<\/div>\n<h4 class=\"chemicals-subtitle subtitle\">Y\u00fcn Kurutma Toplar\u0131 Nas\u0131l Kullan\u0131l\u0131r?<\/h4>\n<div class=\"icerik\">\n<p>\u00c7ama\u015f\u0131r kurutma makinenize \u00e7ama\u015f\u0131rlar\u0131n\u0131z\u0131 koyduktan sonra kurutma toplar\u0131n\u0131 yerle\u015ftirin ve makinenizi \u00e7al\u0131\u015ft\u0131r\u0131n. Normal kapasiteli 6kg l\u0131k kurutma makineniz i\u00e7in 3 adet y\u00fcn kurutma topunu beraber kullanman\u0131z \u00f6nerilir.\u00a0 Y\u00fcksek kapasiteler i\u00e7in maksimum 6 topa kadar kullanabilirsiniz.<\/p>\n<p>Kurutma s\u00fcresince makinenizdeki \u0131slak \u00e7ama\u015f\u0131rlar\u0131 birbirinden ay\u0131r\u0131r ve nemi azalt\u0131p, \u0131s\u0131n\u0131n etkili bir \u015fekilde da\u011f\u0131lmas\u0131n\u0131 sa\u011flar. Kurutma makinesine at\u0131labilen t\u00fcm kuma\u015flar i\u00e7in kullan\u0131m\u0131 uygundur. Dilerseniz kurutma makinesine yerle\u015ftirmeden \u00f6nce ARIChem TAB\u0130AT merkezimizde \u00fcretti\u011fimiz tamamen do\u011fal u\u00e7ucu ya\u011f kar\u0131\u015f\u0131mlar\u0131n\u0131 yada ECO sertifikal\u0131 esansiyel ya\u011flar\u0131 her topa 8-10 damla olacak \u015fekilde damlatarak \u00e7ama\u015f\u0131rlar\u0131n\u0131z\u0131 kokuland\u0131rabilirsiniz.<\/p>\n<p>\u00dcr\u00fcnlerimiz do\u011fal y\u00fcnden ve el yap\u0131m\u0131 y\u00f6ntemle \u00fcretildi\u011fi i\u00e7in zamanla t\u00fcylenme olabilir. Bu a\u015famada toplar\u0131 ince \u00e7oraplar i\u00e7ine yerle\u015ftirip \u00e7ama\u015f\u0131r y\u0131kama makinenizde y\u0131kay\u0131p, sonras\u0131nda \u00e7oraplardan \u00e7\u0131kar\u0131p y\u00fcksek \u0131s\u0131da kurutman\u0131z tavsiye edilir.<\/p>\n<\/div>\n<h4 class=\"chemicals-subtitle subtitle\">Y\u00fcn Kurutma Toplar\u0131 Nas\u0131l \u00dcretiliyor?<\/h4>\n<div class=\"icerik\">\n<p>B\u00fct\u00fcn\u00fcyle yerli sermaye ile; kendi topraklar\u0131m\u0131zda, kendi insanlar\u0131m\u0131zla, \u00f6zellikle kad\u0131nlar\u0131m\u0131z\u0131n el eme\u011finin, g\u00f6z nurunun ortaya \u00e7\u0131kard\u0131\u011f\u0131\u00a0<strong>do\u011fal, sa\u011fl\u0131kl\u0131, g\u00fcvenli, konforlu<\/strong>\u00a0ve en \u00f6nemlisi\u00a0<strong>\u00e7evre dostu<\/strong>\u00a0\u00fcr\u00fcnler geli\u015ftirmekteyiz.<\/p>\n<p>T\u00fcrkiye&#8217;den t\u00fcm d\u00fcnya \u00fclkelerine ihtacat yapt\u0131\u011f\u0131m\u0131z,\u00a0<strong>uluslararas\u0131 standartta<\/strong>ki y\u00fcn kurutma toplar\u0131m\u0131z\u0131 art\u0131k sizlere sunmaktan onur ve huzur duyuyoruz.<\/p>\n<p>Y\u00fcn kurutma toplar\u0131, faydalar\u0131 ve avantajlar\u0131 sayesinde t\u00fcm d\u00fcnyada son y\u0131llar\u0131n g\u00f6zde tercihi haline gelen \u00e7ama\u015f\u0131r kurutma makinelerinde kullan\u0131ma uygun yard\u0131mc\u0131 \u00fcr\u00fcnlerdir.<\/p>\n<p>Her ge\u00e7en g\u00fcn artan hayat temposu ve zamana kar\u015f\u0131 yar\u0131\u015fta \u00e7ama\u015f\u0131r kurutma makinelerinin kullan\u0131m\u0131n\u0131n\u0131n artmas\u0131yla; \u00e7ama\u015f\u0131rlar\u0131m\u0131z\u0131n giyime haz\u0131r hale gelene kadar ge\u00e7en s\u00fcre\u00e7te kar\u015f\u0131m\u0131za \u00e7\u0131kan\u00a0<strong>k\u0131r\u0131\u015fma, elektriklenme, t\u00fcylenme, k\u00f6t\u00fc koku ve uzun \u00fct\u00fcleme s\u00fcreleri<\/strong>\u00a0gibi sonu\u00e7lar g\u00fcndelik hayat\u0131m\u0131z\u0131 etkilemektedir.<\/p>\n<p>Mevcut sentetik, plastik yap\u0131da yada kimyasal i\u00e7erik bulunduran \u00fcr\u00fcnlerle belirli bir a\u015fama kaydedilse de; t\u00fcm g\u00fcn ve gece hem kendimizin hem de \u00e7ocuk ve bebeklerimizin cildine temas eden \u00e7ama\u015f\u0131rlar\u0131m\u0131z\u0131n, bu \u00fcr\u00fcnlerle birlikte i\u015flemden ge\u00e7mesini sa\u011fl\u0131kl\u0131 bulmuyoruz.<\/p>\n<p><strong>Tamamen do\u011fal merinos koyun y\u00fcn\u00fc<\/strong>nden, dayan\u0131kl\u0131l\u0131\u011f\u0131 ve kullan\u0131m kolayl\u0131\u011f\u0131 i\u00e7in kad\u0131nlar\u0131m\u0131z\u0131n elleriyle sar\u0131larak ke\u00e7elendirilen ve uluslararas\u0131 standartlara uygun, ortalama\u00a0<strong>50 gr a\u011f\u0131rl\u0131k<\/strong>\u00a0ve\u00a0<strong>24 mikron yo\u011funluk<\/strong>ta toplar haline getirilen \u00fcr\u00fcnlerimiz; uzun y\u0131llarca g\u00f6n\u00fcl rahatl\u0131\u011f\u0131yla kullanaca\u011f\u0131n\u0131z, hayat\u0131n\u0131z\u0131 kolayla\u015ft\u0131ran yard\u0131mc\u0131lar\u0131n\u0131z olacakt\u0131r.<\/p>\n<p>Ticari ama\u00e7lar ve etik olmayan piyasa \u015fartlar\u0131 sebebiyle, amac\u0131ndan tamamen uzakla\u015fm\u0131\u015f taklitleri bulunan, benzer g\u00f6r\u00fcn\u00fcme sahip ama do\u011fru kalite ve do\u011fall\u0131ktan uzak \u00f6zellikle ithal \u00fcr\u00fcnlere kar\u015f\u0131, fiyat ve performans\u0131n\u0131 sorgulaman\u0131z\u0131 rica ederiz.<\/p>\n<p>\u00dcretim prosesinden evlerinize girene kadar ge\u00e7en t\u00fcm s\u00fcre\u00e7te, \u00fcr\u00fcnlerimizi korumaya almak ve kalitesini korumak i\u00e7in bir \u00e7ok yard\u0131mc\u0131 ambalaj malzemesini kullanmay\u0131 de\u011ferli buluyoruz.<\/p>\n<p>Biz, kendimize verdi\u011fimiz de\u011feri, sizlere de sunmay\u0131 ama\u00e7l\u0131yoruz.<\/p>\n<p>Her ge\u00e7en g\u00fcn kaynaklar\u0131n\u0131 daha fazla t\u00fcketti\u011fimiz ve ya\u015fam d\u00f6ng\u00fcm\u00fcz\u00fc zamana kar\u015f\u0131 kaybetti\u011fimiz do\u011fam\u0131za sahip \u00e7\u0131kmak i\u00e7in\u00a0<strong>do\u011faya d\u00f6n\u00fc\u015f yolunda yolda\u015f<\/strong>\u0131m\u0131z olman\u0131z i\u00e7in aram\u0131za kat\u0131lman\u0131z\u0131 bekliyoruz.<\/p>\n<\/div>\n","protected":false},"excerpt":{"rendered":"<p class=\"subtitle-testimonials title-2\"><strong>HASSAS C\u0130LT yap\u0131n\u0131z, \u00f6zellikle de \u00c7OCUKLAR ve BEBEKLERinizin sa\u011fl\u0131\u011f\u0131 i\u00e7in, \u00e7ama\u015f\u0131rlar\u0131n\u0131z\u0131 tamamen DO\u011eAL ve ZARARSIZ y\u00fcn kurutma toplar\u0131 ile tan\u0131\u015ft\u0131r\u0131n. \u00c7ok daha YUMU\u015eAK, daha AZ KIRI\u015eIK ve daha AZ T\u00dcYLENM\u0130\u015e halde; daha HIZLI ve daha AZ ENERJ\u0130 ile, en \u00f6nemlisi de en \u00c7EVRE DOSTU y\u00f6ntemle kurutacaks\u0131n\u0131z.<\/strong><\/p>\n","protected":false},"featured_media":9342,"template":"","meta":{"_acf_changed":false},"product_brand":[],"product_cat":[1188],"product_tag":[],"class_list":{"0":"post-9037","1":"product","2":"type-product","3":"status-publish","4":"has-post-thumbnail","6":"product_cat-tabiat","8":"first","9":"instock","10":"sale","11":"taxable","12":"shipping-taxable","13":"purchasable","14":"product-type-simple"},"acf":[],"_links":{"self":[{"href":"https:\/\/www.ewela.co\/tr\/wp-json\/wp\/v2\/product\/9037","targetHints":{"allow":["GET"]}}],"collection":[{"href":"https:\/\/www.ewela.co\/tr\/wp-json\/wp\/v2\/product"}],"about":[{"href":"https:\/\/www.ewela.co\/tr\/wp-json\/wp\/v2\/types\/product"}],"wp:featuredmedia":[{"embeddable":true,"href":"https:\/\/www.ewela.co\/tr\/wp-json\/wp\/v2\/media\/9342"}],"wp:attachment":[{"href":"https:\/\/www.ewela.co\/tr\/wp-json\/wp\/v2\/media?parent=9037"}],"wp:term":[{"taxonomy":"product_brand","embeddable":true,"href":"https:\/\/www.ewela.co\/tr\/wp-json\/wp\/v2\/product_brand?post=9037"},{"taxonomy":"product_cat","embeddable":true,"href":"https:\/\/www.ewela.co\/tr\/wp-json\/wp\/v2\/product_cat?post=9037"},{"taxonomy":"product_tag","embeddable":true,"href":"https:\/\/www.ewela.co\/tr\/wp-json\/wp\/v2\/product_tag?post=9037"}],"curies":[{"name":"wp","href":"https:\/\/api.w.org\/{rel}","templated":true}]}}