{"id":8973,"date":"2024-11-02T22:36:56","date_gmt":"2024-11-02T19:36:56","guid":{"rendered":"https:\/\/ewela.co\/?post_type=product&#038;p=8973"},"modified":"2025-11-26T10:15:26","modified_gmt":"2025-11-26T07:15:26","slug":"sac-bakim-maskesi","status":"publish","type":"product","link":"https:\/\/www.ewela.co\/tr\/urun\/sac-bakim-maskesi\/","title":{"rendered":"SA\u00c7 BAKIM MASKES\u0130"},"content":{"rendered":"<p><strong>Onar\u0131c\u0131, kurtar\u0131c\u0131 <\/strong><\/p>\n<p>\u00d6zellikle y\u0131kama sonras\u0131 sa\u00e7lar\u0131n hacimli ve parlak g\u00f6r\u00fcn\u00fcm kazanmas\u0131, yumu\u015famas\u0131 ve kolay taranmas\u0131n\u0131 sa\u011flar. F\u00f6n, boya gibi i\u015flemlerle olu\u015fan k\u0131r\u0131lma, \u00e7atalla\u015fma, mat g\u00f6r\u00fcn\u00fcm ve y\u0131pranmalar\u0131n onar\u0131m\u0131nda etkilidir.<\/p>\n<p>KULLANIMI<\/p>\n<p>Sa\u00e7lar\u0131n\u0131za masaj yaparak uygulad\u0131ktan sonra bir s\u00fcre bekleterek durulay\u0131n\u0131z.<\/p>\n<p>\u0130\u00c7\u0130NDEK\u0130LER \/ INGREDIENTS : Aqua, Cetyl Alcohol, Cetrimonium Chloride, Behentrimonium Chloride, Glycol Distearate, Cocamide MEA, Isopropyl Alcohol, Parfum, Panthenol, Dimethicone, Hydrolyzed Corn Protein, Ceteareth-12, Hydrolyzed Wheat Protein, Hydrolyzed Soy Protein, PEG-35 Castor Oil, Alcohol, Aesculus Hippocastanum Seed Extract, Linalool, Limonene, Propylene Glycol, Benzyl Alcohol, Tocopherol, Polysorbate 20, Benzyl Salicylate, Hexyl Cinnamal, Alpha-Isomethyl Ionone, Retinyl Palmitate, Linoleic Acid, Inositol, Calcium Pantothenate, Biotin, Methylisothiazolinone, Methylchloroisothiazolinone, CI 42090, CI 19140.<\/p>\n<p>UYARILAR : K\u0131zar\u0131kl\u0131k, ka\u015f\u0131nt\u0131, \u015fi\u015f gibi beklenmeyen herhangi bir etki g\u00f6r\u00fcld\u00fc\u011f\u00fcnde\u00a0 kullanmay\u0131 b\u0131rak\u0131n\u0131z. G\u00f6zle temas\u0131ndan ka\u00e7\u0131n\u0131n\u0131z, temas\u0131 halinde bol su ile y\u0131kay\u0131n\u0131z. Direk g\u00fcne\u015f \u0131\u015f\u0131\u011f\u0131ndan uzak tutunuz. \u00c7ocuklar\u0131n ula\u015famayaca\u011f\u0131 ve serin yerlerde muhafaza ediniz. Uygulamadan \u00f6nce alerji testi i\u00e7in el bile\u011finizin i\u00e7 y\u00fcz\u00fcnde deneyiniz. Yutuldu\u011fu takdirde ya da beklenmeyen farkl\u0131 bir etki g\u00f6r\u00fcld\u00fc\u011f\u00fcnde doktora ba\u015fvurunuz. A\u00e7\u0131k yaral\u0131 b\u00f6lgede kullanmay\u0131n\u0131z. Haricen kullan\u0131l\u0131r.<\/p>\n","protected":false},"excerpt":{"rendered":"<p><strong>Onar\u0131c\u0131, kurtar\u0131c\u0131 <\/strong><\/p>\n<p>\u00d6zellikle y\u0131kama sonras\u0131 sa\u00e7lar\u0131n hacimli ve parlak g\u00f6r\u00fcn\u00fcm kazanmas\u0131, yumu\u015famas\u0131 ve kolay taranmas\u0131n\u0131 sa\u011flar. F\u00f6n, boya gibi i\u015flemlerle olu\u015fan k\u0131r\u0131lma, \u00e7atalla\u015fma, mat g\u00f6r\u00fcn\u00fcm ve y\u0131pranmalar\u0131n onar\u0131m\u0131nda etkilidir.<\/p>\n","protected":false},"featured_media":9348,"template":"","meta":{"_acf_changed":false},"product_brand":[],"product_cat":[1187],"product_tag":[],"class_list":{"0":"post-8973","1":"product","2":"type-product","3":"status-publish","4":"has-post-thumbnail","6":"product_cat-sacbakim","8":"first","9":"instock","10":"sale","11":"taxable","12":"shipping-taxable","13":"purchasable","14":"product-type-simple"},"acf":[],"_links":{"self":[{"href":"https:\/\/www.ewela.co\/tr\/wp-json\/wp\/v2\/product\/8973","targetHints":{"allow":["GET"]}}],"collection":[{"href":"https:\/\/www.ewela.co\/tr\/wp-json\/wp\/v2\/product"}],"about":[{"href":"https:\/\/www.ewela.co\/tr\/wp-json\/wp\/v2\/types\/product"}],"wp:featuredmedia":[{"embeddable":true,"href":"https:\/\/www.ewela.co\/tr\/wp-json\/wp\/v2\/media\/9348"}],"wp:attachment":[{"href":"https:\/\/www.ewela.co\/tr\/wp-json\/wp\/v2\/media?parent=8973"}],"wp:term":[{"taxonomy":"product_brand","embeddable":true,"href":"https:\/\/www.ewela.co\/tr\/wp-json\/wp\/v2\/product_brand?post=8973"},{"taxonomy":"product_cat","embeddable":true,"href":"https:\/\/www.ewela.co\/tr\/wp-json\/wp\/v2\/product_cat?post=8973"},{"taxonomy":"product_tag","embeddable":true,"href":"https:\/\/www.ewela.co\/tr\/wp-json\/wp\/v2\/product_tag?post=8973"}],"curies":[{"name":"wp","href":"https:\/\/api.w.org\/{rel}","templated":true}]}}