{"id":8972,"date":"2024-11-02T22:30:56","date_gmt":"2024-11-02T19:30:56","guid":{"rendered":"https:\/\/ewela.co\/?post_type=product&#038;p=8972"},"modified":"2025-11-26T10:19:00","modified_gmt":"2025-11-26T07:19:00","slug":"sampuan-dokulmeye-karsi-etkili","status":"publish","type":"product","link":"https:\/\/www.ewela.co\/tr\/urun\/sampuan-dokulmeye-karsi-etkili\/","title":{"rendered":"\u015eAMPUAN | D\u00f6k\u00fclmeye kar\u015f\u0131 etkili"},"content":{"rendered":"<p>Bitkisel \u00f6zler, aktif maddeler ve vitaminler ile zenginle\u015ftirilmi\u015f form\u00fcl\u00fc sayesinde sa\u00e7lar\u0131n\u0131z\u0131 k\u00f6kten uca besleyerek, ihtiyac\u0131 olan g\u00fcce, canl\u0131l\u0131\u011fa ve parlakl\u0131\u011fa kavu\u015fmas\u0131n\u0131 sa\u011flayacakt\u0131r. Sa\u00e7 derinizin do\u011fal pH dengesi korunurken, g\u00fcn boyu y\u0131pranan sa\u00e7lar\u0131n\u0131z yeniden canlanacak.<\/p>\n<p>\u00d6zellikle k\u0131r\u0131lma, \u00e7atalla\u015fma, incelme gibi \u00f6rnekler g\u00f6steren; zay\u0131f kalm\u0131\u015f, y\u0131pranm\u0131\u015f ve d\u00f6k\u00fclen sa\u00e7 tipleri i\u00e7in etkilidir.<\/p>\n<p>KULLANIMI<\/p>\n<p>Sa\u00e7 ve sa\u00e7 derisi tamamen \u0131slat\u0131ld\u0131ktan sonra uygulay\u0131n\u0131z. Sa\u00e7 derisini bir s\u00fcre masaj \u015feklinde ovalad\u0131ktan sonra bol su ile durulay\u0131n\u0131z. Ayn\u0131 \u015fekilde ikinci kez 5 dakika kadar sa\u00e7ta bir s\u00fcre bekletildikten sonra tekrar bol su ile durulay\u0131p kurutunuz. Tercihen haftada iki kez uygulanmal\u0131d\u0131r.<\/p>\n<p><strong>AKT\u0130F \u0130\u00c7ER\u0130K<\/strong><\/p>\n<p><strong>Prokapil, Trikojen, Arjinin, \u00c7inko, Vitamin B5 &#8211; B3, Biotin, Apigenin, Ginseng | Atkuyru\u011fu | Hu\u015f a\u011fac\u0131 | Papatya | Dar\u0131 | Dulavrat otu | Aloevera | Ye\u015fil\u00e7ay | \u015eerbet\u00e7iotu | K\u0131na |Ada\u00e7ay\u0131 | Is\u0131rganotu ekstraktlar\u0131<\/strong><\/p>\n<p>\u0130\u00c7\u0130NDEK\u0130LER : Aqua, Sodium lauroyl sarcosinate, Cocamidopropyl Betaine, Cocomide DEA, PEG-150 Distearate, Butylene Glycol, Panax ginseng root extract, Glycol Distearate, Parfum, Glycerin, Equisetum Arvense Leaf Extract, Betula Alba Leaf Extract, Chamomilla Recutita Flower Extract, Panicum Miliaceum Seed Extract, Calcium pantothenate, Acetyl tyrosine, Arctium majus root extract, Arginine, Hydrolyzed soy protein, PEG-12 dimethicone, Polyquaternium-11, Zinc gluconate, Aloe Barbadensis Leaf Extract, Arctium Lappa Root Extract, Camellia Sinensis Leaf Extract, Humulus Lupulus Extract, Lawsonia Inermis Extract, Salvia Officinalis Leaf Extract, Urtica Dioica Leaf Extract, Niacin, Linalool, Limonene, Propylene glycol, Citrulline, Glucosamine HCl, Niacinamide, Ornithine HCl, Benzyl salicylate, Hexyl cinnamal, PPG-26-Buteth-26, PEG-40 Hydrogenated Castor Oil, Alpha-Isomethyl Ionone, Biotin, Apigenin, Benzyl Alcohol, Methylisothiazolinone, Methylchloro- isothiazolinone, Oleanolic Acid, Biotinoyl Tripeptide-1.<\/p>\n<p>UYARILAR : K\u0131zar\u0131kl\u0131k, ka\u015f\u0131nt\u0131, \u015fi\u015f gibi beklenmeyen herhangi bir etki g\u00f6r\u00fcld\u00fc\u011f\u00fcnde\u00a0 kullanmay\u0131 b\u0131rak\u0131n\u0131z. G\u00f6zle temas\u0131ndan ka\u00e7\u0131n\u0131n\u0131z, temas\u0131 halinde bol su ile y\u0131kay\u0131n\u0131z. Direk g\u00fcne\u015f \u0131\u015f\u0131\u011f\u0131ndan uzak tutunuz. \u00c7ocuklar\u0131n ula\u015famayaca\u011f\u0131 ve serin yerlerde muhafaza ediniz. Uygulamadan \u00f6nce alerji testi i\u00e7in el bile\u011finizin i\u00e7 y\u00fcz\u00fcnde deneyiniz. \u00c7ocuklar\u0131n kullan\u0131m\u0131na uygun de\u011fildir. Yutuldu\u011fu takdirde ya da beklenmeyen farkl\u0131 bir etki g\u00f6r\u00fcld\u00fc\u011f\u00fcnde doktora ba\u015fvurunuz. A\u00e7\u0131k yaral\u0131 b\u00f6lgede kullanmay\u0131n\u0131z. Haricen kullan\u0131l\u0131r.<\/p>\n","protected":false},"excerpt":{"rendered":"<p><strong>D\u00f6k\u00fclmeye kar\u015f\u0131 etkili | \u00c7ok ama\u00e7l\u0131 vitamin &amp; bitkisel kompleks<\/strong><\/p>\n<p>AKT\u0130F \u0130\u00c7ER\u0130K<\/p>\n<p>Prokapil, Trikojen, Arjinin, \u00c7inko, Vitamin B5 &#8211; B3, Biotin, Apigenin, Ginseng | Atkuyru\u011fu | Hu\u015f a\u011fac\u0131 | Papatya | Dar\u0131 | Dulavrat otu | Aloevera | Ye\u015fil\u00e7ay | \u015eerbet\u00e7iotu | K\u0131na |Ada\u00e7ay\u0131 | Is\u0131rganotu ekstraktlar\u0131.<\/p>\n","protected":false},"featured_media":9351,"template":"","meta":{"_acf_changed":false},"product_brand":[],"product_cat":[1187],"product_tag":[],"class_list":{"0":"post-8972","1":"product","2":"type-product","3":"status-publish","4":"has-post-thumbnail","6":"product_cat-sacbakim","8":"first","9":"instock","10":"sale","11":"taxable","12":"shipping-taxable","13":"purchasable","14":"product-type-simple"},"acf":[],"_links":{"self":[{"href":"https:\/\/www.ewela.co\/tr\/wp-json\/wp\/v2\/product\/8972","targetHints":{"allow":["GET"]}}],"collection":[{"href":"https:\/\/www.ewela.co\/tr\/wp-json\/wp\/v2\/product"}],"about":[{"href":"https:\/\/www.ewela.co\/tr\/wp-json\/wp\/v2\/types\/product"}],"wp:featuredmedia":[{"embeddable":true,"href":"https:\/\/www.ewela.co\/tr\/wp-json\/wp\/v2\/media\/9351"}],"wp:attachment":[{"href":"https:\/\/www.ewela.co\/tr\/wp-json\/wp\/v2\/media?parent=8972"}],"wp:term":[{"taxonomy":"product_brand","embeddable":true,"href":"https:\/\/www.ewela.co\/tr\/wp-json\/wp\/v2\/product_brand?post=8972"},{"taxonomy":"product_cat","embeddable":true,"href":"https:\/\/www.ewela.co\/tr\/wp-json\/wp\/v2\/product_cat?post=8972"},{"taxonomy":"product_tag","embeddable":true,"href":"https:\/\/www.ewela.co\/tr\/wp-json\/wp\/v2\/product_tag?post=8972"}],"curies":[{"name":"wp","href":"https:\/\/api.w.org\/{rel}","templated":true}]}}