{"id":8939,"date":"2024-11-02T22:04:19","date_gmt":"2024-11-02T19:04:19","guid":{"rendered":"https:\/\/ewela.co\/?post_type=product&#038;p=8939"},"modified":"2025-11-26T10:18:55","modified_gmt":"2025-11-26T07:18:55","slug":"sampuan-kepege-karsi-etkili","status":"publish","type":"product","link":"https:\/\/www.ewela.co\/tr\/urun\/sampuan-kepege-karsi-etkili\/","title":{"rendered":"\u015eAMPUAN | Kepe\u011fe kar\u015f\u0131 etkili"},"content":{"rendered":"<p>Bitkisel \u00f6zler, aktif maddeler ve vitaminler ile zenginle\u015ftirilmi\u015f form\u00fcl\u00fc sayesinde sa\u00e7lar\u0131n\u0131z\u0131 k\u00f6kten uca besleyerek, ihtiyac\u0131 olan g\u00fcce, canl\u0131l\u0131\u011fa ve parlakl\u0131\u011fa kavu\u015fmas\u0131n\u0131 sa\u011flayacakt\u0131r. Sa\u00e7 derinizin do\u011fal pH dengesi korunurken, g\u00fcn boyu y\u0131pranan sa\u00e7lar\u0131n\u0131z yeniden canlanacak.<\/p>\n<p>\u00d6zellikle kepeklenme ve seboreik dermatit benzeri sorunlar i\u00e7in etkilidir.<\/p>\n<p>KULLANIMI<\/p>\n<p>Sa\u00e7 ve sa\u00e7 derisi tamamen \u0131slat\u0131ld\u0131ktan sonra uygulay\u0131n\u0131z. Sa\u00e7 derisini bir s\u00fcre masaj \u015feklinde ovalad\u0131ktan sonra bol su ile durulay\u0131n\u0131z. Ayn\u0131 \u015fekilde ikinci kez 5 dakika kadar sa\u00e7ta bir s\u00fcre bekletildikten sonra tekrar bol su ile durulay\u0131p kurutunuz. Tercihen haftada iki kez uygulanmal\u0131d\u0131r.<\/p>\n<p><strong>AKT\u0130F \u0130\u00c7ER\u0130K<\/strong><\/p>\n<p><strong>Ard\u0131\u00e7 katran\u0131, \u00c7ay a\u011fac\u0131 ya\u011f\u0131, Selenyum s\u00fclfit, Salisilik asit, Pirokton olamin, Klimbazol, Vitamin B5 &#8211; B3, Biotin, Is\u0131rgan otu | Hu\u015f a\u011fac\u0131 | Papatya | Dar\u0131 | At kuyru\u011fu | Ada\u00e7ay\u0131 | Aloevera | Ye\u015fil\u00e7ay | Dulavrat otu | K\u0131na |\u00a0 \u015eerbet\u00e7i otu ekstraktlar\u0131.<\/strong><\/p>\n<p>\u0130\u00c7\u0130NDEK\u0130LER: Aqua, Sodium lauroyl sarcosinate, Cocamidopropyl Betaine, Sodium Cocoamphoacetate, Glyceryl Stearate, Cocomide DEA, Alcohol, Juniperus Oxycedrus Wood Tar, Propylene Glycol, Ceteareth-12, Melaleuca Alternifolia Leaf Oil, Selenium sulfide, Salicylic acid, Urtica Dioica Leaf Extract, Piroctone Olamine, Climbazole, Glycerin, Betula Alba Leaf Extract, Chamomilla Recutita Flower Extract, Panicum Miliaceum Seed Extract, Equisetum Arvense Leaf Extract, Salvia Officinalis, Leaf Extract, Aloe Barbadensis Extract, Camellia Sinensis Leaf Extract, Arctium Lappa Root Extract, Lawsonia Inermis Extract, Humulus Lupulus Extract, Calcium Pantothenate, Niacin, Biotin, Potassium Sorbate, Benzyl Alcohol, Methylchloroisothiazolinone, Methylisothiazolinone.<\/p>\n<p>UYARILAR : K\u0131zar\u0131kl\u0131k, ka\u015f\u0131nt\u0131, \u015fi\u015f gibi beklenmeyen herhangi bir etki g\u00f6r\u00fcld\u00fc\u011f\u00fcnde\u00a0 kullanmay\u0131 b\u0131rak\u0131n\u0131z. G\u00f6zle temas\u0131ndan ka\u00e7\u0131n\u0131n\u0131z, temas\u0131 halinde bol su ile y\u0131kay\u0131n\u0131z. Direk g\u00fcne\u015f \u0131\u015f\u0131\u011f\u0131ndan uzak tutunuz. \u00c7ocuklar\u0131n ula\u015famayaca\u011f\u0131 ve serin yerlerde muhafaza ediniz. Uygulamadan \u00f6nce alerji testi i\u00e7in el bile\u011finizin i\u00e7 y\u00fcz\u00fcnde deneyiniz. \u00c7ocuklar\u0131n kullan\u0131m\u0131na uygun de\u011fildir. Yutuldu\u011fu takdirde ya da beklenmeyen farkl\u0131 bir etki g\u00f6r\u00fcld\u00fc\u011f\u00fcnde doktora ba\u015fvurunuz. A\u00e7\u0131k yaral\u0131 b\u00f6lgede kullanmay\u0131n\u0131z. Haricen kullan\u0131l\u0131r.<\/p>\n","protected":false},"excerpt":{"rendered":"<p><strong>Kepe\u011fe kar\u015f\u0131 etkili | \u00c7ok ama\u00e7l\u0131 vitamin &amp; bitkisel kompleks<\/strong><\/p>\n<p>AKT\u0130F \u0130\u00c7ER\u0130K<\/p>\n<p>Ard\u0131\u00e7 katran\u0131, \u00c7ay a\u011fac\u0131 ya\u011f\u0131, Selenyum s\u00fclfit, Salisilik asit, Pirokton olamin, Klimbazol, Vitamin B5 &#8211; B3, Biotin, Is\u0131rgan otu | Hu\u015f a\u011fac\u0131 | Papatya | Dar\u0131 | At kuyru\u011fu | Ada\u00e7ay\u0131 | Aloevera | Ye\u015fil\u00e7ay | Dulavrat otu | K\u0131na |\u00a0 \u015eerbet\u00e7i otu ekstraktlar\u0131.<\/p>\n","protected":false},"featured_media":9354,"template":"","meta":{"_acf_changed":false},"product_brand":[],"product_cat":[1187],"product_tag":[],"class_list":{"0":"post-8939","1":"product","2":"type-product","3":"status-publish","4":"has-post-thumbnail","6":"product_cat-sacbakim","8":"first","9":"instock","10":"sale","11":"taxable","12":"shipping-taxable","13":"purchasable","14":"product-type-simple"},"acf":[],"_links":{"self":[{"href":"https:\/\/www.ewela.co\/tr\/wp-json\/wp\/v2\/product\/8939","targetHints":{"allow":["GET"]}}],"collection":[{"href":"https:\/\/www.ewela.co\/tr\/wp-json\/wp\/v2\/product"}],"about":[{"href":"https:\/\/www.ewela.co\/tr\/wp-json\/wp\/v2\/types\/product"}],"wp:featuredmedia":[{"embeddable":true,"href":"https:\/\/www.ewela.co\/tr\/wp-json\/wp\/v2\/media\/9354"}],"wp:attachment":[{"href":"https:\/\/www.ewela.co\/tr\/wp-json\/wp\/v2\/media?parent=8939"}],"wp:term":[{"taxonomy":"product_brand","embeddable":true,"href":"https:\/\/www.ewela.co\/tr\/wp-json\/wp\/v2\/product_brand?post=8939"},{"taxonomy":"product_cat","embeddable":true,"href":"https:\/\/www.ewela.co\/tr\/wp-json\/wp\/v2\/product_cat?post=8939"},{"taxonomy":"product_tag","embeddable":true,"href":"https:\/\/www.ewela.co\/tr\/wp-json\/wp\/v2\/product_tag?post=8939"}],"curies":[{"name":"wp","href":"https:\/\/api.w.org\/{rel}","templated":true}]}}