{"id":8727,"date":"2024-10-30T15:40:36","date_gmt":"2024-10-30T12:40:36","guid":{"rendered":"https:\/\/ewela.co\/?post_type=product&#038;p=8727"},"modified":"2025-11-26T10:14:09","modified_gmt":"2025-11-26T07:14:09","slug":"yuz-temizleme-kopugu","status":"publish","type":"product","link":"https:\/\/www.ewela.co\/tr\/urun\/yuz-temizleme-kopugu\/","title":{"rendered":"Y\u00dcZ TEM\u0130ZLEME K\u00d6P\u00dc\u011e\u00dc"},"content":{"rendered":"<p>Bitkisel \u00f6zler, aktif bile\u015fenler ve vitamin kompleksi sayesinde zenginle\u015ftirilmi\u015f form\u00fcl\u00fc ile cildinizi nemlendirirken, tahri\u015f etmeden temizlik sa\u011flar.<\/p>\n<p>Paraben ve S\u00fclfat i\u00e7ermez. Do\u011fal Aktifler i\u00e7erir. Hayvanlar \u00fczerinde test edilmez.<\/p>\n<ul>\n<li>Cildinizi tahri\u015f etmeden Makyaj Temizli\u011fi<\/li>\n<li>K\u00f6p\u00fck formuyla etkili ve kolay kullan\u0131m<\/li>\n<li>Nemlendirici ve besleyici aktif form\u00fcl<\/li>\n<\/ul>\n<p>AKT\u0130FLER:<\/p>\n<p>Vitamin E\/ A\/ B5\/ B8\/ F\/ H\u00a0 |\u00a0 At Kestanesi Ekstrakt\u0131 |\u00a0 Passiflora \u00c7i\u00e7e\u011fi Ekstrakt\u0131 |\u00a0 Aloe Vera Ekstrakt\u0131<\/p>\n<p>KULLANIMI :<\/p>\n<p>Avu\u00e7 i\u00e7erisine bir miktar k\u00f6p\u00fck alarak cildinize masaj yaparak uygulay\u0131n\u0131z. Daha iyi sonu\u00e7 almak i\u00e7in durulamadan \u00f6nce k\u00f6p\u00fc\u011f\u00fc cildinizde bir s\u00fcre bekletiniz.<\/p>\n<p>\u0130\u00c7\u0130NDEK\u0130LER :<\/p>\n<p>Aqua, Sodium lauroyl sarcosinate, Cocamidopropyl Betaine, Sodium Cocoamphoacetate, Glycerin, Propylene glycol, Passiflora Incarnata Flower Extract, Polysorbate-20, Aloe Barbadensis Leaf Extract, Parfum , PEG-35 Castor Oil, Alcohol, Aesculus Hippocastanum Seed Extract, Citric Acid, Tocopherol, Retinyl Palmitate, Inositol, Calcium Pantothenate, Linoleic Acid, Biotin, Potassium Sorbate, Benzyl Alcohol, Methylisothiazolinone, Methylchloroisothiazolinone,\u00a0 CI 42090.<\/p>\n<p>UYARILAR :<\/p>\n<p>K\u0131zar\u0131kl\u0131k, ka\u015f\u0131nt\u0131, \u015fi\u015fkinlik gibi beklenmeyen herhangi bir etki g\u00f6r\u00fcld\u00fc\u011f\u00fcnde\u00a0 kullanmay\u0131 b\u0131rak\u0131n\u0131z. G\u00f6zle temas\u0131ndan ka\u00e7\u0131n\u0131n\u0131z, temas\u0131 halinde bol su ile y\u0131kay\u0131n\u0131z. Direk g\u00fcne\u015f \u0131\u015f\u0131\u011f\u0131ndan uzak tutunuz. \u00c7ocuklar\u0131n ula\u015famayaca\u011f\u0131 ve serin yerlerde muhafaza ediniz. Uygulamadan \u00f6nce alerji testi i\u00e7in el bile\u011finizin i\u00e7 y\u00fcz\u00fcnde deneyiniz. \u00c7ocuklar\u0131n kullan\u0131m\u0131na uygun de\u011fildir. Yutuldu\u011fu takdirde ya da beklenmeyen farkl\u0131 bir etki g\u00f6r\u00fcld\u00fc\u011f\u00fcnde doktora ba\u015fvurunuz. A\u00e7\u0131k yaral\u0131 b\u00f6lgede kullanmay\u0131n\u0131z. Haricen kullan\u0131l\u0131r.<\/p>\n","protected":false},"excerpt":{"rendered":"<p><strong>Makyaj Temizleyici | \u00c7ok ama\u00e7l\u0131 vitamin &amp; bitkisel kompleks<\/strong><\/p>\n<p>Kendili\u011finden k\u00f6p\u00fcren formu sayesinde; cildin g\u00fcn boyu temas etti\u011fi kirlerden, \u00fcretti\u011fi fazla sebumdan ar\u0131nd\u0131\u011f\u0131n\u0131 ve t\u0131kanan g\u00f6zeneklerin derinlemesine temizli\u011fini hissedeceksiniz.<\/p>\n<p>Makyaj temizli\u011finiz i\u00e7in vazge\u00e7ilmez yard\u0131mc\u0131n\u0131z olacakt\u0131r.<\/p>\n","protected":false},"featured_media":9357,"template":"","meta":{"_acf_changed":false},"product_brand":[],"product_cat":[1186],"product_tag":[],"class_list":{"0":"post-8727","1":"product","2":"type-product","3":"status-publish","4":"has-post-thumbnail","6":"product_cat-ciltbakim","8":"first","9":"instock","10":"sale","11":"taxable","12":"shipping-taxable","13":"purchasable","14":"product-type-simple"},"acf":[],"_links":{"self":[{"href":"https:\/\/www.ewela.co\/tr\/wp-json\/wp\/v2\/product\/8727","targetHints":{"allow":["GET"]}}],"collection":[{"href":"https:\/\/www.ewela.co\/tr\/wp-json\/wp\/v2\/product"}],"about":[{"href":"https:\/\/www.ewela.co\/tr\/wp-json\/wp\/v2\/types\/product"}],"wp:featuredmedia":[{"embeddable":true,"href":"https:\/\/www.ewela.co\/tr\/wp-json\/wp\/v2\/media\/9357"}],"wp:attachment":[{"href":"https:\/\/www.ewela.co\/tr\/wp-json\/wp\/v2\/media?parent=8727"}],"wp:term":[{"taxonomy":"product_brand","embeddable":true,"href":"https:\/\/www.ewela.co\/tr\/wp-json\/wp\/v2\/product_brand?post=8727"},{"taxonomy":"product_cat","embeddable":true,"href":"https:\/\/www.ewela.co\/tr\/wp-json\/wp\/v2\/product_cat?post=8727"},{"taxonomy":"product_tag","embeddable":true,"href":"https:\/\/www.ewela.co\/tr\/wp-json\/wp\/v2\/product_tag?post=8727"}],"curies":[{"name":"wp","href":"https:\/\/api.w.org\/{rel}","templated":true}]}}