{"id":8599,"date":"2024-10-29T20:49:18","date_gmt":"2024-10-29T17:49:18","guid":{"rendered":"https:\/\/ewela.co\/?post_type=product&#038;p=8599"},"modified":"2025-11-26T10:17:30","modified_gmt":"2025-11-26T07:17:30","slug":"cilt-bakim-losyonu","status":"publish","type":"product","link":"https:\/\/www.ewela.co\/tr\/urun\/cilt-bakim-losyonu\/","title":{"rendered":"C\u0130LT BAKIM LOSYONU"},"content":{"rendered":"<p>Form\u00fcl\u00fcndeki yo\u011fun aktifler ve bitkisel \u00f6zlerle; cildinizi g\u00fcn boyu nemlendirirken, cilt bariyerinin korunmas\u0131na yard\u0131mc\u0131 olur. Ya\u011fl\u0131 his b\u0131rakmayan, emilimi h\u0131zl\u0131 form\u00fcl\u00fc ile cildi beslerken; yumu\u015fak, esnek, bak\u0131ml\u0131 ve sa\u011fl\u0131kl\u0131 bir g\u00f6r\u00fcn\u00fcm sa\u011flar.<\/p>\n<p>Paraben ve S\u00fclfat i\u00e7ermez. Do\u011fal Aktifler i\u00e7erir. Hayvanlar \u00fczerinde test edilmez.<\/p>\n<p>AKT\u0130FLER :<\/p>\n<p>Hyal\u00fcronik Asit\u00a0 |\u00a0 Passiflora \u00c7i\u00e7ek Ekstrakt\u0131 |\u00a0 Arnika \u00c7i\u00e7ek Ekstrakt\u0131 |\u00a0 Kaplan Otu Ekstrakt\u0131 |\u00a0 AloeVera Ekstrakt\u0131<\/p>\n<p>\u0130\u00c7\u0130NDEK\u0130LER :<\/p>\n<p>Aqua, Paraffinum Liquidum, Petrolatum, Glyceryl Stearate, Butyrospermum Parkii Butter, Ceteareth-12, Cetyl Alcohol, Dimethicone, PEG-40 Hydrogenated Castor Oil, Hypericum Perforatum Oil, Passiflora Incarnata Flower Extract, Arnica Montana Flower Extract, Centella Asiatica Extract, Aloe Barbadensis Leaf Extract, Parfum, Sodium Hyaluronate, Phenoxyethanol, Ethylhexylglycerin, Potassium Sorbate.<\/p>\n<p>UYARILAR :<\/p>\n<p>K\u0131zar\u0131kl\u0131k, ka\u015f\u0131nt\u0131, \u015fi\u015fkinlik gibi beklenmeyen herhangi bir etki g\u00f6r\u00fcld\u00fc\u011f\u00fcnde\u00a0 kullanmay\u0131 b\u0131rak\u0131n\u0131z. G\u00f6zle temas\u0131ndan ka\u00e7\u0131n\u0131n\u0131z, temas\u0131 halinde bol su ile y\u0131kay\u0131n\u0131z. Direk g\u00fcne\u015f \u0131\u015f\u0131\u011f\u0131ndan uzak tutunuz. \u00c7ocuklar\u0131n ula\u015famayaca\u011f\u0131 ve serin yerlerde muhafaza ediniz. Uygulamadan \u00f6nce alerji testi i\u00e7in el bile\u011finizin i\u00e7 y\u00fcz\u00fcnde deneyiniz. \u00c7ocuklar\u0131n kullan\u0131m\u0131na uygun de\u011fildir. Yutuldu\u011fu takdirde ya da beklenmeyen farkl\u0131 bir etki g\u00f6r\u00fcld\u00fc\u011f\u00fcnde doktora ba\u015fvurunuz. A\u00e7\u0131k yaral\u0131 b\u00f6lgede kullanmay\u0131n\u0131z. Haricen kullan\u0131l\u0131r.<\/p>\n","protected":false},"excerpt":{"rendered":"<p><strong>Yo\u011fun nemlendirici &amp;besleyici\u00a0 | \u00c7ok ama\u00e7l\u0131 vitamin &amp; bitkisel kompleks<\/strong><\/p>\n<p>Form\u00fcl\u00fcndeki yo\u011fun aktifler ve bitkisel \u00f6zlerle; cildinizi g\u00fcn boyu nemlendirirken, cilt bariyerinin korunmas\u0131na yard\u0131mc\u0131 olur. Ya\u011fl\u0131 his b\u0131rakmayan, emilimi h\u0131zl\u0131 form\u00fcl\u00fc ile cildi beslerken; yumu\u015fak, esnek, bak\u0131ml\u0131 ve sa\u011fl\u0131kl\u0131 bir g\u00f6r\u00fcn\u00fcm sa\u011flar.<\/p>\n","protected":false},"featured_media":9360,"template":"","meta":{"_acf_changed":false},"product_brand":[],"product_cat":[1186],"product_tag":[],"class_list":{"0":"post-8599","1":"product","2":"type-product","3":"status-publish","4":"has-post-thumbnail","6":"product_cat-ciltbakim","8":"first","9":"instock","10":"sale","11":"taxable","12":"shipping-taxable","13":"purchasable","14":"product-type-simple"},"acf":[],"_links":{"self":[{"href":"https:\/\/www.ewela.co\/tr\/wp-json\/wp\/v2\/product\/8599","targetHints":{"allow":["GET"]}}],"collection":[{"href":"https:\/\/www.ewela.co\/tr\/wp-json\/wp\/v2\/product"}],"about":[{"href":"https:\/\/www.ewela.co\/tr\/wp-json\/wp\/v2\/types\/product"}],"wp:featuredmedia":[{"embeddable":true,"href":"https:\/\/www.ewela.co\/tr\/wp-json\/wp\/v2\/media\/9360"}],"wp:attachment":[{"href":"https:\/\/www.ewela.co\/tr\/wp-json\/wp\/v2\/media?parent=8599"}],"wp:term":[{"taxonomy":"product_brand","embeddable":true,"href":"https:\/\/www.ewela.co\/tr\/wp-json\/wp\/v2\/product_brand?post=8599"},{"taxonomy":"product_cat","embeddable":true,"href":"https:\/\/www.ewela.co\/tr\/wp-json\/wp\/v2\/product_cat?post=8599"},{"taxonomy":"product_tag","embeddable":true,"href":"https:\/\/www.ewela.co\/tr\/wp-json\/wp\/v2\/product_tag?post=8599"}],"curies":[{"name":"wp","href":"https:\/\/api.w.org\/{rel}","templated":true}]}}