{"id":8581,"date":"2024-10-29T19:59:01","date_gmt":"2024-10-29T16:59:01","guid":{"rendered":"https:\/\/ewela.co\/?post_type=product&#038;p=8581"},"modified":"2025-04-18T00:01:06","modified_gmt":"2025-04-17T21:01:06","slug":"gunes-koruyucu-cilt-bakim-kremi","status":"publish","type":"product","link":"https:\/\/www.ewela.co\/tr\/urun\/gunes-koruyucu-cilt-bakim-kremi\/","title":{"rendered":"G\u00dcNE\u015e KORUYUCU KREM"},"content":{"rendered":"<p><strong>SPF 50+ | PEMBE TON <\/strong><\/p>\n<p><strong>YO\u011eUN NEMLEND\u0130R\u0130C\u0130\u00a0 |\u00a0 TON E\u015e\u0130TLEY\u0130C\u0130<\/strong><\/p>\n<p><strong>Yeni nesil mineral bazl\u0131 fiziksel filtre<\/strong><\/p>\n<p>Cilt tonunuzu m\u00fckemmel bir bazla e\u015fitleyen makyaj \u00f6ncesi tonlama kremidir.<\/p>\n<p>Aktif maddeler ve bitkisel \u00f6zler ile form\u00fcl\u00fc zenginle\u015ftirilmi\u015ftir.<\/p>\n<p>SPF50+ \u00f6zelli\u011fi sayesinde \u00fcst\u00fcn g\u00fcne\u015f bak\u0131m\u0131d\u0131r.<\/p>\n<p>Hassas cildinizi tahri\u015f etmeden, y\u00fcksek UV korumas\u0131 sa\u011flar.<\/p>\n<p>Mineral Filtre. Su ge\u00e7irmeyen koruma. Paraben i\u00e7ermez. Hayvanlar \u00fczerinde test edilmez.<\/p>\n<p>\u0130\u00c7\u0130NDEK\u0130LER :<\/p>\n<p>Aqua, Ethylhexyl Methoxycinnamate, Octocrylene, Cyclopentasiloxane, C12-15 Alkyl Lactate, Ethylhexyl Triazone, Titanium dioxide, Zinc Oxide, Isododecane, Vp\/hexadecene copolymer, 1,3 Butylene Glycol, Palmitic acid, Stearic Acid, Propylene Glycol, Parfum, Talc, Disteardimonium Hectorite, Hydrolyzed Collagen, Propylene Carbonate, Aluminum Hydroxide, Triethoxycaprylylsilane, Alpha-Arbutin, Iron Oxide Red, Phenoxyethanol, Ethylhexylglycerin.<\/p>\n<p>UYARILAR :<\/p>\n<p>K\u0131zar\u0131kl\u0131k, ka\u015f\u0131nt\u0131, \u015fi\u015fkinlik gibi beklenmeyen herhangi bir etki g\u00f6r\u00fcld\u00fc\u011f\u00fcnde\u00a0 kullanmay\u0131 b\u0131rak\u0131n\u0131z. G\u00f6zle temas\u0131ndan ka\u00e7\u0131n\u0131n\u0131z, temas\u0131 halinde bol su ile y\u0131kay\u0131n\u0131z. Direk g\u00fcne\u015f \u0131\u015f\u0131\u011f\u0131ndan uzak tutunuz. \u00c7ocuklar\u0131n ula\u015famayaca\u011f\u0131 ve serin yerlerde muhafaza ediniz. Uygulamadan \u00f6nce alerji testi i\u00e7in el bile\u011finizin i\u00e7 y\u00fcz\u00fcnde deneyiniz. \u00c7ocuklar\u0131n kullan\u0131m\u0131na uygun de\u011fildir. Yutuldu\u011fu takdirde ya da beklenmeyen farkl\u0131 bir etki g\u00f6r\u00fcld\u00fc\u011f\u00fcnde doktora ba\u015fvurunuz. A\u00e7\u0131k yaral\u0131 b\u00f6lgede kullanmay\u0131n\u0131z. Haricen kullan\u0131l\u0131r.<\/p>\n","protected":false},"excerpt":{"rendered":"<p><strong>SPF 50+ | PEMBE TON <\/strong><\/p>\n<p><strong>YO\u011eUN NEMLEND\u0130R\u0130C\u0130\u00a0 |\u00a0 TON E\u015e\u0130TLEY\u0130C\u0130<\/strong><\/p>\n<p><strong>Yeni nesil mineral bazl\u0131 fiziksel filtre<\/strong><\/p>\n<ul>\n<li>Suya, tere ve kuma kar\u015f\u0131 dayan\u0131kl\u0131 g\u00fc\u00e7l\u00fc form\u00fcl<\/li>\n<li>G\u00fcn boyu do\u011fal ve parlak ton e\u015fitleyici<\/li>\n<li>Ya\u011fl\u0131 his b\u0131rakmayan, hafif ve yumu\u015fak doku<\/li>\n<li>D\u00f6rt mevsim koruyucu nemlendirici etki<\/li>\n<li>Cildinizin ihtiyac\u0131 olan Hidrolize Kolajen ve leke kar\u015f\u0131t\u0131 Arbutin<\/li>\n<\/ul>\n","protected":false},"featured_media":9363,"template":"","meta":{"_acf_changed":false},"product_brand":[],"product_cat":[1186],"product_tag":[],"class_list":{"0":"post-8581","1":"product","2":"type-product","3":"status-publish","4":"has-post-thumbnail","6":"product_cat-ciltbakim","8":"first","9":"instock","10":"taxable","11":"shipping-taxable","12":"purchasable","13":"product-type-simple"},"acf":[],"_links":{"self":[{"href":"https:\/\/www.ewela.co\/tr\/wp-json\/wp\/v2\/product\/8581","targetHints":{"allow":["GET"]}}],"collection":[{"href":"https:\/\/www.ewela.co\/tr\/wp-json\/wp\/v2\/product"}],"about":[{"href":"https:\/\/www.ewela.co\/tr\/wp-json\/wp\/v2\/types\/product"}],"wp:featuredmedia":[{"embeddable":true,"href":"https:\/\/www.ewela.co\/tr\/wp-json\/wp\/v2\/media\/9363"}],"wp:attachment":[{"href":"https:\/\/www.ewela.co\/tr\/wp-json\/wp\/v2\/media?parent=8581"}],"wp:term":[{"taxonomy":"product_brand","embeddable":true,"href":"https:\/\/www.ewela.co\/tr\/wp-json\/wp\/v2\/product_brand?post=8581"},{"taxonomy":"product_cat","embeddable":true,"href":"https:\/\/www.ewela.co\/tr\/wp-json\/wp\/v2\/product_cat?post=8581"},{"taxonomy":"product_tag","embeddable":true,"href":"https:\/\/www.ewela.co\/tr\/wp-json\/wp\/v2\/product_tag?post=8581"}],"curies":[{"name":"wp","href":"https:\/\/api.w.org\/{rel}","templated":true}]}}