{"id":8560,"date":"2024-10-29T18:37:16","date_gmt":"2024-10-29T15:37:16","guid":{"rendered":"https:\/\/ewela.co\/?post_type=product&#038;p=8560"},"modified":"2025-11-26T10:10:39","modified_gmt":"2025-11-26T07:10:39","slug":"tirnak-bakim-serumu","status":"publish","type":"product","link":"https:\/\/www.ewela.co\/tr\/urun\/tirnak-bakim-serumu\/","title":{"rendered":"TIRNAK BAKIM SERUMU"},"content":{"rendered":"<p><strong>g\u00fc\u00e7lendirici, besleyici, onar\u0131c\u0131<\/strong><\/p>\n<p>AKT\u0130F \u0130\u00c7ER\u0130K : Tatl\u0131 Badem Ya\u011f\u0131, Zeytinya\u011f\u0131, Hint Ya\u011f\u0131, Jojoba Ya\u011f\u0131, Argan Ya\u011f\u0131, Limon U\u00e7ucuYa\u011f\u0131, E vitamini<\/p>\n<ul>\n<li>T\u0131rnaklar\u0131n daha h\u0131zl\u0131 uzamas\u0131n\u0131 sa\u011flar<\/li>\n<li>G\u00fc\u00e7lendirir ve k\u0131r\u0131lmalar\u0131n\u0131 \u00f6nler<\/li>\n<li>Daha parlak, d\u00fczg\u00fcn ve sa\u011fl\u0131kl\u0131 g\u00f6r\u00fcn\u00fcm<\/li>\n<li>T\u0131rnak cilas\u0131 ve oje ile kullan\u0131ma uygun<\/li>\n<\/ul>\n<p>D\u00fczenli kullan\u0131m \u00f6nerilir. T\u0131rnaklar\u0131n\u0131zdaki de\u011fi\u015fimin keyfini \u00e7\u0131kar\u0131n.<\/p>\n<p>Paraben ve Parf\u00fcm i\u00e7ermez. Do\u011fal Aktifler i\u00e7erir. Hayvanlar \u00fczerinde test edilmez.<\/p>\n<p>\u0130\u00c7\u0130NDEK\u0130LER :<\/p>\n<p>Prunus Amygdalus Dulcis Oil, Olea Europaea Fruit Oil, Ricinus Communis Seed Oil, Simmondsia chinensis seed oil, Argania spinosa kernel oil, Citrus Limon Seed Oil, Tocopheryl Acetate.<\/p>\n<p>UYARILAR :<\/p>\n<p>G\u00fcne\u015f \u0131\u015f\u0131\u011f\u0131ndan uzak tutunuz. \u00c7ocuklar\u0131n ula\u015famayaca\u011f\u0131 ve serin yerlerde muhafaza ediniz. Uygulamadan \u00f6nce alerji testi i\u00e7in el bile\u011finizin i\u00e7 y\u00fcz\u00fcnde deneyiniz. A\u00e7\u0131k yaral\u0131 b\u00f6lgelerde kullanmay\u0131n\u0131z. Haricen kullan\u0131l\u0131r. Yutuldu\u011fu takdirde ya da beklenmeyen bir etki g\u00f6r\u00fcld\u00fc\u011f\u00fcnde doktora ba\u015fvurunuz.<\/p>\n","protected":false},"excerpt":{"rendered":"<p>Do\u011fal i\u00e7erikleriyle zenginle\u015ftirilmi\u015f bu \u00f6zel kar\u0131\u015f\u0131m, t\u0131rnaklar\u0131n\u0131za ve t\u0131rnak etlerine bak\u0131m yaparak m\u00fckemmel sonu\u00e7lar sa\u011flar. T\u0131rnak y\u00fczeyini nemlendirerek, kuruma ve \u00e7atlamay\u0131 \u00f6nler. Besleyici \u00f6zelli\u011fi ile daha sa\u011fl\u0131kl\u0131 ve g\u00fc\u00e7l\u00fc olmalar\u0131n\u0131 destekler.<\/p>\n","protected":false},"featured_media":9373,"template":"","meta":{"_acf_changed":false},"product_brand":[],"product_cat":[1186],"product_tag":[],"class_list":{"0":"post-8560","1":"product","2":"type-product","3":"status-publish","4":"has-post-thumbnail","6":"product_cat-ciltbakim","8":"first","9":"instock","10":"sale","11":"taxable","12":"shipping-taxable","13":"purchasable","14":"product-type-simple"},"acf":[],"_links":{"self":[{"href":"https:\/\/www.ewela.co\/tr\/wp-json\/wp\/v2\/product\/8560","targetHints":{"allow":["GET"]}}],"collection":[{"href":"https:\/\/www.ewela.co\/tr\/wp-json\/wp\/v2\/product"}],"about":[{"href":"https:\/\/www.ewela.co\/tr\/wp-json\/wp\/v2\/types\/product"}],"wp:featuredmedia":[{"embeddable":true,"href":"https:\/\/www.ewela.co\/tr\/wp-json\/wp\/v2\/media\/9373"}],"wp:attachment":[{"href":"https:\/\/www.ewela.co\/tr\/wp-json\/wp\/v2\/media?parent=8560"}],"wp:term":[{"taxonomy":"product_brand","embeddable":true,"href":"https:\/\/www.ewela.co\/tr\/wp-json\/wp\/v2\/product_brand?post=8560"},{"taxonomy":"product_cat","embeddable":true,"href":"https:\/\/www.ewela.co\/tr\/wp-json\/wp\/v2\/product_cat?post=8560"},{"taxonomy":"product_tag","embeddable":true,"href":"https:\/\/www.ewela.co\/tr\/wp-json\/wp\/v2\/product_tag?post=8560"}],"curies":[{"name":"wp","href":"https:\/\/api.w.org\/{rel}","templated":true}]}}