{"id":10200,"date":"2025-06-14T11:58:52","date_gmt":"2025-06-14T08:58:52","guid":{"rendered":"https:\/\/www.ewela.co\/?post_type=product&#038;p=10200"},"modified":"2025-11-26T10:17:49","modified_gmt":"2025-11-26T07:17:49","slug":"jojoba-tohum-yagi-0-dogal","status":"publish","type":"product","link":"https:\/\/www.ewela.co\/tr\/urun\/jojoba-tohum-yagi-0-dogal\/","title":{"rendered":"JOJOBA TOHUM YA\u011eI (%100 Do\u011fal)"},"content":{"rendered":"<p>Do\u011fal jojoba ya\u011f\u0131, Simmondsia chinensis bitkisinin tohumlar\u0131ndan so\u011fuk pres y\u00f6ntemiyle elde edilen, %100 do\u011fal ve de\u011ferli bir bak\u0131m ya\u011f\u0131d\u0131r. K\u00f6keni binlerce y\u0131l \u00f6ncesine dayanan, do\u011fal ve \u00e7ok y\u00f6nl\u00fc bir bitki bazl\u0131 ya\u011fd\u0131r. Tarih boyunca \u00f6zellikle Yerli Amerikan kabileleri taraf\u0131ndan de\u011fer g\u00f6rm\u00fc\u015ft\u00fcr. Teknik olarak bir bitki mumu olan jojoba ya\u011f\u0131, s\u0131v\u0131 formda bulunur ve cilt taraf\u0131ndan kolayca emilir.<br \/>\nCilt bak\u0131m\u0131nda olduk\u00e7a pop\u00fcler olan jojoba ya\u011f\u0131, cildin do\u011fal nem dengesini destekler ve g\u00f6zenekleri t\u0131kamadan cilt \u00fczerinde koruyucu bir bariyer olu\u015fturur. Antioksidan ve anti-inflamatuar \u00f6zellikleri sayesinde akne olu\u015fumunu azaltmaya yard\u0131mc\u0131 olabilir. Ayn\u0131 zamanda makyaj temizleyici olarak da rahatl\u0131kla kullan\u0131labilir.<br \/>\nSa\u00e7 bak\u0131m\u0131nda ise sa\u00e7 derisini nemlendirerek sa\u011fl\u0131kl\u0131 bir sa\u00e7 g\u00f6r\u00fcn\u00fcm\u00fc destekler. Kepek olu\u015fumunu azaltabilir ve sa\u00e7lara do\u011fal bir parlakl\u0131k ve yumu\u015fakl\u0131k kazand\u0131r\u0131r. \u00d6zellikle kuru ve y\u0131pranm\u0131\u015f sa\u00e7 u\u00e7lar\u0131nda d\u00fczenli kullan\u0131m faydal\u0131d\u0131r.<br \/>\nKULLANIM \u015eEKL\u0130 :<br \/>\nCilt bak\u0131m\u0131nda temiz cilde birka\u00e7 damla do\u011frudan uygulanabilir. Sa\u00e7 bak\u0131m\u0131nda sa\u00e7 diplerine veya u\u00e7lar\u0131na masaj yap\u0131larak uygulanabilir. Makyaj temizli\u011fi i\u00e7in ise pamuk yard\u0131m\u0131yla kullan\u0131labilir. Ayr\u0131ca masaj ya\u011f\u0131 olarak da tek ba\u015f\u0131na ya da farkl\u0131 ya\u011flarla kar\u0131\u015ft\u0131r\u0131larak tercih edilebilir. 30 ml so\u011fuk s\u0131k\u0131m ta\u015f\u0131y\u0131c\u0131 (baz) ya\u011f i\u00e7erisine uygun g\u00f6rd\u00fc\u011f\u00fcn\u00fcz<br \/>\nu\u00e7ucu ya\u011f\u0131 5-6 damla olacak \u015fekilde kar\u0131\u015ft\u0131rarak kullanabilirsiniz..<br \/>\nHaricen kullan\u0131l\u0131r.<\/p>\n","protected":false},"excerpt":{"rendered":"<p>Do\u011fal jojoba ya\u011f\u0131, Simmondsia chinensis bitkisinin tohumlar\u0131ndan so\u011fuk pres y\u00f6ntemiyle elde edilen, %100 do\u011fal ve de\u011ferli bir bak\u0131m ya\u011f\u0131d\u0131r.<\/p>\n","protected":false},"featured_media":10202,"template":"","meta":{"_acf_changed":false},"product_brand":[],"product_cat":[1186],"product_tag":[],"class_list":{"0":"post-10200","1":"product","2":"type-product","3":"status-publish","4":"has-post-thumbnail","6":"product_cat-ciltbakim","8":"first","9":"instock","10":"sale","11":"taxable","12":"shipping-taxable","13":"purchasable","14":"product-type-simple"},"acf":[],"_links":{"self":[{"href":"https:\/\/www.ewela.co\/tr\/wp-json\/wp\/v2\/product\/10200","targetHints":{"allow":["GET"]}}],"collection":[{"href":"https:\/\/www.ewela.co\/tr\/wp-json\/wp\/v2\/product"}],"about":[{"href":"https:\/\/www.ewela.co\/tr\/wp-json\/wp\/v2\/types\/product"}],"wp:featuredmedia":[{"embeddable":true,"href":"https:\/\/www.ewela.co\/tr\/wp-json\/wp\/v2\/media\/10202"}],"wp:attachment":[{"href":"https:\/\/www.ewela.co\/tr\/wp-json\/wp\/v2\/media?parent=10200"}],"wp:term":[{"taxonomy":"product_brand","embeddable":true,"href":"https:\/\/www.ewela.co\/tr\/wp-json\/wp\/v2\/product_brand?post=10200"},{"taxonomy":"product_cat","embeddable":true,"href":"https:\/\/www.ewela.co\/tr\/wp-json\/wp\/v2\/product_cat?post=10200"},{"taxonomy":"product_tag","embeddable":true,"href":"https:\/\/www.ewela.co\/tr\/wp-json\/wp\/v2\/product_tag?post=10200"}],"curies":[{"name":"wp","href":"https:\/\/api.w.org\/{rel}","templated":true}]}}