{"id":10191,"date":"2025-06-14T11:50:21","date_gmt":"2025-06-14T08:50:21","guid":{"rendered":"https:\/\/www.ewela.co\/?post_type=product&#038;p=10191"},"modified":"2025-11-26T10:21:33","modified_gmt":"2025-11-26T07:21:33","slug":"corek-otu-tohum-yagi-0-dogal","status":"publish","type":"product","link":"https:\/\/www.ewela.co\/tr\/urun\/corek-otu-tohum-yagi-0-dogal\/","title":{"rendered":"\u00c7\u00d6REK OTU TOHUM YA\u011eI (%100 Do\u011fal)"},"content":{"rendered":"<p>\u0130\u00e7eri\u011finde timokinon, nigellon ve \u00e7e\u015fitli esansiyel ya\u011f asitleri bulunur.<br \/>\nBu ya\u011f, y\u00fczy\u0131llard\u0131r hem geleneksel t\u0131pta hem de modern ara\u015ft\u0131rmalarda sa\u011fl\u0131k destekleyici etkileriyle \u00f6ne \u00e7\u0131kmaktad\u0131r. M\u0131s\u0131r imparatoru Tutankamon\u2019un mezar\u0131nda \u00e7\u00f6rek otunun kendisi ve ya\u011f\u0131 bulunmu\u015ftur. Krali\u00e7e Nefertiti\u2019nin kozmetik bak\u0131mlar\u0131nda \u00e7\u00f6rek otu ya\u011f\u0131n\u0131 \u00e7ok kulland\u0131\u011f\u0131 kay\u0131tlara ge\u00e7mi\u015ftir. Kutsal tohum olarak isimlendirilmi\u015ftir.<\/p>\n<p>KULLANIM ALANLARI :<\/p>\n<p>Dahilen i\u00e7ildi\u011finde antilipidemik, antidiabetik, antiallerjik, metabolizma d\u00fczenleyici vb \u00e7e\u015fitli kullan\u0131mlar\u0131 mevcuttur. Mide ve ba\u011f\u0131rsak floras\u0131n\u0131 olumlu y\u00f6nde destekler. Sindirimi d\u00fczenler, haz\u0131ms\u0131zl\u0131k ve kab\u0131zl\u0131\u011fa iyi gelir. Timokinon maddesi sayesinde ba\u011f\u0131\u015f\u0131kl\u0131\u011f\u0131 g\u00fc\u00e7lendirici etkisi vard\u0131r. G\u00fcnde 1 \u00e7ay ka\u015f\u0131\u011f\u0131 a\u00e7 karn\u0131na t\u00fcketilebilir. Yo\u011furt, salata veya bal ile kar\u0131\u015ft\u0131r\u0131larak t\u00fcketilebilir. (Doktora dan\u0131\u015f\u0131lmal\u0131d\u0131r.)<\/p>\n<p>Haricen cilde uyguland\u0131\u011f\u0131nda antibakteriyel, antialerjiktir. Cildinize saf olarak veya u\u00e7ucu ya\u011flar ile kar\u0131\u015ft\u0131rarak uygulayabilirsiniz. Cilt \u00fczerine, yumu\u015fat\u0131c\u0131, yara iyile\u015ftirici, nemlendirici etki yapar. Egzama, akne gibi cilt problemlerinde destekleyici olarak kullan\u0131l\u0131r. Cildi s\u0131k\u0131la\u015ft\u0131r\u0131r. Cilt h\u00fccrelerini yenilemeye yard\u0131mc\u0131 olarak cilt sorunlar\u0131n\u0131 iyile\u015ftirmesini destekleyebilir.<\/p>\n","protected":false},"excerpt":{"rendered":"<p>\u00c7\u00f6rek otu ya\u011f\u0131, Nigella sativa bitkisinin tohumlar\u0131ndan so\u011fuk pres y\u00f6ntemiyle elde edilen bitkisel bir ya\u011fd\u0131r.<\/p>\n<p>Turuncu &#8211; kahverengi rengi, baharatl\u0131 karakteristik bir kokusu vard\u0131r.<\/p>\n","protected":false},"featured_media":10194,"template":"","meta":{"_acf_changed":false},"product_brand":[],"product_cat":[1186],"product_tag":[],"class_list":{"0":"post-10191","1":"product","2":"type-product","3":"status-publish","4":"has-post-thumbnail","6":"product_cat-ciltbakim","8":"first","9":"instock","10":"sale","11":"taxable","12":"shipping-taxable","13":"purchasable","14":"product-type-simple"},"acf":[],"_links":{"self":[{"href":"https:\/\/www.ewela.co\/tr\/wp-json\/wp\/v2\/product\/10191","targetHints":{"allow":["GET"]}}],"collection":[{"href":"https:\/\/www.ewela.co\/tr\/wp-json\/wp\/v2\/product"}],"about":[{"href":"https:\/\/www.ewela.co\/tr\/wp-json\/wp\/v2\/types\/product"}],"wp:featuredmedia":[{"embeddable":true,"href":"https:\/\/www.ewela.co\/tr\/wp-json\/wp\/v2\/media\/10194"}],"wp:attachment":[{"href":"https:\/\/www.ewela.co\/tr\/wp-json\/wp\/v2\/media?parent=10191"}],"wp:term":[{"taxonomy":"product_brand","embeddable":true,"href":"https:\/\/www.ewela.co\/tr\/wp-json\/wp\/v2\/product_brand?post=10191"},{"taxonomy":"product_cat","embeddable":true,"href":"https:\/\/www.ewela.co\/tr\/wp-json\/wp\/v2\/product_cat?post=10191"},{"taxonomy":"product_tag","embeddable":true,"href":"https:\/\/www.ewela.co\/tr\/wp-json\/wp\/v2\/product_tag?post=10191"}],"curies":[{"name":"wp","href":"https:\/\/api.w.org\/{rel}","templated":true}]}}