{"id":10188,"date":"2025-06-14T11:46:14","date_gmt":"2025-06-14T08:46:14","guid":{"rendered":"https:\/\/www.ewela.co\/?post_type=product&#038;p=10188"},"modified":"2025-11-26T10:20:02","modified_gmt":"2025-11-26T07:20:02","slug":"cilt-bakim-sabunu-0-dogal-lavanta","status":"publish","type":"product","link":"https:\/\/www.ewela.co\/tr\/urun\/cilt-bakim-sabunu-0-dogal-lavanta\/","title":{"rendered":"C\u0130LT BAKIM SABUNU (%100 Do\u011fal) &#8211; Lavanta"},"content":{"rendered":"<p>Y\u00fczy\u0131llard\u0131r sakinle\u015ftirici ve iyile\u015ftirici etkileriyle bilinen lavanta ya\u011f\u0131, bu do\u011fal sabunda geleneksel el yap\u0131m\u0131 \u00fcretimle bulu\u015fuyor. So\u011fuk proses y\u00f6ntemiyle haz\u0131rlanan sabunumuz, lavantan\u0131n huzur veren kokusunu ve cilt dostu faydalar\u0131n\u0131 cildinize ta\u015f\u0131yor. Hi\u00e7bir kimyasal katk\u0131 maddesi i\u00e7ermez, sadece do\u011fadan gelen saf bile\u015fenlerle \u00fcretilmi\u015ftir.<br \/>\nParf\u00fcm ve renklendirici i\u00e7ermez. Saf ve do\u011fal Lavanta u\u00e7ucu ya\u011f\u0131 ile haz\u0131rlanm\u0131\u015ft\u0131r.<br \/>\n\u0130\u00e7erisinde lavanta taneleri de bulunmaktad\u0131r.<br \/>\nSabunun do\u011fal yap\u0131s\u0131 gere\u011fi ciltte ve sa\u00e7larda kullan\u0131m\u0131 sonras\u0131 kuruluk hissi olu\u015fabilir.<br \/>\nLavanta U\u00e7ucu Ya\u011fl\u0131 Do\u011fal Sabunun Faydalar\u0131:<br \/>\nHassas ve ya\u011fl\u0131 ciltler i\u00e7in olduk\u00e7a etkili sonu\u00e7lar ortaya \u00e7\u0131kar\u0131r.<br \/>\nAntibakteriyel \u00f6zellikleriyle cildi derinlemesine temizler. Ter kokular\u0131n\u0131n giderilmesine yard\u0131mc\u0131 olur.<br \/>\nCilde canl\u0131l\u0131k ve zindelik kazand\u0131r\u0131r. Ayn\u0131 zamanda rahatlat\u0131c\u0131 ve ho\u015f kokusuyla aromaterapik bir etki de sa\u011flar.<\/p>\n","protected":false},"excerpt":{"rendered":"<p>Y\u00fczy\u0131llard\u0131r sakinle\u015ftirici ve iyile\u015ftirici etkileriyle bilinen lavanta ya\u011f\u0131, bu do\u011fal sabunda geleneksel el yap\u0131m\u0131 \u00fcretimle bulu\u015fuyor. So\u011fuk proses y\u00f6ntemiyle haz\u0131rlanan sabunumuz, lavantan\u0131n huzur veren kokusunu ve cilt dostu faydalar\u0131n\u0131 cildinize ta\u015f\u0131yor. Hi\u00e7bir kimyasal katk\u0131 maddesi i\u00e7ermez, sadece do\u011fadan gelen saf bile\u015fenlerle \u00fcretilmi\u015ftir.<\/p>\n<p>Parf\u00fcm ve renklendirici i\u00e7ermez.<\/p>\n<p>Saf ve do\u011fal Lavanta u\u00e7ucu ya\u011f\u0131 ile haz\u0131rlanm\u0131\u015ft\u0131r.<br \/>\n\u0130\u00e7erisinde lavanta taneleri de bulunmaktad\u0131r.<\/p>\n","protected":false},"featured_media":10185,"template":"","meta":{"_acf_changed":false},"product_brand":[],"product_cat":[1186],"product_tag":[],"class_list":{"0":"post-10188","1":"product","2":"type-product","3":"status-publish","4":"has-post-thumbnail","6":"product_cat-ciltbakim","8":"first","9":"instock","10":"sale","11":"taxable","12":"shipping-taxable","13":"purchasable","14":"product-type-simple"},"acf":[],"_links":{"self":[{"href":"https:\/\/www.ewela.co\/tr\/wp-json\/wp\/v2\/product\/10188","targetHints":{"allow":["GET"]}}],"collection":[{"href":"https:\/\/www.ewela.co\/tr\/wp-json\/wp\/v2\/product"}],"about":[{"href":"https:\/\/www.ewela.co\/tr\/wp-json\/wp\/v2\/types\/product"}],"wp:featuredmedia":[{"embeddable":true,"href":"https:\/\/www.ewela.co\/tr\/wp-json\/wp\/v2\/media\/10185"}],"wp:attachment":[{"href":"https:\/\/www.ewela.co\/tr\/wp-json\/wp\/v2\/media?parent=10188"}],"wp:term":[{"taxonomy":"product_brand","embeddable":true,"href":"https:\/\/www.ewela.co\/tr\/wp-json\/wp\/v2\/product_brand?post=10188"},{"taxonomy":"product_cat","embeddable":true,"href":"https:\/\/www.ewela.co\/tr\/wp-json\/wp\/v2\/product_cat?post=10188"},{"taxonomy":"product_tag","embeddable":true,"href":"https:\/\/www.ewela.co\/tr\/wp-json\/wp\/v2\/product_tag?post=10188"}],"curies":[{"name":"wp","href":"https:\/\/api.w.org\/{rel}","templated":true}]}}