{"id":10175,"date":"2025-06-14T11:38:42","date_gmt":"2025-06-14T08:38:42","guid":{"rendered":"https:\/\/www.ewela.co\/?post_type=product&#038;p=10175"},"modified":"2025-11-26T10:12:27","modified_gmt":"2025-11-26T07:12:27","slug":"cilt-bakim-sabunu-0-dogal-corekotu","status":"publish","type":"product","link":"https:\/\/www.ewela.co\/tr\/urun\/cilt-bakim-sabunu-0-dogal-corekotu\/","title":{"rendered":"C\u0130LT BAKIM SABUNU (%100 Do\u011fal) &#8211; \u00c7\u00f6rekOtu"},"content":{"rendered":"<p>Y\u00fczy\u0131llard\u0131r \u015fifa kayna\u011f\u0131 olarak bilinen \u00e7\u00f6rek otu, g\u00fc\u00e7l\u00fc antioksidan ve antimikrobiyal \u00f6zellikleriyle \u00f6n plana \u00e7\u0131kar. Bu e\u015fsiz sabun, geleneksel y\u00f6ntemlerle el yap\u0131m\u0131 olarak \u00fcretilmi\u015f, hi\u00e7bir kimyasal katk\u0131 maddesi i\u00e7ermeyen tamamen do\u011fal bir cilt bak\u0131m \u00fcr\u00fcn\u00fcd\u00fcr.<br \/>\nParf\u00fcm ve renklendirici i\u00e7ermez.<br \/>\nSaf ve do\u011fal \u00e7\u00f6rek otu ya\u011f\u0131 ile haz\u0131rlanm\u0131\u015ft\u0131r.<br \/>\n\u0130\u00e7erisinde \u00e7\u00f6rek otu tohumlar\u0131 da bulunmaktad\u0131r.<br \/>\nSabunun do\u011fal yap\u0131s\u0131 gere\u011fi ciltte ve sa\u00e7larda kullan\u0131m\u0131 sonras\u0131 kuruluk hissi olu\u015fabilir.<br \/>\n\u00c7\u00f6rek Otu Ya\u011fl\u0131 Do\u011fal Sabunun Faydalar\u0131:<br \/>\nCildi derinlemesine temizlerken, nem vererek \u00fcst\u00fcn bir bak\u0131m sa\u011flar.<br \/>\nCilt yenileyici \u00f6zelli\u011fiyle bilinen \u00e7\u00f6rek otu ya\u011f\u0131, kuru ve y\u0131pranm\u0131\u015f ciltlerin onar\u0131lmas\u0131na yard\u0131mc\u0131 olur.<\/p>\n","protected":false},"excerpt":{"rendered":"<p>Y\u00fczy\u0131llard\u0131r \u015fifa kayna\u011f\u0131 olarak bilinen \u00e7\u00f6rek otu, g\u00fc\u00e7l\u00fc antioksidan ve antimikrobiyal \u00f6zellikleriyle \u00f6n plana \u00e7\u0131kar.<\/p>\n<p>Bu e\u015fsiz sabun, geleneksel y\u00f6ntemlerle el yap\u0131m\u0131 olarak \u00fcretilmi\u015f, hi\u00e7bir kimyasal katk\u0131 maddesi i\u00e7ermeyen tamamen do\u011fal bir cilt bak\u0131m \u00fcr\u00fcn\u00fcd\u00fcr.<\/p>\n<p>Parf\u00fcm ve renklendirici i\u00e7ermez.<\/p>\n<p>Saf ve do\u011fal \u00e7\u00f6rek otu ya\u011f\u0131 ile haz\u0131rlanm\u0131\u015ft\u0131r.<\/p>\n<p>\u0130\u00e7erisinde \u00e7\u00f6rek otu tohumlar\u0131 da bulunmaktad\u0131r.<\/p>\n","protected":false},"featured_media":10183,"template":"","meta":{"_acf_changed":false},"product_brand":[],"product_cat":[1186],"product_tag":[],"class_list":{"0":"post-10175","1":"product","2":"type-product","3":"status-publish","4":"has-post-thumbnail","6":"product_cat-ciltbakim","8":"first","9":"instock","10":"sale","11":"taxable","12":"shipping-taxable","13":"purchasable","14":"product-type-simple"},"acf":[],"_links":{"self":[{"href":"https:\/\/www.ewela.co\/tr\/wp-json\/wp\/v2\/product\/10175","targetHints":{"allow":["GET"]}}],"collection":[{"href":"https:\/\/www.ewela.co\/tr\/wp-json\/wp\/v2\/product"}],"about":[{"href":"https:\/\/www.ewela.co\/tr\/wp-json\/wp\/v2\/types\/product"}],"wp:featuredmedia":[{"embeddable":true,"href":"https:\/\/www.ewela.co\/tr\/wp-json\/wp\/v2\/media\/10183"}],"wp:attachment":[{"href":"https:\/\/www.ewela.co\/tr\/wp-json\/wp\/v2\/media?parent=10175"}],"wp:term":[{"taxonomy":"product_brand","embeddable":true,"href":"https:\/\/www.ewela.co\/tr\/wp-json\/wp\/v2\/product_brand?post=10175"},{"taxonomy":"product_cat","embeddable":true,"href":"https:\/\/www.ewela.co\/tr\/wp-json\/wp\/v2\/product_cat?post=10175"},{"taxonomy":"product_tag","embeddable":true,"href":"https:\/\/www.ewela.co\/tr\/wp-json\/wp\/v2\/product_tag?post=10175"}],"curies":[{"name":"wp","href":"https:\/\/api.w.org\/{rel}","templated":true}]}}