{"id":10165,"date":"2025-06-14T11:24:24","date_gmt":"2025-06-14T08:24:24","guid":{"rendered":"https:\/\/www.ewela.co\/?post_type=product&#038;p=10165"},"modified":"2025-11-26T10:15:45","modified_gmt":"2025-11-26T07:15:45","slug":"kaskirpik-bakim-serumu","status":"publish","type":"product","link":"https:\/\/www.ewela.co\/tr\/urun\/kaskirpik-bakim-serumu\/","title":{"rendered":"KA\u015e&#038;K\u0130RP\u0130K BAKIM SERUMU"},"content":{"rendered":"<p>Do\u011fal i\u00e7eriklerle zenginle\u015ftirilmi\u015f bu \u00f6zel kar\u0131\u015f\u0131m, ka\u015f ve kirpiklerinize ger\u00e7ek bak\u0131m\u0131 yaparak m\u00fckemmel sonu\u00e7lar sa\u011flar.<br \/>\nBesleyici \u00f6zelli\u011fi ile daha sa\u011fl\u0131kl\u0131 ve daha g\u00fc\u00e7l\u00fc olmalar\u0131n\u0131 destekler.<br \/>\n\u0130\u00e7erdi\u011fi bitkisel \u00f6zler ve \u00fcst\u00fcn aktifler sayesinde ka\u015f ve kirpiklerinizin daha parlak, daha g\u00fcr ve sa\u011fl\u0131kl\u0131 g\u00f6r\u00fcnmesini sa\u011flar.<br \/>\nKolay ve etkili uygulama i\u00e7in tasarlanm\u0131\u015f f\u0131r\u00e7al\u0131 ambalaj\u0131 sayesinde, \u00e7ok daha iyi sonu\u00e7lar alman\u0131za yard\u0131mc\u0131 olur. Ger\u00e7ek etkisine ula\u015fmak i\u00e7in d\u00fczenli kullan\u0131m \u00f6nerilir.<br \/>\nKa\u015f ve kirpiklerinizdeki de\u011fi\u015fimin keyfini \u00e7\u0131kar\u0131n.<\/p>\n<p>AKT\u0130F \u0130\u00c7ER\u0130K : Panthenol, Apigenin, Aloe Barbadensis Leaf Extract, Simmondsia Chinensis Leaf Extract, Cocos Nucifera Fruit Extract, Corylus Avellana Seed Extract, Hydrolyzed Corn Protein, Hydrolyzed Wheat Protein, Hydrolyzed Soy Protein.<\/p>\n<p>B\u0130LE\u015eEN L\u0130STES\u0130 : Aqua, Glycerin, Panthenol, Xanthan gum, Aloe Barbadensis Leaf Extract, Simmondsia Chinensis Leaf Extract, Cocos Nucifera Fruit Extract, Corylus Avellana Seed Extract, Butylene Glycol, Hydrolyzed Corn Protein, Hydrolyzed Wheat Protein, Hydrolyzed Soy Protein, Apigenin, PEG-40 Hydrogenated Castor Oil, PPG-26-Buteth-26, Phenoxyethanol, Ethylhexylglycerin, Potassium Sorbate, Oleanolic Acid, Biotinoyl Tripeptide-1.<\/p>\n","protected":false},"excerpt":{"rendered":"<p><strong>g\u00fc\u00e7lendirici, besleyici, onar\u0131c\u0131<\/strong><\/p>\n<p>Do\u011fal i\u00e7eriklerle zenginle\u015ftirilmi\u015f bu \u00f6zel kar\u0131\u015f\u0131m, ka\u015f ve kirpiklerinize ger\u00e7ek bak\u0131m\u0131 yaparak m\u00fckemmel sonu\u00e7lar sa\u011flar.<br \/>\nBesleyici \u00f6zelli\u011fi ile daha sa\u011fl\u0131kl\u0131 ve daha g\u00fc\u00e7l\u00fc olmalar\u0131n\u0131 destekler.<br \/>\n\u0130\u00e7erdi\u011fi bitkisel \u00f6zler ve \u00fcst\u00fcn aktifler sayesinde ka\u015f ve kirpiklerinizin daha parlak, daha g\u00fcr ve sa\u011fl\u0131kl\u0131 g\u00f6r\u00fcnmesini sa\u011flar.<\/p>\n","protected":false},"featured_media":10167,"template":"","meta":{"_acf_changed":false},"product_brand":[],"product_cat":[1186],"product_tag":[],"class_list":{"0":"post-10165","1":"product","2":"type-product","3":"status-publish","4":"has-post-thumbnail","6":"product_cat-ciltbakim","8":"first","9":"instock","10":"sale","11":"taxable","12":"shipping-taxable","13":"purchasable","14":"product-type-simple"},"acf":[],"_links":{"self":[{"href":"https:\/\/www.ewela.co\/tr\/wp-json\/wp\/v2\/product\/10165","targetHints":{"allow":["GET"]}}],"collection":[{"href":"https:\/\/www.ewela.co\/tr\/wp-json\/wp\/v2\/product"}],"about":[{"href":"https:\/\/www.ewela.co\/tr\/wp-json\/wp\/v2\/types\/product"}],"wp:featuredmedia":[{"embeddable":true,"href":"https:\/\/www.ewela.co\/tr\/wp-json\/wp\/v2\/media\/10167"}],"wp:attachment":[{"href":"https:\/\/www.ewela.co\/tr\/wp-json\/wp\/v2\/media?parent=10165"}],"wp:term":[{"taxonomy":"product_brand","embeddable":true,"href":"https:\/\/www.ewela.co\/tr\/wp-json\/wp\/v2\/product_brand?post=10165"},{"taxonomy":"product_cat","embeddable":true,"href":"https:\/\/www.ewela.co\/tr\/wp-json\/wp\/v2\/product_cat?post=10165"},{"taxonomy":"product_tag","embeddable":true,"href":"https:\/\/www.ewela.co\/tr\/wp-json\/wp\/v2\/product_tag?post=10165"}],"curies":[{"name":"wp","href":"https:\/\/api.w.org\/{rel}","templated":true}]}}