{"id":10155,"date":"2025-06-14T00:32:04","date_gmt":"2025-06-13T21:32:04","guid":{"rendered":"https:\/\/www.ewela.co\/?post_type=product&#038;p=10155"},"modified":"2025-11-26T10:14:44","modified_gmt":"2025-11-26T07:14:44","slug":"goz-cevresi-bakim-serumu","status":"publish","type":"product","link":"https:\/\/www.ewela.co\/tr\/urun\/goz-cevresi-bakim-serumu\/","title":{"rendered":"G\u00d6Z \u00c7EVRES\u0130 BAKIM SERUMU"},"content":{"rendered":"<p>\u0130\u00e7eri\u011findeki yo\u011fun aktif maddeler ve bitkisel \u00f6zler sayesinde; ya\u015flanmaya ve d\u0131\u015f etkenlere ba\u011fl\u0131 g\u00f6z \u00e7evresinde olu\u015fan k\u0131r\u0131\u015f\u0131kl\u0131klar, g\u00f6z alt\u0131 torbalanmalar\u0131 ve koyu halkalar \u015feklinde beliren renk de\u011fi\u015fikliklerine kar\u015f\u0131 sava\u015fmak i\u00e7in form\u00fcle edilmi\u015f \u00fcst\u00fcn g\u00f6z \u00e7evresi bak\u0131m serumudur.<br \/>\nCildinize canl\u0131l\u0131k ve ayd\u0131nl\u0131k bir g\u00f6r\u00fcn\u00fcm kazand\u0131r\u0131r.<br \/>\nNemlendirici \u00f6zelli\u011fiyle cilt yap\u0131s\u0131n\u0131n elastikiyetini artt\u0131r\u0131r.<\/p>\n<p>AKT\u0130F \u0130\u00c7ER\u0130K : Collagen Hydrolysate, Hyaluronic Acid, Prunus Armeniaca Kernel Oil, Punica Granatum Seed Oil, Agrimonia Eupatoria Extract, Potentilla Erecta Root Extract, Ascophyllum Nodosum Extract, Saccharomyces Cerevisiae Extract, Vaccinium Angustifolium Fruit Extract.<\/p>\n<p>KULLANIMI : Gece uyku \u00f6ncesinde uygulanmas\u0131 ve \u00f6ncesinde belirli bir s\u00fcre buzdolab\u0131 vb. so\u011fuk bir ortamda bekletilmesi \u00f6nerilir. Ger\u00e7ek etkisini g\u00f6sterebilmesi i\u00e7in d\u00fczenli ve s\u00fcrekli kullan\u0131lmas\u0131 gerekmektedir.<\/p>\n<p>B\u0130LE\u015eEN L\u0130STES\u0130 : Aqua, Butyrospermum Parkii Butter, Prunus Armeniaca Kernel Oil, Glycerin, Ceteareth-12, Propylene Glycol, Punica Granatum Seed Oil, Glyceryl Stearate, PEG-100 Stearate, Polyglyceryl-6 Caprylate, Collagen Hydrolysate, Parfum, Sodium polyacrylate, Hyaluronic Acid, Polyglycerin-6, Glycyrrhetinic Acid, Proline, Betaine, Agrimonia Eupatoria Extract, Potentilla Erecta Root Extract, Ascophyllum Nodosum Extract, Saccharomyces Cerevisiae Extract, Vaccinium Angustifolium Fruit Extract, Phenoxyethanol, Ethylhexylglycerin.<\/p>\n","protected":false},"excerpt":{"rendered":"<p><strong>K\u0131r\u0131\u015f\u0131kl\u0131k, torbalanma ve koyu halka kar\u015f\u0131t\u0131<\/strong><br \/>\n<strong>Yo\u011fun nemlendirici ya\u015flanma kar\u015f\u0131t\u0131<\/strong><br \/>\n<strong>Ayd\u0131nl\u0131k g\u00f6r\u00fcn\u00fcm destekleyici<\/strong><\/p>\n","protected":false},"featured_media":10163,"template":"","meta":{"_acf_changed":false},"product_brand":[],"product_cat":[1186],"product_tag":[],"class_list":{"0":"post-10155","1":"product","2":"type-product","3":"status-publish","4":"has-post-thumbnail","6":"product_cat-ciltbakim","8":"first","9":"instock","10":"sale","11":"taxable","12":"shipping-taxable","13":"purchasable","14":"product-type-simple"},"acf":[],"_links":{"self":[{"href":"https:\/\/www.ewela.co\/tr\/wp-json\/wp\/v2\/product\/10155","targetHints":{"allow":["GET"]}}],"collection":[{"href":"https:\/\/www.ewela.co\/tr\/wp-json\/wp\/v2\/product"}],"about":[{"href":"https:\/\/www.ewela.co\/tr\/wp-json\/wp\/v2\/types\/product"}],"wp:featuredmedia":[{"embeddable":true,"href":"https:\/\/www.ewela.co\/tr\/wp-json\/wp\/v2\/media\/10163"}],"wp:attachment":[{"href":"https:\/\/www.ewela.co\/tr\/wp-json\/wp\/v2\/media?parent=10155"}],"wp:term":[{"taxonomy":"product_brand","embeddable":true,"href":"https:\/\/www.ewela.co\/tr\/wp-json\/wp\/v2\/product_brand?post=10155"},{"taxonomy":"product_cat","embeddable":true,"href":"https:\/\/www.ewela.co\/tr\/wp-json\/wp\/v2\/product_cat?post=10155"},{"taxonomy":"product_tag","embeddable":true,"href":"https:\/\/www.ewela.co\/tr\/wp-json\/wp\/v2\/product_tag?post=10155"}],"curies":[{"name":"wp","href":"https:\/\/api.w.org\/{rel}","templated":true}]}}