{"id":10144,"date":"2025-06-14T00:15:04","date_gmt":"2025-06-13T21:15:04","guid":{"rendered":"https:\/\/www.ewela.co\/?post_type=product&#038;p=10144"},"modified":"2025-11-26T10:22:07","modified_gmt":"2025-11-26T07:22:07","slug":"ahsap-koku-yayici-top-0-dogal","status":"publish","type":"product","link":"https:\/\/www.ewela.co\/tr\/urun\/ahsap-koku-yayici-top-0-dogal\/","title":{"rendered":"AH\u015eAP KOKU YAYICI TOP (%100 Do\u011fal)"},"content":{"rendered":"<p>Estetik ve do\u011fall\u0131\u011f\u0131n bulu\u015ftu\u011fu bu \u00f6zel \u00fcr\u00fcn, tamamen kay\u0131n a\u011fac\u0131ndan el i\u015f\u00e7ili\u011fiyle \u00fcretilmi\u015ftir. G\u00f6zenekli yap\u0131s\u0131 sayesinde \u00fczerine damlat\u0131lan do\u011fal u\u00e7ucu ya\u011f\u0131 yava\u015f\u00e7a emerek, kokuyu bulundu\u011fu ortama yayar. Elektrik, ate\u015f yada su gerektirmeyen \u00f6zel formuyla, sessiz ve sade bir aromaterapi deneyimi sunar.<\/p>\n<p>KULLANIM \u015eEKL\u0130 : Koku yay\u0131c\u0131n\u0131n \u00fcst y\u00fczeyine 5-10 damla u\u00e7ucu ya\u011f (lavanta, \u0131t\u0131r, nane, portakal vb.) damlat\u0131n. Ah\u015fap yap\u0131, u\u00e7ucu ya\u011f\u0131 yava\u015f\u00e7a emerek kokuyu ortama yaymaya ba\u015flar. Koku azald\u0131k\u00e7a tekrar damlatarak kullan\u0131m\u0131 s\u00fcrd\u00fcrebilirsiniz.<br \/>\nKULLANIM ALANLARI :<br \/>\nRahatlat\u0131c\u0131 uyku ortam\u0131<br \/>\nKonsantrasyon art\u0131r\u0131c\u0131 destek<br \/>\nFerahlat\u0131c\u0131 atmosfer<br \/>\nDo\u011fal kokuland\u0131rma \u00e7\u00f6z\u00fcm\u00fc<br \/>\nAromaterapi deste\u011fi<br \/>\nSa\u011fl\u0131kl\u0131, g\u00fcvenli ve s\u00fcrd\u00fcr\u00fclebilir do\u011fal bir dokunu\u015f<\/p>\n","protected":false},"excerpt":{"rendered":"<p>%100 do\u011fal kay\u0131n a\u011fac\u0131ndan elde edilmi\u015ftir. Plastik benzeri<br \/>\nyapay malzeme i\u00e7ermeyen, do\u011fa dostu bir alternatiftir.<\/p>\n<p>Kimyasal i\u00e7ermeyen, do\u011fal bir koku yay\u0131l\u0131m\u0131 sa\u011flar.<\/p>\n<p>Minimal ve \u015f\u0131k tasar\u0131m\u0131yla her dekorasyona uyum sa\u011flar.<\/p>\n<p>Ta\u015f\u0131nabilir yap\u0131s\u0131yla her ortamda kullan\u0131ma uygundur.<\/p>\n","protected":false},"featured_media":10146,"template":"","meta":{"_acf_changed":false},"product_brand":[],"product_cat":[1188],"product_tag":[],"class_list":{"0":"post-10144","1":"product","2":"type-product","3":"status-publish","4":"has-post-thumbnail","6":"product_cat-tabiat","8":"first","9":"instock","10":"sale","11":"taxable","12":"shipping-taxable","13":"purchasable","14":"product-type-simple"},"acf":[],"_links":{"self":[{"href":"https:\/\/www.ewela.co\/tr\/wp-json\/wp\/v2\/product\/10144","targetHints":{"allow":["GET"]}}],"collection":[{"href":"https:\/\/www.ewela.co\/tr\/wp-json\/wp\/v2\/product"}],"about":[{"href":"https:\/\/www.ewela.co\/tr\/wp-json\/wp\/v2\/types\/product"}],"wp:featuredmedia":[{"embeddable":true,"href":"https:\/\/www.ewela.co\/tr\/wp-json\/wp\/v2\/media\/10146"}],"wp:attachment":[{"href":"https:\/\/www.ewela.co\/tr\/wp-json\/wp\/v2\/media?parent=10144"}],"wp:term":[{"taxonomy":"product_brand","embeddable":true,"href":"https:\/\/www.ewela.co\/tr\/wp-json\/wp\/v2\/product_brand?post=10144"},{"taxonomy":"product_cat","embeddable":true,"href":"https:\/\/www.ewela.co\/tr\/wp-json\/wp\/v2\/product_cat?post=10144"},{"taxonomy":"product_tag","embeddable":true,"href":"https:\/\/www.ewela.co\/tr\/wp-json\/wp\/v2\/product_tag?post=10144"}],"curies":[{"name":"wp","href":"https:\/\/api.w.org\/{rel}","templated":true}]}}