{"id":9160,"date":"2024-12-09T13:26:49","date_gmt":"2024-12-09T10:26:49","guid":{"rendered":"https:\/\/ewela.co\/?page_id=9160"},"modified":"2025-04-14T19:47:44","modified_gmt":"2025-04-14T16:47:44","slug":"cerez-politikasi","status":"publish","type":"page","link":"https:\/\/www.ewela.co\/tr\/cerez-politikasi\/","title":{"rendered":"\u00c7erez Politikas\u0131"},"content":{"rendered":"<div class=\"fusion-fullwidth fullwidth-box fusion-builder-row-1 fusion-flex-container has-pattern-background has-mask-background nonhundred-percent-fullwidth non-hundred-percent-height-scrolling\" style=\"--awb-border-radius-top-left:0px;--awb-border-radius-top-right:0px;--awb-border-radius-bottom-right:0px;--awb-border-radius-bottom-left:0px;--awb-flex-wrap:wrap;\" ><div class=\"fusion-builder-row fusion-row fusion-flex-align-items-flex-start fusion-flex-content-wrap\" style=\"max-width:1216.8px;margin-left: calc(-4% \/ 2 );margin-right: calc(-4% \/ 2 );\"><div class=\"fusion-layout-column fusion_builder_column fusion-builder-column-0 fusion_builder_column_1_1 1_1 fusion-flex-column\" style=\"--awb-bg-size:cover;--awb-width-large:100%;--awb-margin-top-large:0px;--awb-spacing-right-large:1.92%;--awb-margin-bottom-large:20px;--awb-spacing-left-large:1.92%;--awb-width-medium:100%;--awb-order-medium:0;--awb-spacing-right-medium:1.92%;--awb-spacing-left-medium:1.92%;--awb-width-small:100%;--awb-order-small:0;--awb-spacing-right-small:1.92%;--awb-spacing-left-small:1.92%;\"><div class=\"fusion-column-wrapper fusion-column-has-shadow fusion-flex-justify-content-flex-start fusion-content-layout-column\"><div class=\"fusion-text fusion-text-1\"><p><strong>\u00c7erez Politikas\u0131<\/strong><\/p>\n<p>JONGLOR DI\u015e T\u0130C.LTD.\u015eT\u0130.\u2019ye (\u201cJONGLOR\u201d) aktar\u0131lan ki\u015fisel verilerin korunmas\u0131 konusundaki temel bilgilere a\u015fa\u011f\u0131da yer verilmi\u015ftir. JONGLOR, 6698 say\u0131l\u0131 Ki\u015fisel Verilerin Korunmas\u0131 Kanunu (\u201cKVKK\u201d) m. 10\u2019dan do\u011fan ayd\u0131nlatma y\u00fck\u00fcml\u00fcl\u00fc\u011f\u00fcn\u00fc yerine getirmek amac\u0131yla a\u015fa\u011f\u0131daki a\u00e7\u0131klamalar\u0131 m\u00fc\u015fterilerimizin ve web-sitemizi ve\/veya mobil uygulamalar\u0131m\u0131z\u0131 kullanan 3. ki\u015filerin dikkatine sunar. JONGLOR i\u015fbu Ki\u015fisel Verilerin Korunmas\u0131 Hakk\u0131nda A\u00e7\u0131klama metnini y\u00fcr\u00fcrl\u00fckteki mevzuatta yap\u0131labilecek de\u011fi\u015fiklikler \u00e7er\u00e7evesinde her zaman g\u00fcncelleme hakk\u0131n\u0131 sakl\u0131 tutar.<\/p>\n<p>1) JONGLOR\u2019un ki\u015fisel verileri toplamas\u0131n\u0131n yasal dayana\u011f\u0131 nedir?<\/p>\n<p>M\u00fc\u015fterilerimizin ki\u015fisel verilerinin kullan\u0131lmas\u0131 konusunda \u00e7e\u015fitli kanunlarda d\u00fczenlemeler bulunmaktad\u0131r. En ba\u015fta KVKK ile ki\u015fisel verilerin korunmas\u0131 esaslar\u0131 belirlenmi\u015ftir. Ayr\u0131ca 6563 Say\u0131l\u0131 Elektronik Ticaretin D\u00fczenlenmesi Hakk\u0131nda Kanun da ki\u015fisel verilerin korunmas\u0131na ili\u015fkin h\u00fck\u00fcm i\u00e7ermektedir. 5237 Say\u0131l\u0131 T\u00fcrk Ceza Kanunu h\u00fck\u00fcmleri yoluyla da ki\u015fisel verilerin korunmas\u0131 i\u00e7in baz\u0131 hallerde cezai yapt\u0131r\u0131mlar \u00f6ng\u00f6r\u00fclm\u00fc\u015ft\u00fcr.<\/p>\n<p>Di\u011fer yandan, 6502 say\u0131l\u0131 T\u00fcketicinin Korunmas\u0131 Hakk\u0131nda Kanun ve Mesafeli S\u00f6zle\u015fmeler Y\u00f6netmeli\u011fi\u2019nden do\u011fan y\u00fck\u00fcml\u00fcl\u00fcklerimizin ifas\u0131 amac\u0131yla verilerin toplanmas\u0131 ve kullan\u0131lmas\u0131 gerekmektedir.<\/p>\n<p>2) JONGLOR ki\u015fisel verilerin toplanmas\u0131nda hangi y\u00f6ntemleri kullan\u0131yor?<\/p>\n<p>www.ewela.co web sitesinden veya mobil uygulamalardan i\u015flem yapan m\u00fc\u015fterilerimizin verdikleri veriler, m\u00fc\u015fterilerimizin r\u0131zalar\u0131 ve mevzuat h\u00fck\u00fcmleri uyar\u0131nca JONGLOR taraf\u0131ndan i\u015flenmektedir.<\/p>\n<p>JONGLOR\u2019a ait olan www.ewela.co web sitesi \u00e7erez (cookie) kullanan bir sitedir. \u00c7erez; kullan\u0131lmakta olan cihaz\u0131n internet taray\u0131c\u0131s\u0131na ya da sabit diskine depolanarak s\u00f6z konusu cihaz\u0131n tespit edilmesine olanak tan\u0131yan, \u00e7o\u011funlukla harf ve say\u0131lardan olu\u015fan bir dosyad\u0131r.<\/p>\n<p>www.ewela.co ziyaret\u00e7ilerine daha iyi hizmet verebilmek amac\u0131yla ve yasal y\u00fck\u00fcml\u00fcl\u00fc\u011f\u00fc \u00e7er\u00e7evesinde, i\u015fbu Ki\u015fisel Verilerin Korunmas\u0131 Hakk\u0131nda A\u00e7\u0131klama metninde belirlenen ama\u00e7lar ve kapsam d\u0131\u015f\u0131nda kullan\u0131lmamak kayd\u0131 ile gezinme bilgilerinizi toplayacak, i\u015fleyecek, \u00fc\u00e7\u00fcnc\u00fc ki\u015filerle payla\u015facak ve g\u00fcvenli olarak saklayacakt\u0131r.<\/p>\n<p>www.ewela.co \u00e7erezleri; g\u00fcnl\u00fck dosyalar\u0131, bo\u015f gif dosyalar\u0131 ve\/veya \u00fc\u00e7\u00fcnc\u00fc taraf kaynaklar\u0131 yoluyla toplad\u0131\u011f\u0131 bilgileri tercihlerinizle ilgili bir \u00f6zet olu\u015fturmak amac\u0131yla depolar. www.ewela.co size \u00f6zel tan\u0131t\u0131m yapmak, promosyonlar ve pazarlama teklifleri sunmak, web sitesinin veya mobil uygulaman\u0131n i\u00e7eri\u011fini size g\u00f6re iyile\u015ftirmek ve\/veya tercihlerinizi belirlemek amac\u0131yla; site \u00fczerinde gezinme bilgilerinizi ve\/veya site \u00fczerindeki kullan\u0131m ge\u00e7mi\u015finizi izleyebilmektedir.<\/p>\n<p>www.ewela.co \u00e7evrimi\u00e7i ve \u00e7evrimd\u0131\u015f\u0131 olarak toplanan bilgiler gibi farkl\u0131 y\u00f6ntemlerle veya farkl\u0131 zamanlarda site \u00fczerinde sizden toplanan bilgileri e\u015fle\u015ftirebilir ve bu bilgileri \u00fc\u00e7\u00fcnc\u00fc taraflar gibi ba\u015fka kaynaklardan al\u0131nan bilgilerle birlikte kullanabilir.<\/p>\n<p>www.ewela.co mobil uygulamas\u0131nda oturum \u00e7erezleri ve kal\u0131c\u0131 \u00e7erezler kullanmaktad\u0131r. Oturum kimli\u011fi \u00e7erezi, taray\u0131c\u0131n\u0131z\u0131 kapatt\u0131\u011f\u0131n\u0131zda sona erer. Kal\u0131c\u0131 \u00e7erez ise sabit diskinizde uzun bir s\u00fcre kal\u0131r. \u0130nternet taray\u0131c\u0131n\u0131z\u0131n &#8220;yard\u0131m&#8221; dosyas\u0131nda verilen talimatlar\u0131 izleyerek veya \u201cwww.allaboutcookies.org\u201d veya \u201cwww.youronlinechoices.eu\u201d adresini ziyaret ederek kal\u0131c\u0131 \u00e7erezleri kald\u0131rabilir ve hem oturum \u00e7erezlerini hem de kal\u0131c\u0131 \u00e7erezleri reddedebilirsiniz. Kal\u0131c\u0131 \u00e7erezleri veya oturum \u00e7erezlerini reddederseniz, web sitesini, mobil uygulamay\u0131 kullanmaya devam edebilirsiniz fakat web sitesinin, mobil uygulaman\u0131n t\u00fcm i\u015flevlerine eri\u015femeyebilirsiniz veya eri\u015fiminiz s\u0131n\u0131rl\u0131 olabilir.<\/p>\n<p>3) \u0130nternet Sitesi \u00c7erezleri Nas\u0131l Kullan\u0131lmaktad\u0131r?<\/p>\n<p>JONGLOR\u2019a ait olan www.ewela.co web sitesi \u00e7erez (cookie) kullanan bir sitedir. \u00c7erez; kullan\u0131lmakta olan cihaz\u0131n internet taray\u0131c\u0131s\u0131na ya da sabit diskine depolanarak s\u00f6z konusu cihaz\u0131n tespit edilmesine olanak tan\u0131yan, \u00e7o\u011funlukla harf ve say\u0131lardan olu\u015fan bir dosyad\u0131r.<\/p>\n<p>www.ewela.co \u00e7erezleri; g\u00fcnl\u00fck dosyalar\u0131, bo\u015f gif dosyalar\u0131 ve\/veya \u00fc\u00e7\u00fcnc\u00fc taraf kaynaklar\u0131 yoluyla toplad\u0131\u011f\u0131 bilgileri tercihlerinizle ilgili bir \u00f6zet olu\u015fturmak amac\u0131yla depolar.<\/p>\n<p>Oturum \u00e7erezleri (session cookies) ve kal\u0131c\u0131 \u00e7erezler (persistent cookies) olmak \u00fczere sitelerimiz genelinde iki t\u00fcr \u00e7erez kullanmaktay\u0131z. Oturum \u00e7erezleri ge\u00e7ici \u00e7erezler olup sadece taray\u0131c\u0131n\u0131z\u0131 kapat\u0131ncaya kadar ge\u00e7erlidirler. Kal\u0131c\u0131 \u00e7erezler siz silinceye veya s\u00fcreleri doluncaya (bu \u015fekilde \u00e7erezlerin cihaz\u0131nda ne kadar kalaca\u011f\u0131, \u00e7erezlerin &#8220;kullan\u0131m \u00f6m\u00fcrlerine&#8221; ba\u011fl\u0131 olacakt\u0131r) kadar sabit diskinizde kal\u0131rlar.<\/p>\n<p>www.ewela.co \u00e7erezleri; yapt\u0131\u011f\u0131n\u0131z tercihleri hat\u0131rlamak ve web sitesi\/mobil uygulama kullan\u0131m\u0131n\u0131z\u0131 ki\u015fiselle\u015ftirmek i\u00e7in kullan\u0131r. Bu kullan\u0131m parolan\u0131z\u0131 kaydeden ve web sitesi\/mobil uygulama oturumunuzun s\u00fcrekli a\u00e7\u0131k kalmas\u0131n\u0131 sa\u011flayan, b\u00f6ylece her ziyaretinizde birden fazla kez parola girme zahmetinden kurtaran \u00e7erezleri ve web sitesi\/mobil uygulamaya daha sonraki ziyaretlerinizde sizi hat\u0131rlayan ve tan\u0131yan \u00e7erezleri i\u00e7erir.<\/p>\n<p>www.ewela.co web sitesine nereden ba\u011fland\u0131\u011f\u0131n\u0131z, web sitesi\/mobil uygulama \u00fczerinde hangi i\u00e7eri\u011fi g\u00f6r\u00fcnt\u00fcledi\u011finiz ve ziyaretinizin s\u00fcresi gibi web sitesini\/mobil uygulamay\u0131 nas\u0131l kulland\u0131\u011f\u0131n\u0131z\u0131n \u00f6l\u00e7\u00fcmlenmesi dahil olmak \u00fczere web sitesini\/mobil uygulamay\u0131 nas\u0131l kulland\u0131\u011f\u0131n\u0131z\u0131 tespit etmek i\u00e7in kullan\u0131r.<\/p>\n<p>www.ewela.co web sitesi \u00e7erezleri ayr\u0131ca; arama motorlar\u0131n\u0131, web sitesi, mobil uygulamas\u0131n\u0131 ve\/veya web sitesinin reklam verdi\u011fi internet sitelerini ziyaret etti\u011finizde ilginizi \u00e7ekebilece\u011fini d\u00fc\u015f\u00fcnd\u00fc\u011f\u00fc reklamlar\u0131 size sunabilmek i\u00e7in \u201creklam teknolojisini\u201d devreye sokmak amac\u0131yla kullanabilir. Reklam teknolojisi, size \u00f6zel reklamlar sunabilmek i\u00e7in web sitesine\/mobil uygulamaya ve web sitesinin reklam verdi\u011fi web sitelerine\/mobil uygulamalar\u0131na yapt\u0131\u011f\u0131n\u0131z \u00f6nceki ziyaretlerle ilgili bilgileri kullan\u0131r. Bu reklamlar\u0131 sunarken, web sitesinin sizi tan\u0131yabilmesi amac\u0131yla taray\u0131c\u0131n\u0131za benzersiz bir \u00fc\u00e7\u00fcnc\u00fc taraf \u00e7erezi yerle\u015ftirilebilir. JONGLOR ayr\u0131ca Google Inc. taraf\u0131ndan sa\u011flanan bir web analizi hizmeti olan Google Analytics kullanmaktad\u0131r. Google Analytics, \u00e7erezleri kullan\u0131c\u0131lar\u0131n web sitesini, mobil uygulamay\u0131 ve\/veya mobil sitesini nas\u0131l kulland\u0131klar\u0131n\u0131 istatistiki bilgiler\/raporlar ile analiz etmek amac\u0131yla kullan\u0131r. Google Analytics kullan\u0131m\u0131 hakk\u0131nda daha fazla bilgi i\u00e7in (reddetme se\u00e7enekleri dahil), \u015fu adresi ziyaret edebilirsiniz: http:\/\/www.google.com\/intl\/tr\/policies\/privacy\/#infocollect<\/p>\n<p>A\u015fa\u011f\u0131daki y\u00f6ntemleri kullanarak \u00e7erezlere izin verme ve reddetme imkan\u0131n\u0131 kullanabilirsiniz:<\/p>\n<table>\n<tbody>\n<tr>\n<td>Google Chrome<\/td>\n<td>:<\/td>\n<td>Taray\u0131c\u0131n\u0131z\u0131n adres b\u00f6l\u00fcm\u00fcnde yer alan, &#8220;kilit i\u015fareti&#8221;ni t\u0131klayarak, &#8220;\u00c7erezler\u201d sekmesinden \u00e7erezlere izin verebilir veya engelleyebilirsiniz.<\/td>\n<\/tr>\n<tr>\n<td>Internet Explorer<\/td>\n<td>:<\/td>\n<td>Taray\u0131c\u0131n\u0131z\u0131n sa\u011f \u00fcst b\u00f6l\u00fcm\u00fcnde yer alan \u201cAra\u00e7lar\u201d b\u00f6l\u00fcm\u00fcnden g\u00fcvenlik sekmesini t\u0131klayarak \u201cizin ver\u201d veya \u201cizin verme\u201d \u015feklinde \u00e7erezleri y\u00f6netebilirsiniz.<\/td>\n<\/tr>\n<tr>\n<td>Mozilla Firefox<\/td>\n<td>:<\/td>\n<td>Taray\u0131c\u0131n\u0131z\u0131n sa\u011f \u00fcst k\u00f6\u015fesinde yer alan \u201cmen\u00fcy\u00fc a\u00e7\u201d sekmesini t\u0131klay\u0131n\u0131z. \u201cSe\u00e7enekler\u201d g\u00f6rselini t\u0131klayarak \u201cGizlilik ve G\u00fcvenlik\u201d butonunu kullanarak \u00e7erezleri y\u00f6netebilirsiniz.<\/td>\n<\/tr>\n<tr>\n<td>Opera<\/td>\n<td>:<\/td>\n<td>Taray\u0131c\u0131n\u0131z\u0131n \u201cTercihler\u201d b\u00f6l\u00fcm\u00fcnde \u201cGeli\u015fmi\u015f\u201di se\u00e7erek \u201c\u00c7erezler\u201d b\u00f6l\u00fcm\u00fcnden \u00e7erez y\u00f6netimini yapabilirsiniz.<\/td>\n<\/tr>\n<tr>\n<td>Safari<\/td>\n<td>:<\/td>\n<td>Telefonunuzun \u201cAyarlar\u201d b\u00f6l\u00fcm\u00fcnden \u201csafari\u201d sekmesini se\u00e7ip, \u201cGizlilik ve G\u00fcvenlik\u201d B\u00f6l\u00fcm\u00fcnden t\u00fcm \u00e7erez y\u00f6netiminizi yapabilirsiniz.<\/td>\n<\/tr>\n<\/tbody>\n<\/table>\n<p>Yukar\u0131daki se\u00e7eneklerin yan\u0131 s\u0131ra; t\u00fcm \u00e7erezler hakk\u0131nda bilgi sahibi olmak ve \u00e7erez y\u00f6netimi i\u00e7in: https:\/\/www.allaboutcookies.org, https:\/\/www.youronlinechoices.eu\/ adresini ziyaret edebilirsiniz, veya &#8220;Privacy Badger&#8221; uygulamas\u0131n\u0131 kullanabilirsiniz (https:\/\/www.eff.org\/tr\/privacybadger). Kal\u0131c\u0131 \u00e7erezleri veya oturum \u00e7erezlerini reddederseniz, web sitesini, mobil uygulamay\u0131 ve mobil sitesini kullanmaya devam edebilirsiniz fakat web sitesinin, mobil uygulaman\u0131n ve mobil sitesinin t\u00fcm i\u015flevlerine eri\u015femeyebilirsiniz veya eri\u015fiminiz s\u0131n\u0131rl\u0131 olabilir.<\/p>\n<p>4) JONGLOR ki\u015fisel verileri hangi ama\u00e7larla kullan\u0131yor?<\/p>\n<p>JONGLOR, mevzuat\u0131n izin verdi\u011fi durumlarda ve \u00f6l\u00e7\u00fcde ki\u015fisel bilgilerinizi kaydedebilecek, saklayabilecek, g\u00fcncelleyebilecek, \u00fc\u00e7\u00fcnc\u00fc ki\u015filere a\u00e7\u0131klayabilecek, devredebilecek, s\u0131n\u0131fland\u0131rabilecek ve i\u015fleyebilecektir.<\/p>\n<p>Ki\u015fisel verileriniz \u015fu ama\u00e7larla kullan\u0131lmaktad\u0131r:<\/p>\n<ul>\n<li>web sitesi\/mobil uygulamalar \u00fczerinden al\u0131\u015fveri\u015f yapan\u0131n\/yapt\u0131ran\u0131n kimlik bilgilerini teyit etmek,<\/li>\n<li>ileti\u015fim i\u00e7in adres ve di\u011fer gerekli bilgileri kaydetmek,<\/li>\n<li>mesafeli sat\u0131\u015f s\u00f6zle\u015fmesi ve T\u00fcketicinin Korunmas\u0131 Hakk\u0131nda Kanun\u2019un ilgili maddeleri taht\u0131nda akdetti\u011fimiz s\u00f6zle\u015fmelerin ko\u015fullar\u0131, g\u00fcncel durumu ve g\u00fcncellemeler ile ilgili m\u00fc\u015fterilerimiz ile ileti\u015fime ge\u00e7mek, gerekli bilgilendirmeleri yapabilmek,<\/li>\n<li>elektronik (internet\/mobil vs.) veya ka\u011f\u0131t ortam\u0131nda i\u015fleme dayanak olacak t\u00fcm kay\u0131t ve belgeleri d\u00fczenlemek,<\/li>\n<li>mesafeli sat\u0131\u015f s\u00f6zle\u015fmesi ve T\u00fcketicinin Korunmas\u0131 Hakk\u0131nda Kanun\u2019un ilgili maddeleri taht\u0131nda akdetti\u011fimiz s\u00f6zle\u015fmeler uyar\u0131nca \u00fcstlenilen y\u00fck\u00fcml\u00fcl\u00fckleri ifa etmek,<\/li>\n<li>kamu g\u00fcvenli\u011fine ili\u015fkin hususlarda talep halinde ve mevzuat gere\u011fi kamu g\u00f6revlilerine bilgi verebilmek,<\/li>\n<li>m\u00fc\u015fterilerimize daha iyi bir al\u0131\u015fveri\u015f deneyimini sa\u011flamak, \u201cm\u00fc\u015fterilerimizin ilgi alanlar\u0131n\u0131 dikkate alarak\u201d m\u00fc\u015fterilerimizin ilgilenebilece\u011fi \u00fcr\u00fcnlerimiz hakk\u0131nda m\u00fc\u015fterilerimize bilgi verebilmek, kampanyalar\u0131 aktarmak,<\/li>\n<li>m\u00fc\u015fteri memnuniyetini art\u0131rmak, web sitesi ve\/veya mobil uygulamalardan al\u0131\u015fveri\u015f yapan m\u00fc\u015fterilerimizi tan\u0131yabilmek ve m\u00fc\u015fteri \u00e7evresi analizinde kullanabilmek, \u00e7e\u015fitli pazarlama ve reklam faaliyetlerinde kullanabilmek ve bu kapsamda anla\u015fmal\u0131 kurulu\u015flar arac\u0131l\u0131\u011f\u0131yla elektronik ortamda ve\/veya fiziki ortamda anketler d\u00fczenlemek,<\/li>\n<li>anla\u015fmal\u0131 kurumlar\u0131m\u0131z ve \u00e7\u00f6z\u00fcm ortaklar\u0131m\u0131z taraf\u0131ndan m\u00fc\u015fterilerimize \u00f6neri sunabilmek, hizmetlerimizle ilgili m\u00fc\u015fterilerimizi bilgilendirebilmek,<\/li>\n<li>hizmetlerimiz ile ilgili m\u00fc\u015fteri \u015fikayet ve \u00f6nerilerini de\u011ferlendirebilmek,<\/li>\n<li>yasal y\u00fck\u00fcml\u00fcl\u00fcklerimizi yerine getirebilmek ve y\u00fcr\u00fcrl\u00fckteki mevzuattan do\u011fan haklar\u0131m\u0131z\u0131 kullanabilmek.<\/li>\n<\/ul>\n<p>5) JONGLOR ki\u015fisel verilerinizi nas\u0131l koruyor?<\/p>\n<p>JONGLOR ile payla\u015f\u0131lan ki\u015fisel veriler, JONGLOR g\u00f6zetimi ve kontrol\u00fc alt\u0131ndad\u0131r. JONGLOR, y\u00fcr\u00fcrl\u00fckteki ilgili mevzuat h\u00fck\u00fcmleri gere\u011fince bilginin gizlili\u011finin ve b\u00fct\u00fcnl\u00fc\u011f\u00fcn\u00fcn korunmas\u0131 amac\u0131yla gerekli organizasyonu kurmak ve teknik \u00f6nlemleri almak ve uyarlamak konusunda veri sorumlusu s\u0131fat\u0131yla sorumlulu\u011fu \u00fcstlenmi\u015ftir.<\/p>\n<p>6) JONGLOR ki\u015fisel verilerinizi payla\u015f\u0131yor mu?<\/p>\n<p>M\u00fc\u015fterilerimize ait ki\u015fisel verilerin \u00fc\u00e7\u00fcnc\u00fc ki\u015filer ile payla\u015f\u0131m\u0131, m\u00fc\u015fterilerin izni \u00e7er\u00e7evesinde ger\u00e7ekle\u015fmekte ve kural olarak m\u00fc\u015fterimizin onay\u0131 olmaks\u0131z\u0131n ki\u015fisel verileri \u00fc\u00e7\u00fcnc\u00fc ki\u015filere aktar\u0131lmamaktad\u0131r.<\/p>\n<p>Bununla birlikte, yasal y\u00fck\u00fcml\u00fcl\u00fcklerimiz nedeniyle ve bunlarla s\u0131n\u0131rl\u0131 olmak \u00fczere mahkemeler ve di\u011fer kamu kurumlar\u0131 ile ki\u015fisel veriler payla\u015f\u0131lmaktad\u0131r. Ayr\u0131ca, taahh\u00fct etti\u011fimiz hizmetleri sa\u011flayabilmek ve verilen hizmetlerin kalite kontrol\u00fcn\u00fc yapabilmek i\u00e7in anla\u015fmal\u0131 \u00fc\u00e7\u00fcnc\u00fc ki\u015filere ki\u015fisel veri aktar\u0131m\u0131 yap\u0131lmaktad\u0131r.<\/p>\n<p>\u00dc\u00e7\u00fcnc\u00fc ki\u015filere veri aktar\u0131m\u0131 s\u0131ras\u0131nda hak ihlallerini \u00f6nlemek i\u00e7in gerekli teknik ve hukuki \u00f6nlemler al\u0131nmaktad\u0131r. Bununla birlikte, ki\u015fisel verileri alan \u00fc\u00e7\u00fcnc\u00fc ki\u015finin veri koruma politikalar\u0131ndan dolay\u0131 ve \u00fc\u00e7\u00fcnc\u00fc ki\u015finin sorumlulu\u011fundaki risk alan\u0131nda meydana gelen ihlallerden JONGLOR sorumlu de\u011fildir.<\/p>\n<p>Ki\u015fisel verileriniz JONGLOR\u2019un hissedarlar\u0131yla, do\u011frudan\/dolayl\u0131 yurti\u00e7i\/yurtd\u0131\u015f\u0131 i\u015ftiraklerimize, faaliyetlerimizi y\u00fcr\u00fctebilmek i\u00e7in i\u015fbirli\u011fi yapt\u0131\u011f\u0131m\u0131z program orta\u011f\u0131 kurum, kurulu\u015flarla, verilerin bulut ortam\u0131nda saklanmas\u0131 hizmeti ald\u0131\u011f\u0131m\u0131z yurti\u00e7i\/yurtd\u0131\u015f\u0131 ki\u015fi ve kurumlarla, m\u00fc\u015fterilerimize ticari elektronik iletilerin g\u00f6nderilmesi konusunda anla\u015fmal\u0131 oldu\u011fumuz yurti\u00e7i\/yurtd\u0131\u015f\u0131ndaki kurulu\u015flarla, Bankalararas\u0131 Kart Merkeziyle, anla\u015fmal\u0131 oldu\u011fumuz bankalarla ve sizlere daha iyi hizmet sunabilmek ve m\u00fc\u015fteri memnuniyetini sa\u011flayabilmek i\u00e7in \u00e7e\u015fitli pazarlama faaliyetleri kapsam\u0131nda yurti\u00e7i ve yurtd\u0131\u015f\u0131ndaki \u00e7e\u015fitli ajans, reklam \u015firketleri ve anket \u015firketleriyle ve yurti\u00e7i\/yurtd\u0131\u015f\u0131 di\u011fer \u00fc\u00e7\u00fcnc\u00fc ki\u015filerle ve ilgili i\u015f ortaklar\u0131m\u0131zla payla\u015f\u0131labilmektedir.<\/p>\n<p>7) Ki\u015fisel Verilerin Korunmas\u0131 Kanunu\u2019ndan do\u011fan haklar\u0131n\u0131z nelerdir?<\/p>\n<p>KVKK uyar\u0131nca ki\u015fisel verilerinizin;<\/p>\n<ol>\n<li>a) i\u015flenip i\u015flenmedi\u011fini \u00f6\u011frenme,<\/li>\n<li>b) i\u015flenmi\u015fse bilgi talep etme,<\/li>\n<li>c) i\u015flenme amac\u0131n\u0131 ve amac\u0131na uygun kullan\u0131l\u0131p kullan\u0131lmad\u0131\u011f\u0131n\u0131 \u00f6\u011frenme,<\/li>\n<li>d) yurt i\u00e7inde \/ yurt d\u0131\u015f\u0131nda aktar\u0131ld\u0131\u011f\u0131 3. ki\u015fileri bilme,<\/li>\n<li>e) eksik \/ yanl\u0131\u015f i\u015flenmi\u015fse d\u00fczeltilmesini isteme,<\/li>\n<li>f) KVKK\u2019n\u0131n 7. maddesinde \u00f6ng\u00f6r\u00fclen \u015fartlar \u00e7er\u00e7evesinde silinmesini \/ yok edilmesini isteme,<\/li>\n<li>g) aktar\u0131ld\u0131\u011f\u0131 3. ki\u015filere yukar\u0131da say\u0131lan (d) ve (e) bentleri uyar\u0131nca yap\u0131lan i\u015flemlerin bildirilmesini isteme,<\/li>\n<li>h) m\u00fcnhas\u0131ran otomatik sistemler ile analiz edilmesi nedeniyle aleyhinize bir sonucun ortaya \u00e7\u0131kmas\u0131na itiraz etme,<\/li>\n<li>i) KVKK\u2019ya ayk\u0131r\u0131 olarak i\u015flenmesi sebebiyle zarara u\u011framan\u0131z h\u00e2linde zarar\u0131n giderilmesini talep etme haklar\u0131na sahip oldu\u011funuzu hat\u0131rlatmak isteriz.<\/li>\n<\/ol>\n<p>8) Ki\u015fisel verilerle ilgili mevzuat de\u011fi\u015fikliklerinden nas\u0131l haberdar olabilirim?<\/p>\n<p>KVKK uyar\u0131nca sahip oldu\u011funuz haklar JONGLOR\u2019un y\u00fck\u00fcml\u00fcl\u00fckleridir. Ki\u015fisel verilerinizi bu bilin\u00e7le ve mevzuat\u0131n gerektirdi\u011fi \u00f6l\u00e7\u00fcde i\u015fledi\u011fimizi, yasal de\u011fi\u015fikliklerin olmas\u0131 halinde sayfam\u0131zda yer alan bu bilgileri yeni mevzuata uygun g\u00fcncelleyece\u011fimizi, yap\u0131lan g\u00fcncellemeleri de bu sayfa \u00fczerinden her zaman kolayl\u0131kla takip edebilece\u011finizi size bildirmek isteriz.<\/p>\n<p>9) Verinin g\u00fcncel ve do\u011fru tutuldu\u011fundan nas\u0131l emin olabilirim?<\/p>\n<p>KVKK\u2019n\u0131n 4. maddesi uyar\u0131nca JONGLOR\u2019un ki\u015fisel verilerinizi do\u011fru ve g\u00fcncel olarak tutma y\u00fck\u00fcml\u00fcl\u00fc\u011f\u00fc bulunmaktad\u0131r. Bu kapsamda JONGLOR\u2019un y\u00fcr\u00fcrl\u00fckteki mevzuattan do\u011fan y\u00fck\u00fcml\u00fcl\u00fcklerini yerine getirebilmesi i\u00e7in m\u00fc\u015fterilerimizin JONGLOR\u2019la do\u011fru ve g\u00fcncel verilerini payla\u015fmas\u0131 gerekmektedir. Verilerinizin herhangi bir surette de\u011fi\u015fikli\u011fe u\u011framas\u0131 halinde a\u015fa\u011f\u0131da belirtilen ileti\u015fim kanallar\u0131ndan bizimle ileti\u015fime ge\u00e7erek verilerinizi g\u00fcncellemenizi rica ederiz.<\/p>\n<p>10) JONGLOR\u2019a ki\u015fisel verilerinizle ilgili soru sormak ister misiniz?<\/p>\n<p>Ki\u015fisel veri saklama ve imha politikam\u0131z bulunmaktad\u0131r. Bize ki\u015fisel verilerinizle ilgili her t\u00fcrl\u00fc soru ve g\u00f6r\u00fc\u015fleriniz i\u00e7in\u00a0info@ewela.co \u00a0e-posta adresinden diledi\u011finiz zaman ula\u015fabilirsiniz.<\/p>\n<p>11) \u0130leti\u015fim Bilgileri<\/p>\n<p>\u015eirket Unvan\u0131: JONGLOR DI\u015e T\u0130CARET L\u0130M\u0130TED \u015e\u0130RKET\u0130<\/p>\n<p>Adres: \u0130kitelli O.S.B. Pikd\u00f6k\u00fcmc\u00fcler San. Sit. A-3 Blok No:1 Ba\u015fak\u015fehir \u0130stanbul<\/p>\n<p>\u0130kitelli V.D. 7291050704<\/p>\n<p>Ticaret Sicil No: 247959-5<\/p>\n<p>Mersis Numaras\u0131: 0729105070400001<\/p>\n<p>Kay\u0131tl\u0131 Elektronik Posta: piarkimya@hs01.kep.tr<\/p>\n<p>Telefon No: 08503025810<\/p>\n<\/div><\/div><\/div><\/div><\/div>\n","protected":false},"excerpt":{"rendered":"","protected":false},"author":1,"featured_media":0,"parent":0,"menu_order":0,"comment_status":"closed","ping_status":"closed","template":"","meta":{"_acf_changed":false,"footnotes":""},"class_list":["post-9160","page","type-page","status-publish","hentry"],"acf":[],"_links":{"self":[{"href":"https:\/\/www.ewela.co\/tr\/wp-json\/wp\/v2\/pages\/9160","targetHints":{"allow":["GET"]}}],"collection":[{"href":"https:\/\/www.ewela.co\/tr\/wp-json\/wp\/v2\/pages"}],"about":[{"href":"https:\/\/www.ewela.co\/tr\/wp-json\/wp\/v2\/types\/page"}],"author":[{"embeddable":true,"href":"https:\/\/www.ewela.co\/tr\/wp-json\/wp\/v2\/users\/1"}],"replies":[{"embeddable":true,"href":"https:\/\/www.ewela.co\/tr\/wp-json\/wp\/v2\/comments?post=9160"}],"version-history":[{"count":2,"href":"https:\/\/www.ewela.co\/tr\/wp-json\/wp\/v2\/pages\/9160\/revisions"}],"predecessor-version":[{"id":9311,"href":"https:\/\/www.ewela.co\/tr\/wp-json\/wp\/v2\/pages\/9160\/revisions\/9311"}],"wp:attachment":[{"href":"https:\/\/www.ewela.co\/tr\/wp-json\/wp\/v2\/media?parent=9160"}],"curies":[{"name":"wp","href":"https:\/\/api.w.org\/{rel}","templated":true}]}}