{"id":9158,"date":"2024-12-09T13:25:37","date_gmt":"2024-12-09T10:25:37","guid":{"rendered":"https:\/\/ewela.co\/?page_id=9158"},"modified":"2025-04-14T19:55:00","modified_gmt":"2025-04-14T16:55:00","slug":"kisisel-verilerin-korunmasi","status":"publish","type":"page","link":"https:\/\/www.ewela.co\/tr\/kisisel-verilerin-korunmasi\/","title":{"rendered":"Ki\u015fisel Verilerin Korunmas\u0131"},"content":{"rendered":"<div class=\"fusion-fullwidth fullwidth-box fusion-builder-row-1 fusion-flex-container has-pattern-background has-mask-background nonhundred-percent-fullwidth non-hundred-percent-height-scrolling\" style=\"--awb-border-radius-top-left:0px;--awb-border-radius-top-right:0px;--awb-border-radius-bottom-right:0px;--awb-border-radius-bottom-left:0px;--awb-flex-wrap:wrap;\" ><div class=\"fusion-builder-row fusion-row fusion-flex-align-items-flex-start fusion-flex-content-wrap\" style=\"max-width:1216.8px;margin-left: calc(-4% \/ 2 );margin-right: calc(-4% \/ 2 );\"><div class=\"fusion-layout-column fusion_builder_column fusion-builder-column-0 fusion_builder_column_1_1 1_1 fusion-flex-column\" style=\"--awb-bg-size:cover;--awb-width-large:100%;--awb-margin-top-large:0px;--awb-spacing-right-large:1.92%;--awb-margin-bottom-large:20px;--awb-spacing-left-large:1.92%;--awb-width-medium:100%;--awb-order-medium:0;--awb-spacing-right-medium:1.92%;--awb-spacing-left-medium:1.92%;--awb-width-small:100%;--awb-order-small:0;--awb-spacing-right-small:1.92%;--awb-spacing-left-small:1.92%;\"><div class=\"fusion-column-wrapper fusion-column-has-shadow fusion-flex-justify-content-flex-start fusion-content-layout-column\"><div class=\"fusion-text fusion-text-1\"><p><strong>Ki\u015fisel Verilerin Korunmas\u0131<\/strong><\/p>\n<p>Ki\u015fisel Verilerin Korunmas\u0131 Kanunu Kapsam\u0131nda \u00dcye Ayd\u0131nlatma Bildirimi<\/p>\n<p><strong>\u00a0<\/strong><\/p>\n<p>Bu Bildirim, JONGLOR D\u0131\u015f Ticaret Limited \u015eirketi (\u201c\u015eirket\u201d veya \u201cJONGLOR\u201d olarak an\u0131lacakt\u0131r) taraf\u0131ndan 6698 say\u0131l\u0131 Ki\u015fisel Verilerin Korunmas\u0131 Kanunu (\u201cKanun\u201d) ve Ayd\u0131nlatma Y\u00fck\u00fcml\u00fcl\u00fc\u011f\u00fcn\u00fcn Yerine Getirilmesinde Uyulacak Usul ve Esaslar Hakk\u0131nda Tebli\u011f kapsam\u0131nda haz\u0131rlanm\u0131\u015f olup,\u00a0<u>www.ewela.co<\/u>web sitesine (\u201cSite\u201d) \u00fcye olman\u0131z halinde \u00fcyeli\u011finiz boyunca ve nedeniyle taraf\u0131m\u0131zca i\u015flenebilecek ki\u015fisel verileriniz, ki\u015fisel veri toplama ve i\u015fleme y\u00f6ntemlerimiz, ama\u00e7lar\u0131m\u0131z ve hukuka uygunluk sebeplerimiz, ki\u015fisel verilerinizin kimlere aktar\u0131labilece\u011fi ve Kanun\u2019un 11. Maddesine g\u00f6re sahip oldu\u011funuz haklar\u0131n\u0131z hakk\u0131nda sizi ayd\u0131nlatmay\u0131 ama\u00e7lar.<\/p>\n<p>\u0130\u015fledi\u011fimiz Ki\u015fisel Verileriniz ve Ki\u015fisel Veri \u0130\u015fleme Ama\u00e7lar\u0131m\u0131z<\/p>\n<p>Site\u2019ye \u00fcye olman\u0131z nedeniyle ve \u00fcyeli\u011finiz s\u00fcresince i\u015fleyece\u011fimiz ki\u015fisel verileriniz genellikle;<\/p>\n<p>Kimlik verileri (ad\u0131n\u0131z-soyad\u0131n\u0131z, gerekli olmas\u0131 halinde T.C. kimlik numaran\u0131z),<\/p>\n<p>\u0130leti\u015fim verileri (adres, cep telefonu numaras\u0131, ev telefonu numaras\u0131, e-posta adresi),<\/p>\n<p>\u0130\u015flem g\u00fcvenli\u011fi verileri (\u015fifre bilgileri, log kay\u0131tlar\u0131 ve IP bilgileri, kullan\u0131c\u0131 bilgileri gibi),<\/p>\n<p>M\u00fc\u015fteri i\u015flem verileri (al\u0131\u015fveri\u015f tarihi, zaman\u0131, miktar\u0131, al\u0131\u015fveri\u015f i\u00e7eri\u011fi, \u00f6deme \u015fekli ve \u00f6deme detaylar\u0131, iletmeniz halinde talep, \u00f6neri ve \u015fik\u00e2yetleriniz),<\/p>\n<p>Pazarlama verileri (opsiyonel olarak payla\u015fmay\u0131 tercih etmeniz halinde do\u011fum tarihi, cinsiyet, il, il\u00e7e, demografik bilgiler, Site i\u00e7i bildirimlere \/\u00a0anketlere \/ tekliflere \/ kampanyalara kar\u015f\u0131 yakla\u015f\u0131mlar, al\u0131\u015fkanl\u0131klar, favoriler, be\u011feniler, davran\u0131\u015flar, tercihler, arama hareketleri, ge\u00e7mi\u015f al\u0131\u015fveri\u015fler,<br \/>\n\u00e7erez kay\u0131tlar\u0131, \u00e7erez ve reklam tan\u0131t\u0131c\u0131s\u0131\/kimli\u011fi bilgileri ve cihaz ID, \u00f6deme y\u00f6ntemleri ve tercihleri, ileti\u015fim tercihleri, anket cevaplar\u0131 gibi.)<\/p>\n<p>\u015eirketimiz, Kanun\u2019un 4. Maddesindeki genel ilkeleri g\u00f6zetmek suretiyle, me\u015fru ama\u00e7lar do\u011frultusunda ve ama\u00e7la ba\u011flant\u0131l\u0131 olarak toplamakta oldu\u011fu ki\u015fisel verilerinizi s\u0131kl\u0131kla;<\/p>\n<p>\u00dcyeli\u011finizin tesis edilmesi, \u00fcye bilgilerinizin kaydedilmesi, giri\u015flerinizde do\u011frulama yap\u0131labilmesi,<\/p>\n<p>\u00dcyelik s\u00f6zle\u015fmesinin gereklerinin yerine getirilebilmesi,<\/p>\n<p>Daha i\u015flevsel bir \u015fekilde tekrar t\u00fcm \u00fcyelik bilgilerinin girilmesine gerek kalmaks\u0131z\u0131n Site\u2019ye giri\u015f ve al\u0131\u015fveri\u015f yap\u0131labilmesinin sa\u011flanmas\u0131,<\/p>\n<p>\u00dcyelik i\u015flemleri s\u0131ras\u0131nda ya da JONGLOR\u2019a ba\u015fka kanallardan verece\u011finiz bilgilerinizin g\u00fcncellenmesi ve\/veya daha sonra de\u011fi\u015ftirece\u011finiz bilgilerinizin\u00a0t\u00fcm \u00fcyeliklerinize ili\u015fkin vermi\u015f oldu\u011funuz bilgiler i\u00e7in de g\u00fcncellenmesinin sa\u011flanmas\u0131, bu suretle ki\u015fisel verilerinizi g\u00fcncel olarak tutma\u00a0y\u00fck\u00fcml\u00fcl\u00fc\u011f\u00fcm\u00fcz\u00fcn yerine getirilmesi,<\/p>\n<p>Sitenin y\u00f6netilmesi, kullan\u0131c\u0131lara sunulan hizmetlerin iyile\u015ftirilmesi, kullan\u0131c\u0131 deneyimlerinin geli\u015ftirilmesi, Site\u2019deki g\u00fcvenlik a\u00e7\u0131klar\u0131n\u0131n ve internet\u00a0sitesinde olu\u015fan hatalar\u0131n en h\u0131zl\u0131 \u015fekilde giderilebilmesi,<\/p>\n<p>\u00dcr\u00fcnlerimiz, deneyimleriniz ve Site\u2019de payla\u015f\u0131lan i\u00e7erikler hakk\u0131nda yorum, \u00f6neri ve taleplerinizin al\u0131nmas\u0131, bunlar\u0131n de\u011ferlendirilmesi, gereken\u00a0hallerde yan\u0131tlanmas\u0131 ve sizlerle ileti\u015fim kurulmas\u0131,<\/p>\n<p>Tercih ve be\u011fenilerin \u00f6l\u00e7\u00fcmlenmesi, analitik \u00e7al\u0131\u015fmalar\u0131n yap\u0131labilmesi, reklam ve duyurular\u0131n planlanabilmesi,<\/p>\n<p>JONGLOR\u2019a ait reklamlar\u0131n ve pazarlama\/ileti\u015fim faaliyetlerinin (Site\u2019deki bildirimler, pop-up g\u00f6sterimi, teklifler, kullan\u0131c\u0131 ekranlar\u0131n\u0131n \u00f6zelle\u015ftirilmesi, anket gibi) yap\u0131lmas\u0131,<\/p>\n<p>M\u00fc\u015fteri deneyimini iyile\u015ftirmeye y\u00f6nelik \u00e7al\u0131\u015fmalar\u0131n ve operasyonel s\u00fcre\u00e7lere ili\u015fkin planlama, analiz ve i\u015f geli\u015ftirme \u00e7al\u0131\u015fmalar\u0131n\u0131n yap\u0131lmas\u0131,<\/p>\n<p>Segmentasyon, profilleme, raporlama, pazarlama ve analiz \u00e7al\u0131\u015fmalar\u0131 gibi pazarlama faaliyetlerinin y\u00fcr\u00fct\u00fclmesi,<\/p>\n<p>Talep etmeniz halinde sizlere g\u00fcncel bilgiler, \u00fcr\u00fcnlerimizin tan\u0131t\u0131m\u0131, kampanyalar, gelecek etkinlikler ve yeniliklerimiz hakk\u0131nda bilgi vermek i\u00e7in sizinle ileti\u015fim kurulmas\u0131,<\/p>\n<p>Al\u0131\u015fveri\u015f i\u015fleminin ger\u00e7ekle\u015ftirilmesi, sipari\u015f haz\u0131rlama, paketleme, sevk irsaliyesi haz\u0131rlama, kargolama, teslimat bilgilerinin g\u00fcncellenmesi, \u00fcr\u00fcn\u00fcn taraf\u0131n\u0131za teslim edilmesi gibi s\u00f6zle\u015fme y\u00fck\u00fcml\u00fcl\u00fcklerimizin ifa edilmesi,<\/p>\n<p>Sat\u0131\u015f sonras\u0131 operasyonel i\u015flemlerin (iade, \u00fcr\u00fcn incelemesi vs.) yerine getirilebilmesi,<\/p>\n<p>Fatura, e-fatura d\u00fczenlenmesi gibi finans ve muhasebe i\u015flemlerinin yerine getirilebilmesi,<\/p>\n<p>Saklama ve ar\u015fiv faaliyetlerinin y\u00fcr\u00fct\u00fclebilmesi,<\/p>\n<p>Veri sorumlusu operasyonlar\u0131n\u0131n g\u00fcvenli\u011fi,<\/p>\n<p>Y\u00fcr\u00fcrl\u00fckteki mevzuattan do\u011fan y\u00fck\u00fcml\u00fcl\u00fcklerimizin yerine getirilmesi,<\/p>\n<p>Gereken hallerde yetkili ki\u015fi, kurum ve kurulu\u015flara bilgi verilmesi i\u00e7in hukuka ve d\u00fcr\u00fcstl\u00fck kurallar\u0131na uygun, belirli, a\u00e7\u0131k ve me\u015fru ama\u00e7lar do\u011frultusunda i\u015flemektedir.<\/p>\n<p>Ki\u015fisel Verilerinizi Toplama Y\u00f6ntemlerimiz ve Hukuka Uygunluk Sebeplerimiz<\/p>\n<p>Ki\u015fisel verileriniz, yukar\u0131da yer verilen ama\u00e7lar do\u011frultusunda\u00a0Site\u2019yi\u00a0ziyaretleriniz esnas\u0131nda \u00e7evrimi\u00e7i olarak, bu ziyaretler s\u0131ras\u0131nda iletmeniz halinde yaz\u0131l\u0131 ve elektronik ortamda taraf\u0131n\u0131zdan toplanmaktad\u0131r.<\/p>\n<p>Ki\u015fisel verileriniz, Kanun\u2019un;<u>\u00a0<\/u>5\/2 (a) bendinde d\u00fczenlene\u00a0<em>\u201ckanunlarda a\u00e7\u0131k\u00e7a \u00f6ng\u00f6r\u00fclmesi\u201d,\u00a0<\/em>5\/2 (c) bendinde d\u00fczenlenen\u00a0<em>\u201cs\u00f6zle\u015fmenin kurulmas\u0131 ya da ifas\u0131 i\u00e7in gerekli olmas\u0131\u201d,\u00a0<\/em>5\/2 (\u00e7) bendinde d\u00fczenlenen\u00a0<em>\u201cveri sorumlusunun hukuki y\u00fck\u00fcml\u00fcl\u00fc\u011f\u00fcn\u00fc yerine getirebilmesi i\u00e7in zorunlu olmas\u0131\u201d,\u00a0<\/em>5\/2 (e) bendinde d\u00fczenlenen\u00a0<em>\u201cbir hakk\u0131n tesisi, kullan\u0131lmas\u0131 veya korunmas\u0131 i\u00e7in veri i\u015flemenin zorunlu olmas\u0131\u201d,\u00a0<\/em>5\/2 (f) bendinde d\u00fczenlenen,\u00a0<em>\u201cilgili ki\u015finin temel hak ve \u00f6zg\u00fcrl\u00fcklerine zarar vermemek kayd\u0131yla, veri sorumlusunun me\u015fru menfaatleri i\u00e7in zorunlu olmas\u0131\u201d<\/em>\u00a0hukuka uygunluk sebeplerinden bir veya birka\u00e7\u0131na dayanarak ve gereken hallerde\u00a0Kanun\u2019un 5\/1 maddesi uyar\u0131nca\u00a0<em>\u201ca\u00e7\u0131k r\u0131zan\u0131z\u0131n\u201d<\/em>\u00a0temin edilmesi suretiyle toplanmakta ve i\u015flenmektedir.<\/p>\n<p>Ki\u015fisel Verilerinizi Kimlere Aktarabiliriz?<\/p>\n<p>Ki\u015fisel verileriniz gereken hallerde, yukar\u0131da yer verilen i\u015fleme ama\u00e7lar\u0131 ile ba\u011flant\u0131l\u0131 ve Kanun\u2019un 8. maddesine uygun olarak, yurt i\u00e7inde bulunan \u00fc\u00e7\u00fcnc\u00fc ki\u015filere aktar\u0131labilecektir. Bu do\u011frultuda ki\u015fisel verileriniz, bilgi teknolojileri hizmet sa\u011flay\u0131c\u0131lar\u0131, pazar ara\u015ft\u0131rma \u015firketleri, d\u0131\u015f kaynak hizmet sa\u011flay\u0131c\u0131lar\u0131, bar\u0131nd\u0131rma hizmet sa\u011flay\u0131c\u0131lar\u0131, kargo ve lojistik hizmet sa\u011flay\u0131c\u0131lar\u0131, hukuk m\u00fc\u015favirli\u011fi, ara\u015ft\u0131rma \u015firketleri gibi hizmetlerinden faydaland\u0131\u011f\u0131m\u0131z taraflara, yasal ve resmi taleplerin ifas\u0131 gerektirdik\u00e7e mahkemeler, icra daireleri ve di\u011fer yetkili ki\u015fi, kurum ve e kurulu\u015flara aktar\u0131labilecektir. \u015eayet, bu aktar\u0131m yurt d\u0131\u015f\u0131nda bulunan bir tarafa yap\u0131lacaksa, aktar\u0131m Kanun\u2019un 9. Maddesinde yer alan \u015fartlar dahilinde yap\u0131lacakt\u0131r.<\/p>\n<p>Veri aktar\u0131m\u0131 s\u0131ras\u0131nda meydana gelebilecek hak ihlallerini \u00f6nlemek i\u00e7in gerekli teknik ve idari \u00f6nlemler \u015eirketimizce al\u0131nmaktad\u0131r.<\/p>\n<p>Ki\u015fisel Verilerin Korunmas\u0131 Kanunu\u2019nun 11. Maddesi Uyar\u0131nca Haklar\u0131n\u0131z<\/p>\n<p>Kanun\u2019un 11. maddesi uyar\u0131nca a\u015fa\u011f\u0131daki haklara sahipsiniz:<\/p>\n<p>Ki\u015fisel verilerinizin i\u015flenip i\u015flenmedi\u011fini \u00f6\u011frenme,<\/p>\n<p>\u0130\u015flenmi\u015fse buna ili\u015fkin bilgi talep etme,<\/p>\n<p>\u0130\u015flenme amac\u0131n\u0131 ve amac\u0131na uygun kullan\u0131l\u0131p kullan\u0131lmad\u0131\u011f\u0131n\u0131 \u00f6\u011frenme,<\/p>\n<p>Yurt i\u00e7inde veya yurtd\u0131\u015f\u0131nda aktar\u0131ld\u0131\u011f\u0131 \u00fc\u00e7\u00fcnc\u00fc ki\u015fileri bilme,<\/p>\n<p>Eksik\/yanl\u0131\u015f i\u015flenmi\u015fse d\u00fczeltilmesini isteme,<\/p>\n<p>Gereken \u015fartlar \u00e7er\u00e7evesinde silinmesini, yok edilmesini isteme,<\/p>\n<p>Yukar\u0131da belirtilen d\u00fczeltme, silinme ve yok edilmeye ili\u015fkin haklar\u0131n\u0131z uyar\u0131nca yap\u0131lan i\u015flemlerin, ki\u015fisel verilerinizin aktar\u0131ld\u0131\u011f\u0131 \u00fc\u00e7\u00fcnc\u00fc ki\u015filere bildirilmesini isteme,<\/p>\n<p>\u0130\u015flenen ki\u015fisel verilerinizin m\u00fcnhas\u0131ran otomatik y\u00f6ntemlerle analiz edilmesi suretiyle aleyhinize bir sonucun ortaya \u00e7\u0131kmas\u0131na itiraz etme,<\/p>\n<p>Kanuna ayk\u0131r\u0131 olarak i\u015flenmesi sebebiyle zarara u\u011framan\u0131z h\u00e2linde zarar\u0131n giderilmesini talep etme.<\/p>\n<p>Ki\u015fisel verileriniz ile ilgili taleplerinizi;<\/p>\n<ul>\n<li>\u0130kitelli O.S.B. Pikd\u00f6k\u00fcmciler San.Sit. A-3 Blok No:1 Ba\u015fak\u015fehir \u0130stanbul\u00a0 adresine g\u00f6ndererek,<\/li>\n<li>Ge\u00e7erli bir kimlik belgesi ile birlikte bizzat ba\u015fvurarak,<\/li>\n<li>Kay\u0131tl\u0131 elektronik posta (KEP) adresi ve g\u00fcvenli elektronik imza kullanmak suretiyle KEP adresimize g\u00f6ndererek,<\/li>\n<li>Sistemimizde kay\u0131tl\u0131 bulunan elektronik posta adresinden musteri@ewela.co adresimize e-posta ile g\u00f6ndererek, iletebilirsiniz.<\/li>\n<\/ul>\n<p>Ba\u015fvurular\u0131n\u0131zda;<\/p>\n<ul>\n<li>Ad, soyad\u0131 ve ba\u015fvuru yaz\u0131l\u0131 ise imzan\u0131z,<\/li>\n<li>Ba\u015fvuran T\u00fcrkiye Cumhuriyeti vatanda\u015f\u0131 ise T.C. kimlik numaras\u0131, yabanc\u0131 uyruklu ise uyruk bilgileri ve pasaport numaras\u0131 veya varsa yabanc\u0131 kimlik numaras\u0131,<\/li>\n<li>Tebligata esas yerle\u015fim yeri veya i\u015f yeri adresi,<\/li>\n<li>Varsa bildirime esas elektronik posta adresi, telefon ve\/veya faks numaras\u0131 ve<\/li>\n<li>Ba\u015fvuruya konu talepler a\u00e7\u0131k\u00e7a yer almal\u0131d\u0131r.<\/li>\n<\/ul>\n<p>Konuya ili\u015fkin bilgi ve belgeler ba\u015fvuruya eklenmelidir. \u015eirketimiz, ba\u015fvuruda bulunan ki\u015finin \u0130lgili Ki\u015fi olup olmad\u0131\u011f\u0131n\u0131 tespit etmek amac\u0131yla ba\u015fvurucudan bilgi ve belge talep etme ve yap\u0131lan ba\u015fvuruda yer alan talepleri ve bilgileri a\u00e7\u0131kl\u0131\u011fa kavu\u015fturmak amac\u0131yla, \u0130lgili Ki\u015fiye ba\u015fvurusu ile ilgili soru y\u00f6neltme haklar\u0131na sahiptir. Talebiniz en k\u0131sa s\u00fcrede, her halde en ge\u00e7 30 g\u00fcn i\u00e7erisinde cevapland\u0131r\u0131lacak ve sonu\u00e7land\u0131r\u0131lacakt\u0131r.<\/p>\n<p>\u015eirket Unvan\u0131: JONGLOR D\u0131\u015f Ticaret Limited \u015eirketi<br \/>\nAdres: \u0130kitelli O.S.B. Pikd\u00f6k\u00fcmciler San.Sit. A-3 Blok No:1 Ba\u015fak\u015fehir \u0130stanbul<br \/>\n\u0130kitelli V.D. 7291050704<br \/>\nTicaret Sicil No: 247959-5<br \/>\nMersis Numaras\u0131: 0729105070400001<br \/>\nKay\u0131tl\u0131 Elektronik Posta:\u00a0 piarkimya@hs01.kep.tr<br \/>\nTelefon No: 08503025810<\/p>\n<p>Email: musteri@ewela.co<\/p>\n<\/div><\/div><\/div><\/div><\/div>\n","protected":false},"excerpt":{"rendered":"","protected":false},"author":1,"featured_media":0,"parent":0,"menu_order":0,"comment_status":"closed","ping_status":"closed","template":"","meta":{"_acf_changed":false,"footnotes":""},"class_list":["post-9158","page","type-page","status-publish","hentry"],"acf":[],"_links":{"self":[{"href":"https:\/\/www.ewela.co\/tr\/wp-json\/wp\/v2\/pages\/9158","targetHints":{"allow":["GET"]}}],"collection":[{"href":"https:\/\/www.ewela.co\/tr\/wp-json\/wp\/v2\/pages"}],"about":[{"href":"https:\/\/www.ewela.co\/tr\/wp-json\/wp\/v2\/types\/page"}],"author":[{"embeddable":true,"href":"https:\/\/www.ewela.co\/tr\/wp-json\/wp\/v2\/users\/1"}],"replies":[{"embeddable":true,"href":"https:\/\/www.ewela.co\/tr\/wp-json\/wp\/v2\/comments?post=9158"}],"version-history":[{"count":2,"href":"https:\/\/www.ewela.co\/tr\/wp-json\/wp\/v2\/pages\/9158\/revisions"}],"predecessor-version":[{"id":9313,"href":"https:\/\/www.ewela.co\/tr\/wp-json\/wp\/v2\/pages\/9158\/revisions\/9313"}],"wp:attachment":[{"href":"https:\/\/www.ewela.co\/tr\/wp-json\/wp\/v2\/media?parent=9158"}],"curies":[{"name":"wp","href":"https:\/\/api.w.org\/{rel}","templated":true}]}}