{"id":9156,"date":"2024-12-09T13:24:40","date_gmt":"2024-12-09T10:24:40","guid":{"rendered":"https:\/\/ewela.co\/?page_id=9156"},"modified":"2025-04-14T19:59:38","modified_gmt":"2025-04-14T16:59:38","slug":"uyelik-ve-kullanim-sartlari","status":"publish","type":"page","link":"https:\/\/www.ewela.co\/tr\/uyelik-ve-kullanim-sartlari\/","title":{"rendered":"\u00dcyelik ve Kullan\u0131m \u015eartlar\u0131"},"content":{"rendered":"<div class=\"fusion-fullwidth fullwidth-box fusion-builder-row-1 fusion-flex-container has-pattern-background has-mask-background nonhundred-percent-fullwidth non-hundred-percent-height-scrolling\" style=\"--awb-border-radius-top-left:0px;--awb-border-radius-top-right:0px;--awb-border-radius-bottom-right:0px;--awb-border-radius-bottom-left:0px;--awb-flex-wrap:wrap;\" ><div class=\"fusion-builder-row fusion-row fusion-flex-align-items-flex-start fusion-flex-content-wrap\" style=\"max-width:1216.8px;margin-left: calc(-4% \/ 2 );margin-right: calc(-4% \/ 2 );\"><div class=\"fusion-layout-column fusion_builder_column fusion-builder-column-0 fusion_builder_column_1_1 1_1 fusion-flex-column\" style=\"--awb-bg-size:cover;--awb-width-large:100%;--awb-margin-top-large:0px;--awb-spacing-right-large:1.92%;--awb-margin-bottom-large:20px;--awb-spacing-left-large:1.92%;--awb-width-medium:100%;--awb-order-medium:0;--awb-spacing-right-medium:1.92%;--awb-spacing-left-medium:1.92%;--awb-width-small:100%;--awb-order-small:0;--awb-spacing-right-small:1.92%;--awb-spacing-left-small:1.92%;\"><div class=\"fusion-column-wrapper fusion-column-has-shadow fusion-flex-justify-content-flex-start fusion-content-layout-column\"><div class=\"fusion-text fusion-text-1\"><p><strong>\u00dcyelik ve Kullan\u0131m \u015eartlar\u0131<\/strong><\/p>\n<p>Sitenin Genel Kullan\u0131m \u015eartlar\u0131, Bununla \u0130lgili Genel Kurallar ve Yasal Sorumluluklar<\/p>\n<p>A\u015fa\u011f\u0131da belirtilen \u015fartlar, kurallar ve yasal sorumluluklar\u0131 i\u00e7eren Kullan\u0131c\u0131 S\u00f6zle\u015fmesi\u2019nin ewela.co (<a href=\"https:\/\/www.drsavon.com\/\">www.ewela.co<\/a>) kullan\u0131lmadan \u00f6nce okunmas\u0131 tavsiye edilir.\u00a0Belirtilen \u015fartlar\u0131n sizin i\u00e7in uygun olmamas\u0131 halinde l\u00fctfen ewela.co sitesini kullanmay\u0131n\u0131z. Siteyi kullanarak ve ki\u015fisel bilgilerinizin yer alaca\u011f\u0131 formlar\u0131 doldurarak bu sayfalarda yaz\u0131l\u0131 \u015fartlar\u0131 kabul etmi\u015f say\u0131lmaktas\u0131n\u0131z.<\/p>\n<p>JONGLOR, diledi\u011fi zaman bu yasal uyar\u0131 sayfas\u0131n\u0131n i\u00e7eri\u011fini g\u00fcncelleme yetkisini sakl\u0131 tutmaktad\u0131r ve kullan\u0131c\u0131lar\u0131na siteye her giri\u015fte yasal uyar\u0131 sayfas\u0131n\u0131 ziyaret etmelerini tavsiye etmektedir.<\/p>\n<ol>\n<li>Kullan\u0131m ve G\u00fcvenlik Kurallar\u0131<\/li>\n<\/ol>\n<p>ewela.co\u00a0t\u00fcm \u00fcyelerine a\u00e7\u0131kt\u0131r. Site \u00fczerinde verilen hizmetler aksi belirtilmedik\u00e7e \u00fccretsizdir.<\/p>\n<p>A\u015fa\u011f\u0131daki yaz\u0131l\u0131 durumlarda, site y\u00f6netimi \u00fcyenin site kullan\u0131m\u0131n\u0131 engelleyebilir ve a\u015fa\u011f\u0131daki giri\u015fimlere kar\u0131\u015fan ki\u015fi veya ki\u015filer hakk\u0131nda kanuni haklar\u0131n\u0131 sakl\u0131 tutar:<\/p>\n<p>1.a. Yanl\u0131\u015f, d\u00fczensiz, eksik ve yan\u0131lt\u0131c\u0131 bilgiler, genel ahlak kurallar\u0131na uygun olmayan ifadeler i\u00e7eren ve T\u00fcrkiye Cumhuriyeti yasalar\u0131yla ters d\u00fc\u015fen bilgilerin siteye kaydedilmesi<\/p>\n<p>1.b. \u00a0Site i\u00e7eri\u011finin izinsiz olarak k\u0131smen veya t\u00fcm\u00fcyle kopyalanmas\u0131<\/p>\n<p>1.c. Kullan\u0131c\u0131lara verilen ya da kendi belirledikleri kullan\u0131c\u0131 ad\u0131, \u015fifre gibi bilgilerin kullan\u0131m haklar\u0131n\u0131n, \u00fc\u00e7\u00fcnc\u00fc ki\u015fi ya da kurulu\u015flarla payla\u015f\u0131lmas\u0131ndan (bu bilgilerin kullan\u0131c\u0131 d\u0131\u015f\u0131ndaki ki\u015filer taraf\u0131ndan kullan\u0131lmas\u0131ndan) kaynaklanacak her t\u00fcrl\u00fc zarardan do\u011frudan Kullan\u0131c\u0131 sorumludur. Ayn\u0131 \u015fekilde Kullan\u0131c\u0131, Internet ortam\u0131nda bir ba\u015fkas\u0131na ait IP adresi, elektronik posta adresi, kullan\u0131c\u0131 ad\u0131 gibi ki\u015fisel bilgileri kullanamayaca\u011f\u0131 gibi di\u011fer kullan\u0131c\u0131lar\u0131n \u00f6zel bilgilerine de izinsiz olarak ula\u015famaz veya bunlar\u0131 kullanamaz. Kullan\u0131c\u0131 bu \u015fekilde bir kullan\u0131mdan dolay\u0131 do\u011fabilecek her t\u00fcrl\u00fc hukuki ve cezai y\u00fck\u00fcml\u00fcl\u00fc\u011f\u00fc kabul etmi\u015f say\u0131lmaktad\u0131r.<\/p>\n<p>1.d. Sitenin g\u00fcvenli\u011fini tehdit edecek, sitenin ve kullan\u0131lan yaz\u0131l\u0131mlar\u0131n \u00e7al\u0131\u015fmas\u0131n\u0131 engelleyecek yaz\u0131l\u0131mlar\u0131n kullan\u0131lmas\u0131, faaliyetlerin yap\u0131lmas\u0131, yap\u0131lmaya \u00e7al\u0131\u015f\u0131lmas\u0131 ve bilgilerin al\u0131nmas\u0131, silinmesi, de\u011fi\u015ftirilmesi<\/p>\n<ol>\n<li>\u0130\u00e7erik Kullan\u0131m\u0131<\/li>\n<\/ol>\n<p>2.a. ewela.co&#8217;da sunulan g\u00f6rsel ve yaz\u0131l\u0131 i\u00e7erik, ki\u015fisel kullan\u0131m i\u00e7indir. ewela.co i\u00e7eri\u011finde yer alan b\u00fct\u00fcn alan ad\u0131, logo, ikon, demonstratif, yaz\u0131l\u0131, elektronik, grafik veya makinede okunabilir \u015fekilde sunulan teknik veriler, uygulanan sat\u0131\u015f sistemi, i\u015f metodu ve i\u015f modeli de dahil t\u00fcm materyallerin (\u201cMateryaller\u201d) ve bunlara ili\u015fkin fikri ve s\u0131nai m\u00fclkiyet haklar\u0131n\u0131n sahibi veya lisans sahibidir ve yasal koruma alt\u0131ndad\u0131r. Aksi belirtilmedik\u00e7e ticari ya da ki\u015fisel ama\u00e7larla izinsiz veya kaynak g\u00f6stermeksizin kullan\u0131lamaz. Bu sitede yer alan herhangi bir unsuru di\u011fer bir mecrada veya internet sitesinde yay\u0131nlamak veya JONGLOR&#8217;in\u00a0izni olmadan link vermek yasakt\u0131r.<\/p>\n<p>2.b. Bu sayfalar\u0131n tasar\u0131m\u0131nda ve veritaban\u0131 olu\u015fturulmas\u0131nda kullan\u0131lan yaz\u0131l\u0131m\u0131n hakk\u0131 JONGLOR&#8217;e aittir. Bahsi ge\u00e7en yaz\u0131l\u0131m\u0131n kopyalanmas\u0131 veya kullan\u0131lmas\u0131 kesinlikle yasakt\u0131r.<\/p>\n<p>2.c. ewela.co\u2019a iletilen t\u00fcm ele\u015ftirilerin hakk\u0131 JONGLOR\u2019a aittir, istenildi\u011fi taktirde JONGLOR taraf\u0131ndan pazarlama amac\u0131yla kullan\u0131labilir.<\/p>\n<ol>\n<li>Sorumluluklar<\/li>\n<\/ol>\n<p>3a. ewela.co&#8217;u ziyaret eden kullan\u0131c\u0131lar\u0131n bilgileri (ziyaret s\u00fcresi, zaman\u0131, g\u00f6r\u00fcnt\u00fclenen sayfalar) onlara daha iyi hizmet edebilmek amac\u0131 ile takip edilmektedir.\u00a0Bu husustaki detayl\u0131 a\u00e7\u0131klamalar ve\u00a0uygulama i\u00e7in www.ewela.co\/kisisel-verilerin-korunmasi linkinde bulunan KVKK Metnine bak\u0131n\u0131z<\/p>\n<p>3.b. ewela.co kullan\u0131c\u0131s\u0131, kay\u0131t i\u00e7in gerekli olan b\u00f6l\u00fcmleri doldurup kayd\u0131n\u0131 onaylad\u0131ktan sonra\u00a0 i\u015fbu s\u00f6zle\u015fmede belirtilen \u015fartlara uymak ko\u015fulu ile, elektronik posta adresini ve \u015fifresini girerek ewela.co sitesini kullanmaya ba\u015flayabilir.<\/p>\n<p>3.c. Kullan\u0131c\u0131, ewela.co sitesi ve hizmetlerinden yararlan\u0131rken, T\u00fcrk Ceza Kanunu, T\u00fcrk Ticaret Kanunu, Fikir ve Sanat Eserleri Kanunu, Marka ve Patent Haklar\u0131n\u0131n Korunmas\u0131 ile ilgili Kanun H\u00fckm\u00fcnde Kararnameler ve yasal d\u00fczenlemeler, Bor\u00e7lar Yasas\u0131, di\u011fer ilgili mevzuat h\u00fck\u00fcmleri ile ewela.co&#8217;un hizmetlerine ili\u015fkin olarak yay\u0131mlayaca\u011f\u0131 her t\u00fcrl\u00fc duyuru ve bildirimlere uymay\u0131 kabul eder. Bu bildirimlere ve yasalara ayk\u0131r\u0131 kullan\u0131m sebebiyle do\u011fabilecek hukuki, cezai ve mali her t\u00fcrl\u00fc sorumluluk Kullan\u0131c\u0131ya aittir.<\/p>\n<p>3.d. Kullan\u0131c\u0131n\u0131n i\u015fbu s\u00f6zle\u015fmede belirtilen y\u00fck\u00fcml\u00fcl\u00fcklere veya ewela.co sitesinde bildirilen genel kurallara uymamas\u0131n\u0131n tespiti halinde, Kullan\u0131c\u0131n\u0131n ewela.co&#8217;dan yararlanmas\u0131 JONGLOR taraf\u0131ndan s\u00fcreli veya s\u00fcresiz olarak engellenebilir ve\/veya hesab\u0131 kapat\u0131labilir.<\/p>\n<p>3.e. Kullan\u0131c\u0131, di\u011fer kullan\u0131c\u0131lar\u0131n ve ziyaret\u00e7ilerin ewela.co&#8217;u kullanmas\u0131n\u0131 \u00f6nleyici veya zorla\u015ft\u0131r\u0131c\u0131 hareketlerde bulunamaz, sunucular\u0131 ya da veritabanlar\u0131n\u0131 otomatik programlar y\u00fckleyip zorlayamaz\/kilitleyemez. Hile giri\u015fimlerinde bulunamaz. Bulunmas\u0131 halinde \u00fcyeli\u011finin sonland\u0131r\u0131laca\u011f\u0131n\u0131 ve durumdan do\u011fabilecek her t\u00fcrl\u00fc hukuki, cezai sorumlulu\u011fu kabul eder.<\/p>\n<p>3.f. ewela.co ile yap\u0131lan mesajla\u015fmalar\u0131n yede\u011finin al\u0131nmas\u0131 ki\u015filerin sorumlulu\u011fundad\u0131r ve JONGLOR taraf\u0131ndan \u00f6nerilmektedir. Mesajla\u015fmalar\u0131n yedeklerinin al\u0131nmamas\u0131 nedeniyle kaybolmas\u0131ndan, silinmesinden veya hasar g\u00f6rmesinden JONGLOR sorumlu tutulamaz.<\/p>\n<p>3.g. Kullan\u0131c\u0131 , ewela.co&#8217;dan kopyalanm\u0131\u015f veya yaz\u0131c\u0131 ile yazd\u0131r\u0131lm\u0131\u015f hi\u00e7bir materyal \u00fczerinden Telif Hakk\u0131, Ticari Marka ve her t\u00fcrl\u00fc Fikir ve Sanat Eserleri Kanunu kapsam\u0131 notlar\u0131n\u0131 silemez veya \u00e7\u0131kartamaz.<\/p>\n<p>3.h. \u00dcyelik iptali ve hesap silme i\u015flemi, kullan\u0131c\u0131 taraf\u0131ndan ewela.co site y\u00f6netimine bildirilerek yap\u0131labilir. \u00dcyeli\u011fini bitiren kullan\u0131c\u0131n\u0131n siteye giri\u015f yetkisi iptal edilecektir. \u00dcyeli\u011fini iptal eden ki\u015fi bu i\u015flemin geri d\u00f6n\u00fc\u015f\u00fc olmad\u0131\u011f\u0131n\u0131 kabul eder.<\/p>\n<p>3.i.\u00a0ewela.co ya da kullan\u0131c\u0131n\u0131n kendisi taraf\u0131ndan sonland\u0131r\u0131lan kullan\u0131c\u0131 hesab\u0131na ait her t\u00fcrl\u00fc kayd\u0131n silinmesi\u00a0hususunda Ki\u015fisel Verilerin Korunmas\u0131 ile ilgili\u00a0mevzuat ile www.ewela.co\/kisisel-verilerin-korunmasi linkinde yer alan h\u00fck\u00fcmler uygulan\u0131r.\u00a0Kullan\u0131c\u0131 silinen kay\u0131tlarla ilgili herhangi bir hak veya tazminat talebinde bulunamaz.<\/p>\n<p>3.j. Site kullan\u0131c\u0131lar\u0131n\u0131n birbirleri ya da \u00fc\u00e7\u00fcnc\u00fc \u015fah\u0131slarla olan ili\u015fkileri ki\u015filerin sorumlulu\u011fundad\u0131r.<\/p>\n<p>3.k. ewela.co kontrol\u00fc alt\u0131nda olmayan ba\u015fka internet sitelerine ba\u011flant\u0131 veya referans i\u00e7erebilir. JONGLOR, bu sitelerin i\u00e7erikleri veya i\u00e7erdikleri di\u011fer ba\u011flant\u0131lardan sorumlu de\u011fildir.<\/p>\n<p>3.l. JONGLOR, kullan\u0131m \u015fartlar\u0131, gizlilik prensipleri ve ge\u00e7erli yasal d\u00fczenlemelere ba\u011fl\u0131 kalmak kayd\u0131yla, kullan\u0131c\u0131 hesab\u0131n\u0131za ba\u011fl\u0131 olan b\u00fct\u00fcn bilgileri\u00a0Ki\u015fisel Verilerin Korunmas\u0131 ile ilgili\u00a0mevzuat ile\u00a0<a href=\"https:\/\/www.drsavon.com\/kisisel-verilerin-korunmasi\">www.ewela.co\/kisisel-verilerin-korunmasi<\/a>\u00a0linkinde yer alan h\u00fck\u00fcmleri uygular.<\/p>\n<p>3.m. Sitenin belirli yerlerinde o b\u00f6l\u00fcme \u00f6zel farkl\u0131 kurallar ve y\u00fck\u00fcml\u00fcl\u00fckler belirtilebilir. Bu b\u00f6l\u00fcmleri kullanan ki\u015fi ve kurulu\u015flar pe\u015finen belirtilen bu kurallar\u0131 kabul etmi\u015f say\u0131l\u0131r.<\/p>\n<p>3.n. Kullan\u0131c\u0131 site \u00fczerinden yapaca\u011f\u0131 al\u0131\u015fveri\u015flerde kullanaca\u011f\u0131 \u00f6deme bilgilerinin (kredi kart\u0131, GSM numaras\u0131 bilgileri v.b.) do\u011fru oldu\u011funu, bunlardan kaynaklanan hukuki ve cezai sorumluluklar\u0131n kendisine ait oldu\u011funu kabul ve taahh\u00fct eder.<\/p>\n<p>3.o.\u00a0Kullan\u0131c\u0131, servisten faydalanmaya ba\u015fland\u0131\u011f\u0131 andan itibaren bu kat\u0131l\u0131m s\u00f6zle\u015fmesinin t\u00fcm h\u00fck\u00fcmlerini kabul etmi\u015f say\u0131laca\u011f\u0131n\u0131 ve s\u00f6zle\u015fmenin kendisi hakk\u0131nda h\u00fck\u00fcm ifade edece\u011fini kabul eder. Kullan\u0131c\u0131 i\u015fbu s\u00f6zle\u015fme ile \u00fcstlenmi\u015f oldu\u011fu y\u00fck\u00fcml\u00fcl\u00fcklere ayk\u0131r\u0131 hareketi nedeniyle JONGLOR&#8217;in u\u011frayaca\u011f\u0131 her t\u00fcrl\u00fc zarar\u0131 aynen tazmin etmeyi kabul eder. JONGLOR, Kullan\u0131c\u0131n\u0131n s\u00f6zle\u015fmeye ayk\u0131r\u0131 davran\u0131\u015flar\u0131 nedeniyle kamu kurumlar\u0131na ve\/veya \u00fc\u00e7\u00fcnc\u00fc \u015fah\u0131slara \u00f6demek zorunda kalabilece\u011fi her t\u00fcrl\u00fc tazminat ve\/veya idari\/adli para cezalar\u0131 i\u00e7in Kullan\u0131c\u0131ya aynen r\u00fccu hakk\u0131na sahiptir.<\/p>\n<ol>\n<li>JONGLOR&#8217;in Hak ve Y\u00fck\u00fcml\u00fcl\u00fckleri<\/li>\n<\/ol>\n<p>4.a. JONGLOR, kullan\u0131c\u0131n\u0131n s\u00f6zle\u015fme konusu hizmetlerden, teknik ar\u0131zalar d\u0131\u015f\u0131nda, yararland\u0131r\u0131lacakt\u0131r. Kullan\u0131c\u0131n\u0131n ewela.co sitesinin \u00e7al\u0131\u015fmas\u0131na engel olacak herhangi bir elektronik sabotaj, kazan\u00e7lara m\u00fcdahale ama\u00e7l\u0131 giri\u015fimler ve\/veya sald\u0131r\u0131ya neden oldu\u011funun tespit edilmesi veya resmi makamlardan, \u00fcyeye y\u00f6nelik su\u00e7\u00a0duyurusu ya da resmi soru\u015fturma talebi gelmesi ve\/veya Ki\u015fisel Verilerin Korunmas\u0131 Kanunu, ilgili yasal d\u00fczenlemeler ve www.ewela.co\/kisisel-verilerin-korunmasi linkinde yer alan hallerde, ewela.co ilgili \u00fcyenin kimlik bilgilerini ara\u015ft\u0131rma ve a\u00e7\u0131klama hakk\u0131na sahiptir.<\/p>\n<p>4.b. JONGLOR taahh\u00fct etti\u011fi hizmetlerin s\u00fcreklili\u011fini sa\u011flamak i\u00e7in, i\u015fbu s\u00f6zle\u015fmede herhangi bir bildirimde bulunmaks\u0131z\u0131n tek tarafl\u0131 de\u011fi\u015fiklik yapabilir. JONGLOR&#8217;in her zaman herhangi bir gerek\u00e7e g\u00f6stermeksizin, tek tarafl\u0131 olarak verdi\u011fi hizmeti s\u00fcrekli veya ge\u00e7ici olarak durdurma, servisin i\u00e7eri\u011fini de\u011fi\u015ftirme veya iptal etme hakk\u0131 vard\u0131r. Kullan\u0131c\u0131 i\u015fbu hakk\u0131 kabul eder. JONGLOR, herhangi bir de\u011fi\u015fiklik olmas\u0131 halinde g\u00fcncel kullan\u0131m \u015fartlar\u0131n\u0131 ayn\u0131 link alt\u0131nda sitesinde yay\u0131nlanacak, gerek g\u00f6rmesi halinde elektronik posta ile kullan\u0131c\u0131lar\u0131na bildirilecektir. Yenilenmi\u015f g\u00fcncel kullan\u0131m \u015fartlar\u0131, ewela.co&#8217;da yay\u0131nland\u0131\u011f\u0131 andan itibaren ge\u00e7erli olacak ve ewela.co sitesinin veya hizmetlerinin kullan\u0131m\u0131 o andan itibaren yenilenmi\u015f kullan\u0131m \u015fartlar\u0131na ba\u011fl\u0131 olacakt\u0131r.<\/p>\n<p>4.c.\u00a0\u0130\u015fbu s\u00f6zle\u015fme h\u00fck\u00fcmlerine ayk\u0131r\u0131 materyalleri ewela.co sitesine g\u00f6ndermi\u015f olan \u00fcyenin \u00fcyeli\u011fi, herhangi bir bildirim yap\u0131lmaks\u0131z\u0131n JONGLOR taraf\u0131ndan tek tarafl\u0131 olarak sona erdirilebilir.<\/p>\n<ol>\n<li>S\u00f6zle\u015fmenin Y\u00fcr\u00fcrl\u00fc\u011fe Girmesi<\/li>\n<\/ol>\n<p>5.a. Kullan\u0131c\u0131, kay\u0131t formunu doldurup onaylad\u0131\u011f\u0131 ya da bu sistemi kullanarak herhangi bir hizmet ald\u0131\u011f\u0131 ya da sipari\u015f verdi\u011fi andan itibaren ewela.co s\u00f6zle\u015fmesine uymay\u0131 taahh\u00fct etmi\u015f kabul edilir.\u00a0S\u00f6zle\u015fme, \u00fcyeli\u011fin sona ermesi ile veya i\u015fbu s\u00f6zle\u015fmede say\u0131lan fesih hallerinden herhangi birinin ger\u00e7ekle\u015fmesi ile hi\u00e7bir uyar\u0131ya gerek kalmaks\u0131z\u0131n kendili\u011finden h\u00fck\u00fcms\u00fcz kalacakt\u0131r.<\/p>\n<ol>\n<li>Yetkili Mahkeme ve Uyu\u015fmazl\u0131klar\u0131n \u00c7\u00f6z\u00fcm\u00fc<\/li>\n<\/ol>\n<p>6.a. Bu s\u00f6zle\u015fmenin uygulanmas\u0131ndan do\u011fabilecek uyu\u015fmazl\u0131klar\u0131n \u00e7\u00f6z\u00fcm\u00fcnde \u0130stanbul Anadolu Mahkemeleri ve \u0130cra Daireleri yetkili k\u0131l\u0131nm\u0131\u015ft\u0131r.<\/p>\n<ol>\n<li>Tebligat Adresleri<\/li>\n<\/ol>\n<p>7.a. ewela.co sitesi kullan\u0131c\u0131lar\u0131ndan pe\u015finen posta adreslerini istememektedir. Ancak kullan\u0131c\u0131n\u0131n ewela.co&#8217;a bildirdi\u011fi elektronik posta adresi, bu s\u00f6zle\u015fme ile ilgili olarak yap\u0131lacak her t\u00fcrl\u00fc bildirim i\u00e7in yasal adresin istenece\u011fi elektronik posta olarak kabul edilir.<\/p>\n<p>7.b. Taraflar, mevcut elektronik postalar\u0131ndaki de\u011fi\u015fiklikleri yaz\u0131l\u0131 olarak di\u011fer tarafa 3 (\u00fc\u00e7) g\u00fcn i\u00e7inde bildirmedik\u00e7e, eski elektronik postalara yap\u0131lacak isteklerin ge\u00e7erli olaca\u011f\u0131n\u0131 ve kendilerine yap\u0131lm\u0131\u015f say\u0131laca\u011f\u0131n\u0131 kabul ederler.<\/p>\n<p>7.c. Yine ewela.co&#8217;un kullan\u0131c\u0131n\u0131n kay\u0131tl\u0131 elektronik posta adresini kullanarak yapaca\u011f\u0131 her t\u00fcrl\u00fc bildirimin elektronik postan\u0131n ewela.co taraf\u0131ndan yollanmas\u0131ndan 1 (bir) g\u00fcn sonra kullan\u0131c\u0131ya ula\u015ft\u0131\u011f\u0131 kabul edilecektir. Kullan\u0131c\u0131, bu kat\u0131l\u0131m s\u00f6zle\u015fmesinde yer alan maddelerin t\u00fcm\u00fcn\u00fc okudu\u011funu, anlad\u0131\u011f\u0131n\u0131, kabul etti\u011fini ve kendisiyle ilgili olarak verdi\u011fi bilgilerin do\u011frulu\u011funu onaylad\u0131\u011f\u0131n\u0131 beyan, kabul ve taahh\u00fct eder.<\/p>\n<p>\u015eirket Unvan\u0131: JONGLOR D\u0131\u015f Ticaret Limited \u015eirketi<\/p>\n<p>Adres: \u0130kitelli O.S.B. Pikd\u00f6k\u00fcmc\u00fcler San.Sit. A-3 Blok No:1 Ba\u015fak\u015fehir \u0130stanbul<br \/>\n\u0130kitelli V.D. 7291050704<br \/>\nTicaret Sicil No: 247959-5<br \/>\nMersis Numaras\u0131: 0729105070400001<br \/>\nKay\u0131tl\u0131 Elektronik Posta:\u00a0piarkimya@hs01.kep.tr<br \/>\nTelefon No: 08503025810<\/p>\n<\/div><\/div><\/div><\/div><\/div>\n","protected":false},"excerpt":{"rendered":"","protected":false},"author":1,"featured_media":0,"parent":0,"menu_order":0,"comment_status":"closed","ping_status":"closed","template":"","meta":{"_acf_changed":false,"footnotes":""},"class_list":["post-9156","page","type-page","status-publish","hentry"],"acf":[],"_links":{"self":[{"href":"https:\/\/www.ewela.co\/tr\/wp-json\/wp\/v2\/pages\/9156","targetHints":{"allow":["GET"]}}],"collection":[{"href":"https:\/\/www.ewela.co\/tr\/wp-json\/wp\/v2\/pages"}],"about":[{"href":"https:\/\/www.ewela.co\/tr\/wp-json\/wp\/v2\/types\/page"}],"author":[{"embeddable":true,"href":"https:\/\/www.ewela.co\/tr\/wp-json\/wp\/v2\/users\/1"}],"replies":[{"embeddable":true,"href":"https:\/\/www.ewela.co\/tr\/wp-json\/wp\/v2\/comments?post=9156"}],"version-history":[{"count":2,"href":"https:\/\/www.ewela.co\/tr\/wp-json\/wp\/v2\/pages\/9156\/revisions"}],"predecessor-version":[{"id":9314,"href":"https:\/\/www.ewela.co\/tr\/wp-json\/wp\/v2\/pages\/9156\/revisions\/9314"}],"wp:attachment":[{"href":"https:\/\/www.ewela.co\/tr\/wp-json\/wp\/v2\/media?parent=9156"}],"curies":[{"name":"wp","href":"https:\/\/api.w.org\/{rel}","templated":true}]}}